{"id":4170,"date":"2026-02-02T11:38:49","date_gmt":"2026-02-02T03:38:49","guid":{"rendered":"https:\/\/rewaeu.com\/?post_type=product&#038;p=4170"},"modified":"2026-02-02T11:44:42","modified_gmt":"2026-02-02T03:44:42","slug":"sostituzione-del-digitalizzatore-dello-schermo-dellipad","status":"publish","type":"product","link":"https:\/\/rewaeu.com\/it\/product\/repart-ipad-screen-digitizer-replacement\/","title":{"rendered":"Sostituzione del digitalizzatore dello schermo dell'iPad REPART"},"content":{"rendered":"<p>The REPART iPad Screen Digitizer Replacement is designed to restore your iPad&#8217;s functionality with precision and durability. Its <strong>high-density touch array<\/strong> ensures accurate and responsive touch detection, making every swipe and tap seamless. It can withstand drops from up to 90cm thanks to chemically strengthened glass, which has been tested against everyday accidental drops with a 64g iron ball.<\/p>\n\n\n\n<p>The screen features a <strong>special oleophobic coating<\/strong> for a smooth, fingerprint-resistant touch experience. With an <strong>OEM-identical connector<\/strong>, it includes electromagnetic film for ESD protection, ensuring safe and reliable performance. Installation is hassle-free, as it comes <strong>pre-installed with necessary parts<\/strong>, saving time and effort.<\/p>\n\n\n<style>.wp-block-kadence-advancedgallery .kb-gallery-type-masonry.kb-gallery-id-4170_e3c7ff-d0{margin:-0px;}.kb-gallery-type-masonry.kb-gallery-id-4170_e3c7ff-d0 .kadence-blocks-gallery-item{padding:0px;}.kb-gallery-id-4170_e3c7ff-d0 .kadence-blocks-gallery-item .kb-gal-image-radius, .kb-gallery-id-4170_e3c7ff-d0 .kb-slide-item .kb-gal-image-radius img{border-radius:0px 0px 0px 0px;;}<\/style><div class=\"kb-gallery-wrap-id-4170_e3c7ff-d0 alignnone wp-block-kadence-advancedgallery\"><ul class=\"kb-gallery-ul kb-gallery-non-static kb-gallery-type-masonry kb-masonry-init kb-gallery-id-4170_e3c7ff-d0 kb-gallery-caption-style-bottom-hover kb-gallery-filter-none kb-gallery-magnific-init\" data-image-filter=\"none\" data-item-selector=\".kadence-blocks-gallery-item\" data-lightbox-caption=\"true\" data-columns-xxl=\"1\" data-columns-xl=\"1\" data-columns-md=\"1\" data-columns-sm=\"1\" data-columns-xs=\"1\" data-columns-ss=\"1\"><li class=\"kadence-blocks-gallery-item\"><div class=\"kadence-blocks-gallery-item-inner\"><figure class=\"kb-gallery-figure kb-gallery-item-has-link kadence-blocks-gallery-item-hide-caption\"><a href=\"https:\/\/rewaeu.com\/wp-content\/uploads\/2026\/01\/ipad-screen-digitizer-replacement-details-01.webp\" class=\"kb-gallery-item-link\"   role=\"button\" aria-haspopup=\"dialog\"><div class=\"kb-gal-image-radius\" style=\"max-width:1536px;\"><div class=\"kb-gallery-image-contain kadence-blocks-gallery-intrinsic\" style=\"padding-bottom:58%;\"><img decoding=\"async\" src=\"https:\/\/rewaeu.com\/wp-content\/uploads\/2026\/01\/ipad-screen-digitizer-replacement-details-01-1536x902.webp\" width=\"1536\" height=\"902\" alt=\"\" data-full-image=\"https:\/\/rewaeu.com\/wp-content\/uploads\/2026\/01\/ipad-screen-digitizer-replacement-details-01.webp\" data-light-image=\"https:\/\/rewaeu.com\/wp-content\/uploads\/2026\/01\/ipad-screen-digitizer-replacement-details-01.webp\" data-id=\"4171\" class=\"wp-image-4171\" srcset=\"https:\/\/rewaeu.com\/wp-content\/uploads\/2026\/01\/ipad-screen-digitizer-replacement-details-01-1536x902.webp 1536w, https:\/\/rewaeu.com\/wp-content\/uploads\/2026\/01\/ipad-screen-digitizer-replacement-details-01-300x176.webp 300w, https:\/\/rewaeu.com\/wp-content\/uploads\/2026\/01\/ipad-screen-digitizer-replacement-details-01-1024x602.webp 1024w, https:\/\/rewaeu.com\/wp-content\/uploads\/2026\/01\/ipad-screen-digitizer-replacement-details-01-768x451.webp 768w, https:\/\/rewaeu.com\/wp-content\/uploads\/2026\/01\/ipad-screen-digitizer-replacement-details-01-18x12.webp 18w, https:\/\/rewaeu.com\/wp-content\/uploads\/2026\/01\/ipad-screen-digitizer-replacement-details-01-800x470.webp 800w, https:\/\/rewaeu.com\/wp-content\/uploads\/2026\/01\/ipad-screen-digitizer-replacement-details-01.webp 1600w\" sizes=\"(max-width: 1536px) 100vw, 1536px\" \/><\/div><\/div><\/a><\/figure><\/div><\/li><li class=\"kadence-blocks-gallery-item\"><div class=\"kadence-blocks-gallery-item-inner\"><figure class=\"kb-gallery-figure kb-gallery-item-has-link kadence-blocks-gallery-item-hide-caption\"><a href=\"https:\/\/rewaeu.com\/wp-content\/uploads\/2026\/01\/ipad-screen-digitizer-replacement-details-02.webp\" class=\"kb-gallery-item-link\"   role=\"button\" aria-haspopup=\"dialog\"><div class=\"kb-gal-image-radius\" style=\"max-width:1536px;\"><div class=\"kb-gallery-image-contain kadence-blocks-gallery-intrinsic\" style=\"padding-bottom:58%;\"><img decoding=\"async\" src=\"https:\/\/rewaeu.com\/wp-content\/uploads\/2026\/01\/ipad-screen-digitizer-replacement-details-02-1536x902.webp\" width=\"1536\" height=\"902\" alt=\"\" data-full-image=\"https:\/\/rewaeu.com\/wp-content\/uploads\/2026\/01\/ipad-screen-digitizer-replacement-details-02.webp\" data-light-image=\"https:\/\/rewaeu.com\/wp-content\/uploads\/2026\/01\/ipad-screen-digitizer-replacement-details-02.webp\" data-id=\"4172\" class=\"wp-image-4172\" srcset=\"https:\/\/rewaeu.com\/wp-content\/uploads\/2026\/01\/ipad-screen-digitizer-replacement-details-02-1536x902.webp 1536w, https:\/\/rewaeu.com\/wp-content\/uploads\/2026\/01\/ipad-screen-digitizer-replacement-details-02-300x176.webp 300w, https:\/\/rewaeu.com\/wp-content\/uploads\/2026\/01\/ipad-screen-digitizer-replacement-details-02-1024x602.webp 1024w, https:\/\/rewaeu.com\/wp-content\/uploads\/2026\/01\/ipad-screen-digitizer-replacement-details-02-768x451.webp 768w, https:\/\/rewaeu.com\/wp-content\/uploads\/2026\/01\/ipad-screen-digitizer-replacement-details-02-18x12.webp 18w, https:\/\/rewaeu.com\/wp-content\/uploads\/2026\/01\/ipad-screen-digitizer-replacement-details-02-800x470.webp 800w, https:\/\/rewaeu.com\/wp-content\/uploads\/2026\/01\/ipad-screen-digitizer-replacement-details-02.webp 1600w\" sizes=\"(max-width: 1536px) 100vw, 1536px\" \/><\/div><\/div><\/a><\/figure><\/div><\/li><li class=\"kadence-blocks-gallery-item\"><div class=\"kadence-blocks-gallery-item-inner\"><figure class=\"kb-gallery-figure kb-gallery-item-has-link kadence-blocks-gallery-item-hide-caption\"><a href=\"https:\/\/rewaeu.com\/wp-content\/uploads\/2026\/01\/ipad-screen-digitizer-replacement-details-03.webp\" class=\"kb-gallery-item-link\"   role=\"button\" aria-haspopup=\"dialog\"><div class=\"kb-gal-image-radius\" style=\"max-width:1536px;\"><div class=\"kb-gallery-image-contain kadence-blocks-gallery-intrinsic\" style=\"padding-bottom:58%;\"><img decoding=\"async\" src=\"https:\/\/rewaeu.com\/wp-content\/uploads\/2026\/01\/ipad-screen-digitizer-replacement-details-03-1536x902.webp\" width=\"1536\" height=\"902\" alt=\"\" data-full-image=\"https:\/\/rewaeu.com\/wp-content\/uploads\/2026\/01\/ipad-screen-digitizer-replacement-details-03.webp\" data-light-image=\"https:\/\/rewaeu.com\/wp-content\/uploads\/2026\/01\/ipad-screen-digitizer-replacement-details-03.webp\" data-id=\"4173\" class=\"wp-image-4173\" srcset=\"https:\/\/rewaeu.com\/wp-content\/uploads\/2026\/01\/ipad-screen-digitizer-replacement-details-03-1536x902.webp 1536w, https:\/\/rewaeu.com\/wp-content\/uploads\/2026\/01\/ipad-screen-digitizer-replacement-details-03-300x176.webp 300w, https:\/\/rewaeu.com\/wp-content\/uploads\/2026\/01\/ipad-screen-digitizer-replacement-details-03-1024x602.webp 1024w, https:\/\/rewaeu.com\/wp-content\/uploads\/2026\/01\/ipad-screen-digitizer-replacement-details-03-768x451.webp 768w, https:\/\/rewaeu.com\/wp-content\/uploads\/2026\/01\/ipad-screen-digitizer-replacement-details-03-18x12.webp 18w, https:\/\/rewaeu.com\/wp-content\/uploads\/2026\/01\/ipad-screen-digitizer-replacement-details-03-800x470.webp 800w, https:\/\/rewaeu.com\/wp-content\/uploads\/2026\/01\/ipad-screen-digitizer-replacement-details-03.webp 1600w\" sizes=\"(max-width: 1536px) 100vw, 1536px\" \/><\/div><\/div><\/a><\/figure><\/div><\/li><li class=\"kadence-blocks-gallery-item\"><div class=\"kadence-blocks-gallery-item-inner\"><figure class=\"kb-gallery-figure kb-gallery-item-has-link kadence-blocks-gallery-item-hide-caption\"><a href=\"https:\/\/rewaeu.com\/wp-content\/uploads\/2026\/01\/ipad-screen-digitizer-replacement-details-04.webp\" class=\"kb-gallery-item-link\"   role=\"button\" aria-haspopup=\"dialog\"><div class=\"kb-gal-image-radius\" style=\"max-width:1536px;\"><div class=\"kb-gallery-image-contain kadence-blocks-gallery-intrinsic\" style=\"padding-bottom:58%;\"><img decoding=\"async\" src=\"https:\/\/rewaeu.com\/wp-content\/uploads\/2026\/01\/ipad-screen-digitizer-replacement-details-04-1536x902.webp\" width=\"1536\" height=\"902\" alt=\"\" data-full-image=\"https:\/\/rewaeu.com\/wp-content\/uploads\/2026\/01\/ipad-screen-digitizer-replacement-details-04.webp\" data-light-image=\"https:\/\/rewaeu.com\/wp-content\/uploads\/2026\/01\/ipad-screen-digitizer-replacement-details-04.webp\" data-id=\"4174\" class=\"wp-image-4174\" srcset=\"https:\/\/rewaeu.com\/wp-content\/uploads\/2026\/01\/ipad-screen-digitizer-replacement-details-04-1536x902.webp 1536w, https:\/\/rewaeu.com\/wp-content\/uploads\/2026\/01\/ipad-screen-digitizer-replacement-details-04-300x176.webp 300w, https:\/\/rewaeu.com\/wp-content\/uploads\/2026\/01\/ipad-screen-digitizer-replacement-details-04-1024x602.webp 1024w, https:\/\/rewaeu.com\/wp-content\/uploads\/2026\/01\/ipad-screen-digitizer-replacement-details-04-768x451.webp 768w, https:\/\/rewaeu.com\/wp-content\/uploads\/2026\/01\/ipad-screen-digitizer-replacement-details-04-18x12.webp 18w, https:\/\/rewaeu.com\/wp-content\/uploads\/2026\/01\/ipad-screen-digitizer-replacement-details-04-800x470.webp 800w, https:\/\/rewaeu.com\/wp-content\/uploads\/2026\/01\/ipad-screen-digitizer-replacement-details-04.webp 1600w\" sizes=\"(max-width: 1536px) 100vw, 1536px\" \/><\/div><\/div><\/a><\/figure><\/div><\/li><li class=\"kadence-blocks-gallery-item\"><div class=\"kadence-blocks-gallery-item-inner\"><figure class=\"kb-gallery-figure kb-gallery-item-has-link kadence-blocks-gallery-item-hide-caption\"><a href=\"https:\/\/rewaeu.com\/wp-content\/uploads\/2026\/01\/ipad-screen-digitizer-replacement-details-05.webp\" class=\"kb-gallery-item-link\"   role=\"button\" aria-haspopup=\"dialog\"><div class=\"kb-gal-image-radius\" style=\"max-width:1536px;\"><div class=\"kb-gallery-image-contain kadence-blocks-gallery-intrinsic\" style=\"padding-bottom:58%;\"><img decoding=\"async\" src=\"https:\/\/rewaeu.com\/wp-content\/uploads\/2026\/01\/ipad-screen-digitizer-replacement-details-05-1536x902.webp\" width=\"1536\" height=\"902\" alt=\"\" data-full-image=\"https:\/\/rewaeu.com\/wp-content\/uploads\/2026\/01\/ipad-screen-digitizer-replacement-details-05.webp\" data-light-image=\"https:\/\/rewaeu.com\/wp-content\/uploads\/2026\/01\/ipad-screen-digitizer-replacement-details-05.webp\" data-id=\"4175\" class=\"wp-image-4175\" srcset=\"https:\/\/rewaeu.com\/wp-content\/uploads\/2026\/01\/ipad-screen-digitizer-replacement-details-05-1536x902.webp 1536w, https:\/\/rewaeu.com\/wp-content\/uploads\/2026\/01\/ipad-screen-digitizer-replacement-details-05-300x176.webp 300w, https:\/\/rewaeu.com\/wp-content\/uploads\/2026\/01\/ipad-screen-digitizer-replacement-details-05-1024x602.webp 1024w, https:\/\/rewaeu.com\/wp-content\/uploads\/2026\/01\/ipad-screen-digitizer-replacement-details-05-768x451.webp 768w, https:\/\/rewaeu.com\/wp-content\/uploads\/2026\/01\/ipad-screen-digitizer-replacement-details-05-18x12.webp 18w, https:\/\/rewaeu.com\/wp-content\/uploads\/2026\/01\/ipad-screen-digitizer-replacement-details-05-800x470.webp 800w, https:\/\/rewaeu.com\/wp-content\/uploads\/2026\/01\/ipad-screen-digitizer-replacement-details-05.webp 1600w\" sizes=\"(max-width: 1536px) 100vw, 1536px\" \/><\/div><\/div><\/a><\/figure><\/div><\/li><li class=\"kadence-blocks-gallery-item\"><div class=\"kadence-blocks-gallery-item-inner\"><figure class=\"kb-gallery-figure kb-gallery-item-has-link kadence-blocks-gallery-item-hide-caption\"><a href=\"https:\/\/rewaeu.com\/wp-content\/uploads\/2026\/01\/ipad-screen-digitizer-replacement-details-06.webp\" class=\"kb-gallery-item-link\"   role=\"button\" aria-haspopup=\"dialog\"><div class=\"kb-gal-image-radius\" style=\"max-width:1536px;\"><div class=\"kb-gallery-image-contain kadence-blocks-gallery-intrinsic\" style=\"padding-bottom:58%;\"><img decoding=\"async\" src=\"https:\/\/rewaeu.com\/wp-content\/uploads\/2026\/01\/ipad-screen-digitizer-replacement-details-06-1536x902.webp\" width=\"1536\" height=\"902\" alt=\"\" data-full-image=\"https:\/\/rewaeu.com\/wp-content\/uploads\/2026\/01\/ipad-screen-digitizer-replacement-details-06.webp\" data-light-image=\"https:\/\/rewaeu.com\/wp-content\/uploads\/2026\/01\/ipad-screen-digitizer-replacement-details-06.webp\" data-id=\"4176\" class=\"wp-image-4176\" srcset=\"https:\/\/rewaeu.com\/wp-content\/uploads\/2026\/01\/ipad-screen-digitizer-replacement-details-06-1536x902.webp 1536w, https:\/\/rewaeu.com\/wp-content\/uploads\/2026\/01\/ipad-screen-digitizer-replacement-details-06-300x176.webp 300w, https:\/\/rewaeu.com\/wp-content\/uploads\/2026\/01\/ipad-screen-digitizer-replacement-details-06-1024x602.webp 1024w, https:\/\/rewaeu.com\/wp-content\/uploads\/2026\/01\/ipad-screen-digitizer-replacement-details-06-768x451.webp 768w, https:\/\/rewaeu.com\/wp-content\/uploads\/2026\/01\/ipad-screen-digitizer-replacement-details-06-18x12.webp 18w, https:\/\/rewaeu.com\/wp-content\/uploads\/2026\/01\/ipad-screen-digitizer-replacement-details-06-800x470.webp 800w, https:\/\/rewaeu.com\/wp-content\/uploads\/2026\/01\/ipad-screen-digitizer-replacement-details-06.webp 1600w\" sizes=\"(max-width: 1536px) 100vw, 1536px\" \/><\/div><\/div><\/a><\/figure><\/div><\/li><\/ul><\/div>","protected":false},"excerpt":{"rendered":"<p>Il digitalizzatore di ricambio per iPad REPART \u00e8 progettato per ripristinare la funzionalit\u00e0 del vostro iPad con precisione e durata. La sua matrice tattile ad alta densit\u00e0 garantisce un rilevamento preciso e reattivo del tocco, rendendo ogni strisciata e tocco senza soluzione di continuit\u00e0. Resiste a cadute fino a 90 cm grazie al vetro rinforzato chimicamente, testato contro le cadute accidentali di tutti i giorni con...<\/p>","protected":false},"featured_media":4201,"template":"","meta":{"_kad_blocks_custom_css":"","_kad_blocks_head_custom_js":"","_kad_blocks_body_custom_js":"","_kad_blocks_footer_custom_js":"","_kad_post_transparent":"","_kad_post_title":"","_kad_post_layout":"","_kad_post_sidebar_id":"","_kad_post_content_style":"","_kad_post_vertical_padding":"","_kad_post_feature":"","_kad_post_feature_position":"","_kad_post_header":false,"_kad_post_footer":false,"_kad_post_classname":""},"product_brand":[46],"product_cat":[141,54],"product_tag":[142,143,144],"class_list":{"0":"post-4170","1":"product","2":"type-product","3":"status-publish","4":"has-post-thumbnail","6":"product_brand-repart","7":"product_cat-ipad","8":"product_cat-screen-replacement","9":"product_tag-ipad","10":"product_tag-ipad-digitizer","11":"product_tag-ipad-screen","13":"first","14":"instock","15":"shipping-taxable","16":"purchasable","17":"product-type-variable","18":"has-default-attributes","19":"entry","20":"content-bg","21":"loop-entry"},"taxonomy_info":{"product_brand":[{"value":46,"label":"REPART"}],"product_cat":[{"value":141,"label":"iPad"},{"value":54,"label":"Screen Replacement"}],"product_tag":[{"value":142,"label":"ipad"},{"value":143,"label":"ipad digitizer"},{"value":144,"label":"ipad screen"}]},"featured_image_src_large":["https:\/\/rewaeu.com\/wp-content\/uploads\/2026\/02\/ipad-pro-12.9-5th-gen-pro-12.9-6th-gen-screen-digitizer-1024x1024.webp",1024,1024,true],"author_info":[],"comment_info":"","_links":{"self":[{"href":"https:\/\/rewaeu.com\/it\/wp-json\/wp\/v2\/product\/4170","targetHints":{"allow":["GET"]}}],"collection":[{"href":"https:\/\/rewaeu.com\/it\/wp-json\/wp\/v2\/product"}],"about":[{"href":"https:\/\/rewaeu.com\/it\/wp-json\/wp\/v2\/types\/product"}],"version-history":[{"count":0,"href":"https:\/\/rewaeu.com\/it\/wp-json\/wp\/v2\/product\/4170\/revisions"}],"wp:featuredmedia":[{"embeddable":true,"href":"https:\/\/rewaeu.com\/it\/wp-json\/wp\/v2\/media\/4201"}],"wp:attachment":[{"href":"https:\/\/rewaeu.com\/it\/wp-json\/wp\/v2\/media?parent=4170"}],"wp:term":[{"taxonomy":"product_brand","embeddable":true,"href":"https:\/\/rewaeu.com\/it\/wp-json\/wp\/v2\/product_brand?post=4170"},{"taxonomy":"product_cat","embeddable":true,"href":"https:\/\/rewaeu.com\/it\/wp-json\/wp\/v2\/product_cat?post=4170"},{"taxonomy":"product_tag","embeddable":true,"href":"https:\/\/rewaeu.com\/it\/wp-json\/wp\/v2\/product_tag?post=4170"}],"curies":[{"name":"wp","href":"https:\/\/api.w.org\/{rel}","templated":true}]}}