{"id":3759,"date":"2026-01-23T11:49:32","date_gmt":"2026-01-23T03:49:32","guid":{"rendered":"https:\/\/rewaeu.com\/?post_type=product&#038;p=3759"},"modified":"2026-01-28T15:24:39","modified_gmt":"2026-01-28T07:24:39","slug":"sostituzione-dello-schermo-lcd-di-iphone-incell-prime","status":"publish","type":"product","link":"https:\/\/rewaeu.com\/it\/product\/iphone-incell-lcd-screen-replacement-prime\/","title":{"rendered":"REPART Schermo LCD Incell standard di ricambio per iPhone X-14"},"content":{"rendered":"\n<p class=\"pb-2 min-w-[1px]\">The <strong>REPART Standard Quality Incell LCD Screen Replacement<\/strong> is a high-quality solution for iPhone X to 14 users seeking a reliable display upgrade. Featuring an <strong>Incell HD+ Display<\/strong>, it delivers crisp <span class=\"issue-underline underline decoration-2 underline-offset-4 transition decoration-border-brand-default hover:bg-bg-brand-light-default\" data-issueid=\"37302064-cf36-4ee3-9448-f7778d734789\" aria-label=\"open issue for the following text visuals, while the\" data-testid=\"issue-underline:visuals. The\">visuals, while the<\/span> <strong>IPS HD+ Retina Display<\/strong> supports a wide color gamut of up to 105% sRGB for vibrant, true-to-life colors. Enhanced with <strong>TDDI Integrated Chip Technology<\/strong>, the screen ensures smooth and precise touch responsiveness, making interactions seamless. Its <strong>anti-fingerprint tempered glass<\/strong> with an oleophobic coating resists smudges and keeps the display clean, while the <strong>nearly 1:1 original fit-in design<\/strong> allows for effortless, seamless installation. This product combines durability, functionality, and ease of <span class=\"issue-underline underline decoration-2 underline-offset-4 transition decoration-border-brand-default hover:bg-bg-brand-light-default\" data-issueid=\"ced27620-f731-434e-84ab-ef3f1c2729ab\" aria-label=\"open issue for the following text use, making\" data-testid=\"issue-underline:use. This makes\">use, making<\/span> it an ideal choice for those looking to restore their iPhone&#8217;s display performance without compromising on quality. <\/p>\n\n\n<style>.wp-block-kadence-advancedgallery .kb-gallery-type-masonry.kb-gallery-id-3759_f398e4-47{margin:-0px;}.kb-gallery-type-masonry.kb-gallery-id-3759_f398e4-47 .kadence-blocks-gallery-item{padding:0px;}.kb-gallery-id-3759_f398e4-47 .kadence-blocks-gallery-item .kb-gal-image-radius, .kb-gallery-id-3759_f398e4-47 .kb-slide-item .kb-gal-image-radius img{border-radius:0px 0px 0px 0px;;}<\/style><div class=\"kb-gallery-wrap-id-3759_f398e4-47 alignnone wp-block-kadence-advancedgallery\"><ul class=\"kb-gallery-ul kb-gallery-non-static kb-gallery-type-masonry kb-masonry-init kb-gallery-id-3759_f398e4-47 kb-gallery-caption-style-bottom-hover kb-gallery-filter-none kb-gallery-magnific-init\" data-image-filter=\"none\" data-item-selector=\".kadence-blocks-gallery-item\" data-lightbox-caption=\"false\" data-columns-xxl=\"1\" data-columns-xl=\"1\" data-columns-md=\"1\" data-columns-sm=\"1\" data-columns-xs=\"1\" data-columns-ss=\"1\"><li class=\"kadence-blocks-gallery-item\"><div class=\"kadence-blocks-gallery-item-inner\"><figure class=\"kb-gallery-figure kb-gallery-item-has-link kadence-blocks-gallery-item-hide-caption\"><a href=\"https:\/\/rewaeu.com\/wp-content\/uploads\/2026\/01\/repart-standard-incell-screen-features-pc-01.webp\" data-alt=\"incell hd display\" class=\"kb-gallery-item-link\"   role=\"button\" aria-haspopup=\"dialog\"><div class=\"kb-gal-image-radius\" style=\"max-width:1536px;\"><div class=\"kb-gallery-image-contain kadence-blocks-gallery-intrinsic\" style=\"padding-bottom:73%;\"><img decoding=\"async\" src=\"https:\/\/rewaeu.com\/wp-content\/uploads\/2026\/01\/repart-standard-incell-screen-features-pc-01-1536x1125.webp\" width=\"1536\" height=\"1125\" alt=\"incell hd display\" data-full-image=\"https:\/\/rewaeu.com\/wp-content\/uploads\/2026\/01\/repart-standard-incell-screen-features-pc-01.webp\" data-light-image=\"https:\/\/rewaeu.com\/wp-content\/uploads\/2026\/01\/repart-standard-incell-screen-features-pc-01.webp\" data-id=\"3785\" class=\"wp-image-3785\" srcset=\"https:\/\/rewaeu.com\/wp-content\/uploads\/2026\/01\/repart-standard-incell-screen-features-pc-01-1536x1125.webp 1536w, https:\/\/rewaeu.com\/wp-content\/uploads\/2026\/01\/repart-standard-incell-screen-features-pc-01-300x220.webp 300w, https:\/\/rewaeu.com\/wp-content\/uploads\/2026\/01\/repart-standard-incell-screen-features-pc-01-1024x750.webp 1024w, https:\/\/rewaeu.com\/wp-content\/uploads\/2026\/01\/repart-standard-incell-screen-features-pc-01-768x563.webp 768w, https:\/\/rewaeu.com\/wp-content\/uploads\/2026\/01\/repart-standard-incell-screen-features-pc-01-16x12.webp 16w, https:\/\/rewaeu.com\/wp-content\/uploads\/2026\/01\/repart-standard-incell-screen-features-pc-01-800x586.webp 800w, https:\/\/rewaeu.com\/wp-content\/uploads\/2026\/01\/repart-standard-incell-screen-features-pc-01.webp 2048w\" sizes=\"(max-width: 1536px) 100vw, 1536px\" \/><\/div><\/div><\/a><\/figure><\/div><\/li><li class=\"kadence-blocks-gallery-item\"><div class=\"kadence-blocks-gallery-item-inner\"><figure class=\"kb-gallery-figure kb-gallery-item-has-link kadence-blocks-gallery-item-hide-caption\"><a href=\"https:\/\/rewaeu.com\/wp-content\/uploads\/2026\/01\/repart-standard-incell-screen-features-pc-02.webp\" data-alt=\"ips hd retina display\" class=\"kb-gallery-item-link\"   role=\"button\" aria-haspopup=\"dialog\"><div class=\"kb-gal-image-radius\" style=\"max-width:1536px;\"><div class=\"kb-gallery-image-contain kadence-blocks-gallery-intrinsic\" style=\"padding-bottom:73%;\"><img decoding=\"async\" src=\"https:\/\/rewaeu.com\/wp-content\/uploads\/2026\/01\/repart-standard-incell-screen-features-pc-02-1536x1125.webp\" width=\"1536\" height=\"1125\" alt=\"ips hd retina display\" data-full-image=\"https:\/\/rewaeu.com\/wp-content\/uploads\/2026\/01\/repart-standard-incell-screen-features-pc-02.webp\" data-light-image=\"https:\/\/rewaeu.com\/wp-content\/uploads\/2026\/01\/repart-standard-incell-screen-features-pc-02.webp\" data-id=\"3786\" class=\"wp-image-3786\" srcset=\"https:\/\/rewaeu.com\/wp-content\/uploads\/2026\/01\/repart-standard-incell-screen-features-pc-02-1536x1125.webp 1536w, https:\/\/rewaeu.com\/wp-content\/uploads\/2026\/01\/repart-standard-incell-screen-features-pc-02-300x220.webp 300w, https:\/\/rewaeu.com\/wp-content\/uploads\/2026\/01\/repart-standard-incell-screen-features-pc-02-1024x750.webp 1024w, https:\/\/rewaeu.com\/wp-content\/uploads\/2026\/01\/repart-standard-incell-screen-features-pc-02-768x563.webp 768w, https:\/\/rewaeu.com\/wp-content\/uploads\/2026\/01\/repart-standard-incell-screen-features-pc-02-16x12.webp 16w, https:\/\/rewaeu.com\/wp-content\/uploads\/2026\/01\/repart-standard-incell-screen-features-pc-02-800x586.webp 800w, https:\/\/rewaeu.com\/wp-content\/uploads\/2026\/01\/repart-standard-incell-screen-features-pc-02.webp 2048w\" sizes=\"(max-width: 1536px) 100vw, 1536px\" \/><\/div><\/div><\/a><\/figure><\/div><\/li><li class=\"kadence-blocks-gallery-item\"><div class=\"kadence-blocks-gallery-item-inner\"><figure class=\"kb-gallery-figure kb-gallery-item-has-link kadence-blocks-gallery-item-hide-caption\"><a href=\"https:\/\/rewaeu.com\/wp-content\/uploads\/2026\/01\/repart-standard-incell-screen-features-pc-03.webp\" data-alt=\"tddi integrated chip technology\" class=\"kb-gallery-item-link\"   role=\"button\" aria-haspopup=\"dialog\"><div class=\"kb-gal-image-radius\" style=\"max-width:1536px;\"><div class=\"kb-gallery-image-contain kadence-blocks-gallery-intrinsic\" style=\"padding-bottom:73%;\"><img decoding=\"async\" src=\"https:\/\/rewaeu.com\/wp-content\/uploads\/2026\/01\/repart-standard-incell-screen-features-pc-03-1536x1125.webp\" width=\"1536\" height=\"1125\" alt=\"tddi integrated chip technology\" data-full-image=\"https:\/\/rewaeu.com\/wp-content\/uploads\/2026\/01\/repart-standard-incell-screen-features-pc-03.webp\" data-light-image=\"https:\/\/rewaeu.com\/wp-content\/uploads\/2026\/01\/repart-standard-incell-screen-features-pc-03.webp\" data-id=\"3787\" class=\"wp-image-3787\" srcset=\"https:\/\/rewaeu.com\/wp-content\/uploads\/2026\/01\/repart-standard-incell-screen-features-pc-03-1536x1125.webp 1536w, https:\/\/rewaeu.com\/wp-content\/uploads\/2026\/01\/repart-standard-incell-screen-features-pc-03-300x220.webp 300w, https:\/\/rewaeu.com\/wp-content\/uploads\/2026\/01\/repart-standard-incell-screen-features-pc-03-1024x750.webp 1024w, https:\/\/rewaeu.com\/wp-content\/uploads\/2026\/01\/repart-standard-incell-screen-features-pc-03-768x563.webp 768w, https:\/\/rewaeu.com\/wp-content\/uploads\/2026\/01\/repart-standard-incell-screen-features-pc-03-16x12.webp 16w, https:\/\/rewaeu.com\/wp-content\/uploads\/2026\/01\/repart-standard-incell-screen-features-pc-03-800x586.webp 800w, https:\/\/rewaeu.com\/wp-content\/uploads\/2026\/01\/repart-standard-incell-screen-features-pc-03.webp 2048w\" sizes=\"(max-width: 1536px) 100vw, 1536px\" \/><\/div><\/div><\/a><\/figure><\/div><\/li><li class=\"kadence-blocks-gallery-item\"><div class=\"kadence-blocks-gallery-item-inner\"><figure class=\"kb-gallery-figure kb-gallery-item-has-link kadence-blocks-gallery-item-hide-caption\"><a href=\"https:\/\/rewaeu.com\/wp-content\/uploads\/2026\/01\/repart-standard-incell-screen-features-pc-04.webp\" data-alt=\"anti fingerprint tempered glass\" class=\"kb-gallery-item-link\"   role=\"button\" aria-haspopup=\"dialog\"><div class=\"kb-gal-image-radius\" style=\"max-width:1536px;\"><div class=\"kb-gallery-image-contain kadence-blocks-gallery-intrinsic\" style=\"padding-bottom:73%;\"><img decoding=\"async\" src=\"https:\/\/rewaeu.com\/wp-content\/uploads\/2026\/01\/repart-standard-incell-screen-features-pc-04-1536x1125.webp\" width=\"1536\" height=\"1125\" alt=\"anti fingerprint tempered glass\" data-full-image=\"https:\/\/rewaeu.com\/wp-content\/uploads\/2026\/01\/repart-standard-incell-screen-features-pc-04.webp\" data-light-image=\"https:\/\/rewaeu.com\/wp-content\/uploads\/2026\/01\/repart-standard-incell-screen-features-pc-04.webp\" data-id=\"3788\" class=\"wp-image-3788\" srcset=\"https:\/\/rewaeu.com\/wp-content\/uploads\/2026\/01\/repart-standard-incell-screen-features-pc-04-1536x1125.webp 1536w, https:\/\/rewaeu.com\/wp-content\/uploads\/2026\/01\/repart-standard-incell-screen-features-pc-04-300x220.webp 300w, https:\/\/rewaeu.com\/wp-content\/uploads\/2026\/01\/repart-standard-incell-screen-features-pc-04-1024x750.webp 1024w, https:\/\/rewaeu.com\/wp-content\/uploads\/2026\/01\/repart-standard-incell-screen-features-pc-04-768x563.webp 768w, https:\/\/rewaeu.com\/wp-content\/uploads\/2026\/01\/repart-standard-incell-screen-features-pc-04-16x12.webp 16w, https:\/\/rewaeu.com\/wp-content\/uploads\/2026\/01\/repart-standard-incell-screen-features-pc-04-800x586.webp 800w, https:\/\/rewaeu.com\/wp-content\/uploads\/2026\/01\/repart-standard-incell-screen-features-pc-04.webp 2048w\" sizes=\"(max-width: 1536px) 100vw, 1536px\" \/><\/div><\/div><\/a><\/figure><\/div><\/li><li class=\"kadence-blocks-gallery-item\"><div class=\"kadence-blocks-gallery-item-inner\"><figure class=\"kb-gallery-figure kb-gallery-item-has-link kadence-blocks-gallery-item-hide-caption\"><a href=\"https:\/\/rewaeu.com\/wp-content\/uploads\/2026\/01\/repart-standard-incell-screen-features-pc-05.webp\" data-alt=\"seamless installation for repart incell lcd screen\" class=\"kb-gallery-item-link\"   role=\"button\" aria-haspopup=\"dialog\"><div class=\"kb-gal-image-radius\" style=\"max-width:1536px;\"><div class=\"kb-gallery-image-contain kadence-blocks-gallery-intrinsic\" style=\"padding-bottom:73%;\"><img decoding=\"async\" src=\"https:\/\/rewaeu.com\/wp-content\/uploads\/2026\/01\/repart-standard-incell-screen-features-pc-05-1536x1125.webp\" width=\"1536\" height=\"1125\" alt=\"seamless installation for repart incell lcd screen\" data-full-image=\"https:\/\/rewaeu.com\/wp-content\/uploads\/2026\/01\/repart-standard-incell-screen-features-pc-05.webp\" data-light-image=\"https:\/\/rewaeu.com\/wp-content\/uploads\/2026\/01\/repart-standard-incell-screen-features-pc-05.webp\" data-id=\"3789\" class=\"wp-image-3789\" srcset=\"https:\/\/rewaeu.com\/wp-content\/uploads\/2026\/01\/repart-standard-incell-screen-features-pc-05-1536x1125.webp 1536w, https:\/\/rewaeu.com\/wp-content\/uploads\/2026\/01\/repart-standard-incell-screen-features-pc-05-300x220.webp 300w, https:\/\/rewaeu.com\/wp-content\/uploads\/2026\/01\/repart-standard-incell-screen-features-pc-05-1024x750.webp 1024w, https:\/\/rewaeu.com\/wp-content\/uploads\/2026\/01\/repart-standard-incell-screen-features-pc-05-768x563.webp 768w, https:\/\/rewaeu.com\/wp-content\/uploads\/2026\/01\/repart-standard-incell-screen-features-pc-05-16x12.webp 16w, https:\/\/rewaeu.com\/wp-content\/uploads\/2026\/01\/repart-standard-incell-screen-features-pc-05-800x586.webp 800w, https:\/\/rewaeu.com\/wp-content\/uploads\/2026\/01\/repart-standard-incell-screen-features-pc-05.webp 2048w\" sizes=\"(max-width: 1536px) 100vw, 1536px\" \/><\/div><\/div><\/a><\/figure><\/div><\/li><li class=\"kadence-blocks-gallery-item\"><div class=\"kadence-blocks-gallery-item-inner\"><figure class=\"kb-gallery-figure kb-gallery-item-has-link kadence-blocks-gallery-item-hide-caption\"><a href=\"https:\/\/rewaeu.com\/wp-content\/uploads\/2026\/01\/repart-standard-incell-screen-features-pc-06.webp\" data-alt=\"repart product certificates\" class=\"kb-gallery-item-link\"   role=\"button\" aria-haspopup=\"dialog\"><div class=\"kb-gal-image-radius\" style=\"max-width:1536px;\"><div class=\"kb-gallery-image-contain kadence-blocks-gallery-intrinsic\" style=\"padding-bottom:73%;\"><img decoding=\"async\" src=\"https:\/\/rewaeu.com\/wp-content\/uploads\/2026\/01\/repart-standard-incell-screen-features-pc-06-1536x1134.webp\" width=\"1536\" height=\"1134\" alt=\"repart product certificates\" data-full-image=\"https:\/\/rewaeu.com\/wp-content\/uploads\/2026\/01\/repart-standard-incell-screen-features-pc-06.webp\" data-light-image=\"https:\/\/rewaeu.com\/wp-content\/uploads\/2026\/01\/repart-standard-incell-screen-features-pc-06.webp\" data-id=\"3790\" class=\"wp-image-3790\" srcset=\"https:\/\/rewaeu.com\/wp-content\/uploads\/2026\/01\/repart-standard-incell-screen-features-pc-06-1536x1134.webp 1536w, https:\/\/rewaeu.com\/wp-content\/uploads\/2026\/01\/repart-standard-incell-screen-features-pc-06-300x221.webp 300w, https:\/\/rewaeu.com\/wp-content\/uploads\/2026\/01\/repart-standard-incell-screen-features-pc-06-1024x756.webp 1024w, https:\/\/rewaeu.com\/wp-content\/uploads\/2026\/01\/repart-standard-incell-screen-features-pc-06-768x567.webp 768w, https:\/\/rewaeu.com\/wp-content\/uploads\/2026\/01\/repart-standard-incell-screen-features-pc-06-16x12.webp 16w, https:\/\/rewaeu.com\/wp-content\/uploads\/2026\/01\/repart-standard-incell-screen-features-pc-06-800x591.webp 800w, https:\/\/rewaeu.com\/wp-content\/uploads\/2026\/01\/repart-standard-incell-screen-features-pc-06.webp 2048w\" sizes=\"(max-width: 1536px) 100vw, 1536px\" \/><\/div><\/div><\/a><\/figure><\/div><\/li><\/ul><\/div>","protected":false},"excerpt":{"rendered":"<p>Lo schermo LCD Incell di ricambio di qualit\u00e0 standard REPART \u00e8 una soluzione di alta qualit\u00e0 per gli utenti di iPhone X-14 che cercano un aggiornamento affidabile del display. Dotato di un display Incell HD+, offre immagini nitide, mentre il display IPS HD+ Retina supporta un'ampia gamma di colori fino a 105% sRGB per colori vibranti e fedeli. Potenziato con TDDI...<\/p>","protected":false},"featured_media":3777,"template":"","meta":{"_kad_blocks_custom_css":"","_kad_blocks_head_custom_js":"","_kad_blocks_body_custom_js":"","_kad_blocks_footer_custom_js":"","_kad_post_transparent":"default","_kad_post_title":"","_kad_post_layout":"default","_kad_post_sidebar_id":"","_kad_post_content_style":"default","_kad_post_vertical_padding":"default","_kad_post_feature":"","_kad_post_feature_position":"","_kad_post_header":false,"_kad_post_footer":false,"_kad_post_classname":""},"product_brand":[46],"product_cat":[54],"product_tag":[77,80,58,78],"class_list":{"0":"post-3759","1":"product","2":"type-product","3":"status-publish","4":"has-post-thumbnail","6":"product_brand-repart","7":"product_cat-screen-replacement","8":"product_tag-iphone-screen","9":"product_tag-lcd-screen","10":"product_tag-repart-screen","11":"product_tag-replacement-screen","13":"first","14":"instock","15":"shipping-taxable","16":"purchasable","17":"product-type-variable","18":"has-default-attributes","19":"entry","20":"content-bg","21":"loop-entry"},"taxonomy_info":{"product_brand":[{"value":46,"label":"REPART"}],"product_cat":[{"value":54,"label":"Screen Replacement"}],"product_tag":[{"value":77,"label":"iphone screen"},{"value":80,"label":"lcd screen"},{"value":58,"label":"repart screen"},{"value":78,"label":"replacement screen"}]},"featured_image_src_large":["https:\/\/rewaeu.com\/wp-content\/uploads\/2026\/01\/iphone-14-lcd-screen-standard-incell-01-1024x1024.webp",1024,1024,true],"author_info":[],"comment_info":"","_links":{"self":[{"href":"https:\/\/rewaeu.com\/it\/wp-json\/wp\/v2\/product\/3759","targetHints":{"allow":["GET"]}}],"collection":[{"href":"https:\/\/rewaeu.com\/it\/wp-json\/wp\/v2\/product"}],"about":[{"href":"https:\/\/rewaeu.com\/it\/wp-json\/wp\/v2\/types\/product"}],"version-history":[{"count":0,"href":"https:\/\/rewaeu.com\/it\/wp-json\/wp\/v2\/product\/3759\/revisions"}],"wp:featuredmedia":[{"embeddable":true,"href":"https:\/\/rewaeu.com\/it\/wp-json\/wp\/v2\/media\/3777"}],"wp:attachment":[{"href":"https:\/\/rewaeu.com\/it\/wp-json\/wp\/v2\/media?parent=3759"}],"wp:term":[{"taxonomy":"product_brand","embeddable":true,"href":"https:\/\/rewaeu.com\/it\/wp-json\/wp\/v2\/product_brand?post=3759"},{"taxonomy":"product_cat","embeddable":true,"href":"https:\/\/rewaeu.com\/it\/wp-json\/wp\/v2\/product_cat?post=3759"},{"taxonomy":"product_tag","embeddable":true,"href":"https:\/\/rewaeu.com\/it\/wp-json\/wp\/v2\/product_tag?post=3759"}],"curies":[{"name":"wp","href":"https:\/\/api.w.org\/{rel}","templated":true}]}}