{"id":3984,"date":"2026-01-27T18:21:08","date_gmt":"2026-01-27T10:21:08","guid":{"rendered":"https:\/\/rewaeu.com\/?post_type=product&#038;p=3984"},"modified":"2026-01-28T15:16:38","modified_gmt":"2026-01-28T07:16:38","slug":"remplacement-de-la-vitre-frontale-repart","status":"publish","type":"product","link":"https:\/\/rewaeu.com\/fr\/product\/repart-front-glass-replacement\/","title":{"rendered":"REPART Remplacement de la vitre avant pour iPhone 8 - 16 Pro Max avec OCA pr\u00e9install\u00e9"},"content":{"rendered":"<p>Le remplacement de la vitre avant de l'iPhone par REPART avec OCA pr\u00e9install\u00e9 est con\u00e7u pour les flux de travail des r\u00e9parateurs professionnels. Il offre un verre de pr\u00e9cision ultra-clair et un adh\u00e9sif Mitsubishi OCA de qualit\u00e9 OEM pour un ajustement original 1:1 avec une pr\u00e9cision de 0,003 mm. L'OCA pr\u00e9-appliqu\u00e9 garantit une application sans bulles, ce qui permet de gagner du temps et de r\u00e9duire les reprises. Avec une transmission de la lumi\u00e8re sup\u00e9rieure \u00e0 95%, la performance de Face ID n'est pas affect\u00e9e. Des tests rigoureux de r\u00e9sistance \u00e0 l'impact d'une chute de 90 g, \u00e0 l'eau et \u00e0 l'alcool \u00e9thylique confirment sa fiabilit\u00e9 dans le cadre d'une utilisation quotidienne et exigeante.<\/p>\n\n\n<style>.wp-block-kadence-advancedgallery .kb-gallery-type-masonry.kb-gallery-id-3984_7b6fd6-7c{margin:-0px;}.kb-gallery-type-masonry.kb-gallery-id-3984_7b6fd6-7c .kadence-blocks-gallery-item{padding:0px;}.kb-gallery-id-3984_7b6fd6-7c .kadence-blocks-gallery-item .kb-gal-image-radius, .kb-gallery-id-3984_7b6fd6-7c .kb-slide-item .kb-gal-image-radius img{border-radius:0px 0px 0px 0px;;}<\/style><div class=\"kb-gallery-wrap-id-3984_7b6fd6-7c alignnone wp-block-kadence-advancedgallery\"><ul class=\"kb-gallery-ul kb-gallery-non-static kb-gallery-type-masonry kb-masonry-init kb-gallery-id-3984_7b6fd6-7c kb-gallery-caption-style-bottom-hover kb-gallery-filter-none kb-gallery-magnific-init\" data-image-filter=\"none\" data-item-selector=\".kadence-blocks-gallery-item\" data-lightbox-caption=\"false\" data-columns-xxl=\"1\" data-columns-xl=\"1\" data-columns-md=\"1\" data-columns-sm=\"1\" data-columns-xs=\"1\" data-columns-ss=\"1\"><li class=\"kadence-blocks-gallery-item\"><div class=\"kadence-blocks-gallery-item-inner\"><figure class=\"kb-gallery-figure kb-gallery-item-has-link kadence-blocks-gallery-item-hide-caption\"><a href=\"https:\/\/rewaeu.com\/wp-content\/uploads\/2026\/01\/iphone-front-glass-with-oca-01.webp\" class=\"kb-gallery-item-link\"   role=\"button\" aria-haspopup=\"dialog\"><div class=\"kb-gal-image-radius\" style=\"max-width:1536px;\"><div class=\"kb-gallery-image-contain kadence-blocks-gallery-intrinsic\" style=\"padding-bottom:58%;\"><img decoding=\"async\" src=\"https:\/\/rewaeu.com\/wp-content\/uploads\/2026\/01\/iphone-front-glass-with-oca-01-1536x902.webp\" width=\"1536\" height=\"902\" alt=\"\" data-full-image=\"https:\/\/rewaeu.com\/wp-content\/uploads\/2026\/01\/iphone-front-glass-with-oca-01.webp\" data-light-image=\"https:\/\/rewaeu.com\/wp-content\/uploads\/2026\/01\/iphone-front-glass-with-oca-01.webp\" data-id=\"3987\" class=\"wp-image-3987\" srcset=\"https:\/\/rewaeu.com\/wp-content\/uploads\/2026\/01\/iphone-front-glass-with-oca-01-1536x902.webp 1536w, https:\/\/rewaeu.com\/wp-content\/uploads\/2026\/01\/iphone-front-glass-with-oca-01-300x176.webp 300w, https:\/\/rewaeu.com\/wp-content\/uploads\/2026\/01\/iphone-front-glass-with-oca-01-1024x602.webp 1024w, https:\/\/rewaeu.com\/wp-content\/uploads\/2026\/01\/iphone-front-glass-with-oca-01-768x451.webp 768w, https:\/\/rewaeu.com\/wp-content\/uploads\/2026\/01\/iphone-front-glass-with-oca-01-18x12.webp 18w, https:\/\/rewaeu.com\/wp-content\/uploads\/2026\/01\/iphone-front-glass-with-oca-01-800x470.webp 800w, https:\/\/rewaeu.com\/wp-content\/uploads\/2026\/01\/iphone-front-glass-with-oca-01.webp 1600w\" sizes=\"(max-width: 1536px) 100vw, 1536px\" \/><\/div><\/div><\/a><\/figure><\/div><\/li><li class=\"kadence-blocks-gallery-item\"><div class=\"kadence-blocks-gallery-item-inner\"><figure class=\"kb-gallery-figure kb-gallery-item-has-link kadence-blocks-gallery-item-hide-caption\"><a href=\"https:\/\/rewaeu.com\/wp-content\/uploads\/2026\/01\/iphone-front-glass-with-oca-02.webp\" class=\"kb-gallery-item-link\"   role=\"button\" aria-haspopup=\"dialog\"><div class=\"kb-gal-image-radius\" style=\"max-width:1536px;\"><div class=\"kb-gallery-image-contain kadence-blocks-gallery-intrinsic\" style=\"padding-bottom:58%;\"><img decoding=\"async\" src=\"https:\/\/rewaeu.com\/wp-content\/uploads\/2026\/01\/iphone-front-glass-with-oca-02-1536x902.webp\" width=\"1536\" height=\"902\" alt=\"\" data-full-image=\"https:\/\/rewaeu.com\/wp-content\/uploads\/2026\/01\/iphone-front-glass-with-oca-02.webp\" data-light-image=\"https:\/\/rewaeu.com\/wp-content\/uploads\/2026\/01\/iphone-front-glass-with-oca-02.webp\" data-id=\"3988\" class=\"wp-image-3988\" srcset=\"https:\/\/rewaeu.com\/wp-content\/uploads\/2026\/01\/iphone-front-glass-with-oca-02-1536x902.webp 1536w, https:\/\/rewaeu.com\/wp-content\/uploads\/2026\/01\/iphone-front-glass-with-oca-02-300x176.webp 300w, https:\/\/rewaeu.com\/wp-content\/uploads\/2026\/01\/iphone-front-glass-with-oca-02-1024x602.webp 1024w, https:\/\/rewaeu.com\/wp-content\/uploads\/2026\/01\/iphone-front-glass-with-oca-02-768x451.webp 768w, https:\/\/rewaeu.com\/wp-content\/uploads\/2026\/01\/iphone-front-glass-with-oca-02-18x12.webp 18w, https:\/\/rewaeu.com\/wp-content\/uploads\/2026\/01\/iphone-front-glass-with-oca-02-800x470.webp 800w, https:\/\/rewaeu.com\/wp-content\/uploads\/2026\/01\/iphone-front-glass-with-oca-02.webp 1600w\" sizes=\"(max-width: 1536px) 100vw, 1536px\" \/><\/div><\/div><\/a><\/figure><\/div><\/li><li class=\"kadence-blocks-gallery-item\"><div class=\"kadence-blocks-gallery-item-inner\"><figure class=\"kb-gallery-figure kb-gallery-item-has-link kadence-blocks-gallery-item-hide-caption\"><a href=\"https:\/\/rewaeu.com\/wp-content\/uploads\/2026\/01\/iphone-front-glass-with-oca-03.webp\" class=\"kb-gallery-item-link\"   role=\"button\" aria-haspopup=\"dialog\"><div class=\"kb-gal-image-radius\" style=\"max-width:1536px;\"><div class=\"kb-gallery-image-contain kadence-blocks-gallery-intrinsic\" style=\"padding-bottom:58%;\"><img decoding=\"async\" src=\"https:\/\/rewaeu.com\/wp-content\/uploads\/2026\/01\/iphone-front-glass-with-oca-03-1536x902.webp\" width=\"1536\" height=\"902\" alt=\"\" data-full-image=\"https:\/\/rewaeu.com\/wp-content\/uploads\/2026\/01\/iphone-front-glass-with-oca-03.webp\" data-light-image=\"https:\/\/rewaeu.com\/wp-content\/uploads\/2026\/01\/iphone-front-glass-with-oca-03.webp\" data-id=\"3989\" class=\"wp-image-3989\" srcset=\"https:\/\/rewaeu.com\/wp-content\/uploads\/2026\/01\/iphone-front-glass-with-oca-03-1536x902.webp 1536w, https:\/\/rewaeu.com\/wp-content\/uploads\/2026\/01\/iphone-front-glass-with-oca-03-300x176.webp 300w, https:\/\/rewaeu.com\/wp-content\/uploads\/2026\/01\/iphone-front-glass-with-oca-03-1024x602.webp 1024w, https:\/\/rewaeu.com\/wp-content\/uploads\/2026\/01\/iphone-front-glass-with-oca-03-768x451.webp 768w, https:\/\/rewaeu.com\/wp-content\/uploads\/2026\/01\/iphone-front-glass-with-oca-03-18x12.webp 18w, https:\/\/rewaeu.com\/wp-content\/uploads\/2026\/01\/iphone-front-glass-with-oca-03-800x470.webp 800w, https:\/\/rewaeu.com\/wp-content\/uploads\/2026\/01\/iphone-front-glass-with-oca-03.webp 1600w\" sizes=\"(max-width: 1536px) 100vw, 1536px\" \/><\/div><\/div><\/a><\/figure><\/div><\/li><li class=\"kadence-blocks-gallery-item\"><div class=\"kadence-blocks-gallery-item-inner\"><figure class=\"kb-gallery-figure kb-gallery-item-has-link kadence-blocks-gallery-item-hide-caption\"><a href=\"https:\/\/rewaeu.com\/wp-content\/uploads\/2026\/01\/iphone-front-glass-with-oca-04.webp\" class=\"kb-gallery-item-link\"   role=\"button\" aria-haspopup=\"dialog\"><div class=\"kb-gal-image-radius\" style=\"max-width:1536px;\"><div class=\"kb-gallery-image-contain kadence-blocks-gallery-intrinsic\" style=\"padding-bottom:58%;\"><img decoding=\"async\" src=\"https:\/\/rewaeu.com\/wp-content\/uploads\/2026\/01\/iphone-front-glass-with-oca-04-1536x902.webp\" width=\"1536\" height=\"902\" alt=\"\" data-full-image=\"https:\/\/rewaeu.com\/wp-content\/uploads\/2026\/01\/iphone-front-glass-with-oca-04.webp\" data-light-image=\"https:\/\/rewaeu.com\/wp-content\/uploads\/2026\/01\/iphone-front-glass-with-oca-04.webp\" data-id=\"3990\" class=\"wp-image-3990\" srcset=\"https:\/\/rewaeu.com\/wp-content\/uploads\/2026\/01\/iphone-front-glass-with-oca-04-1536x902.webp 1536w, https:\/\/rewaeu.com\/wp-content\/uploads\/2026\/01\/iphone-front-glass-with-oca-04-300x176.webp 300w, https:\/\/rewaeu.com\/wp-content\/uploads\/2026\/01\/iphone-front-glass-with-oca-04-1024x602.webp 1024w, https:\/\/rewaeu.com\/wp-content\/uploads\/2026\/01\/iphone-front-glass-with-oca-04-768x451.webp 768w, https:\/\/rewaeu.com\/wp-content\/uploads\/2026\/01\/iphone-front-glass-with-oca-04-18x12.webp 18w, https:\/\/rewaeu.com\/wp-content\/uploads\/2026\/01\/iphone-front-glass-with-oca-04-800x470.webp 800w, https:\/\/rewaeu.com\/wp-content\/uploads\/2026\/01\/iphone-front-glass-with-oca-04.webp 1600w\" sizes=\"(max-width: 1536px) 100vw, 1536px\" \/><\/div><\/div><\/a><\/figure><\/div><\/li><li class=\"kadence-blocks-gallery-item\"><div class=\"kadence-blocks-gallery-item-inner\"><figure class=\"kb-gallery-figure kb-gallery-item-has-link kadence-blocks-gallery-item-hide-caption\"><a href=\"https:\/\/rewaeu.com\/wp-content\/uploads\/2026\/01\/iphone-front-glass-with-oca-05.webp\" class=\"kb-gallery-item-link\"   role=\"button\" aria-haspopup=\"dialog\"><div class=\"kb-gal-image-radius\" style=\"max-width:1536px;\"><div class=\"kb-gallery-image-contain kadence-blocks-gallery-intrinsic\" style=\"padding-bottom:58%;\"><img decoding=\"async\" src=\"https:\/\/rewaeu.com\/wp-content\/uploads\/2026\/01\/iphone-front-glass-with-oca-05-1536x902.webp\" width=\"1536\" height=\"902\" alt=\"\" data-full-image=\"https:\/\/rewaeu.com\/wp-content\/uploads\/2026\/01\/iphone-front-glass-with-oca-05.webp\" data-light-image=\"https:\/\/rewaeu.com\/wp-content\/uploads\/2026\/01\/iphone-front-glass-with-oca-05.webp\" data-id=\"3991\" class=\"wp-image-3991\" srcset=\"https:\/\/rewaeu.com\/wp-content\/uploads\/2026\/01\/iphone-front-glass-with-oca-05-1536x902.webp 1536w, https:\/\/rewaeu.com\/wp-content\/uploads\/2026\/01\/iphone-front-glass-with-oca-05-300x176.webp 300w, https:\/\/rewaeu.com\/wp-content\/uploads\/2026\/01\/iphone-front-glass-with-oca-05-1024x602.webp 1024w, https:\/\/rewaeu.com\/wp-content\/uploads\/2026\/01\/iphone-front-glass-with-oca-05-768x451.webp 768w, https:\/\/rewaeu.com\/wp-content\/uploads\/2026\/01\/iphone-front-glass-with-oca-05-18x12.webp 18w, https:\/\/rewaeu.com\/wp-content\/uploads\/2026\/01\/iphone-front-glass-with-oca-05-800x470.webp 800w, https:\/\/rewaeu.com\/wp-content\/uploads\/2026\/01\/iphone-front-glass-with-oca-05.webp 1600w\" sizes=\"(max-width: 1536px) 100vw, 1536px\" \/><\/div><\/div><\/a><\/figure><\/div><\/li><li class=\"kadence-blocks-gallery-item\"><div class=\"kadence-blocks-gallery-item-inner\"><figure class=\"kb-gallery-figure kb-gallery-item-has-link kadence-blocks-gallery-item-hide-caption\"><a href=\"https:\/\/rewaeu.com\/wp-content\/uploads\/2026\/01\/iphone-front-glass-with-oca-06.webp\" class=\"kb-gallery-item-link\"   role=\"button\" aria-haspopup=\"dialog\"><div class=\"kb-gal-image-radius\" style=\"max-width:1536px;\"><div class=\"kb-gallery-image-contain kadence-blocks-gallery-intrinsic\" style=\"padding-bottom:58%;\"><img decoding=\"async\" src=\"https:\/\/rewaeu.com\/wp-content\/uploads\/2026\/01\/iphone-front-glass-with-oca-06-1536x902.webp\" width=\"1536\" height=\"902\" alt=\"\" data-full-image=\"https:\/\/rewaeu.com\/wp-content\/uploads\/2026\/01\/iphone-front-glass-with-oca-06.webp\" data-light-image=\"https:\/\/rewaeu.com\/wp-content\/uploads\/2026\/01\/iphone-front-glass-with-oca-06.webp\" data-id=\"3992\" class=\"wp-image-3992\" srcset=\"https:\/\/rewaeu.com\/wp-content\/uploads\/2026\/01\/iphone-front-glass-with-oca-06-1536x902.webp 1536w, https:\/\/rewaeu.com\/wp-content\/uploads\/2026\/01\/iphone-front-glass-with-oca-06-300x176.webp 300w, https:\/\/rewaeu.com\/wp-content\/uploads\/2026\/01\/iphone-front-glass-with-oca-06-1024x602.webp 1024w, https:\/\/rewaeu.com\/wp-content\/uploads\/2026\/01\/iphone-front-glass-with-oca-06-768x451.webp 768w, https:\/\/rewaeu.com\/wp-content\/uploads\/2026\/01\/iphone-front-glass-with-oca-06-18x12.webp 18w, https:\/\/rewaeu.com\/wp-content\/uploads\/2026\/01\/iphone-front-glass-with-oca-06-800x470.webp 800w, https:\/\/rewaeu.com\/wp-content\/uploads\/2026\/01\/iphone-front-glass-with-oca-06.webp 1600w\" sizes=\"(max-width: 1536px) 100vw, 1536px\" \/><\/div><\/div><\/a><\/figure><\/div><\/li><\/ul><\/div>","protected":false},"excerpt":{"rendered":"<div>\n<ul>\n<li class=\"pro-sum\">Incroyablement pr\u00e9cis \u00e0 0,003 millim\u00e8tre pr\u00e8s<\/li>\n<li class=\"pro-sum\">Un rev\u00eatement ol\u00e9ophobe pour un toucher doux<\/li>\n<li class=\"pro-sum\">Un taux de transmission de la lumi\u00e8re de 95%<\/li>\n<li class=\"pro-sum\">Test\u00e9 pour des chutes de balles de 90 grammes<\/li>\n<\/ul>\n<\/div>","protected":false},"featured_media":4024,"template":"","meta":{"_kad_blocks_custom_css":"","_kad_blocks_head_custom_js":"","_kad_blocks_body_custom_js":"","_kad_blocks_footer_custom_js":"","_kad_post_transparent":"default","_kad_post_title":"","_kad_post_layout":"default","_kad_post_sidebar_id":"","_kad_post_content_style":"default","_kad_post_vertical_padding":"default","_kad_post_feature":"","_kad_post_feature_position":"","_kad_post_header":false,"_kad_post_footer":false,"_kad_post_classname":""},"product_brand":[46],"product_cat":[95,96],"product_tag":[100,101,102],"class_list":{"0":"post-3984","1":"product","2":"type-product","3":"status-publish","4":"has-post-thumbnail","6":"product_brand-repart","7":"product_cat-front-glass-replacement","8":"product_cat-iphone","9":"product_tag-front-glass","10":"product_tag-glass-replacement","11":"product_tag-iphone-front-glass","13":"first","14":"instock","15":"shipping-taxable","16":"purchasable","17":"product-type-variable","18":"has-default-attributes","19":"entry","20":"content-bg","21":"loop-entry"},"taxonomy_info":{"product_brand":[{"value":46,"label":"REPART"}],"product_cat":[{"value":95,"label":"Front Glass Replacement"},{"value":96,"label":"iPhone"}],"product_tag":[{"value":100,"label":"front glass"},{"value":101,"label":"glass replacement"},{"value":102,"label":"iphone front glass"}]},"featured_image_src_large":["https:\/\/rewaeu.com\/wp-content\/uploads\/2026\/01\/iphone-16-pro-max-front-glass-replacement-1024x1024.webp",1024,1024,true],"author_info":[],"comment_info":"","_links":{"self":[{"href":"https:\/\/rewaeu.com\/fr\/wp-json\/wp\/v2\/product\/3984","targetHints":{"allow":["GET"]}}],"collection":[{"href":"https:\/\/rewaeu.com\/fr\/wp-json\/wp\/v2\/product"}],"about":[{"href":"https:\/\/rewaeu.com\/fr\/wp-json\/wp\/v2\/types\/product"}],"version-history":[{"count":0,"href":"https:\/\/rewaeu.com\/fr\/wp-json\/wp\/v2\/product\/3984\/revisions"}],"wp:featuredmedia":[{"embeddable":true,"href":"https:\/\/rewaeu.com\/fr\/wp-json\/wp\/v2\/media\/4024"}],"wp:attachment":[{"href":"https:\/\/rewaeu.com\/fr\/wp-json\/wp\/v2\/media?parent=3984"}],"wp:term":[{"taxonomy":"product_brand","embeddable":true,"href":"https:\/\/rewaeu.com\/fr\/wp-json\/wp\/v2\/product_brand?post=3984"},{"taxonomy":"product_cat","embeddable":true,"href":"https:\/\/rewaeu.com\/fr\/wp-json\/wp\/v2\/product_cat?post=3984"},{"taxonomy":"product_tag","embeddable":true,"href":"https:\/\/rewaeu.com\/fr\/wp-json\/wp\/v2\/product_tag?post=3984"}],"curies":[{"name":"wp","href":"https:\/\/api.w.org\/{rel}","templated":true}]}}