{"id":2592,"date":"2025-08-13T12:06:04","date_gmt":"2025-08-13T04:06:04","guid":{"rendered":"https:\/\/roihqya482.onrocket.site\/?page_id=2592"},"modified":"2025-09-11T11:08:34","modified_gmt":"2025-09-11T03:08:34","slug":"biscuits","status":"publish","type":"page","link":"https:\/\/rewaeu.com\/fr\/cookies\/","title":{"rendered":"Cookies"},"content":{"rendered":"<div data-elementor-type=\"wp-page\" data-elementor-id=\"2592\" class=\"elementor elementor-2592\" data-elementor-post-type=\"page\">\n\t\t\t\t<main class=\"elementor-element elementor-element-ff1253d e-flex e-con-boxed e-con e-parent\" data-id=\"ff1253d\" data-element_type=\"container\" data-e-type=\"container\">\n\t\t\t\t\t<div class=\"e-con-inner\">\n\t\t\t\t<div class=\"elementor-element elementor-element-ffda2a2 elementor-widget elementor-widget-image\" data-id=\"ffda2a2\" data-element_type=\"widget\" data-e-type=\"widget\" data-widget_type=\"image.default\">\n\t\t\t\t\t\t\t\t\t\t\t\t\t\t\t<img decoding=\"async\" src=\"https:\/\/rewa.tech\/wp-content\/uploads\/2024\/06\/img_cookies_banner.jpg\" title=\"\" alt=\"\" loading=\"lazy\">\t\t\t\t\t\t\t\t\t\t\t\t\t\t\t<\/div>\n\t\t\t\t<div class=\"elementor-element elementor-element-81c89ca elementor-widget__width-initial elementor-widget-tablet__width-inherit elementor-widget-tablet_extra__width-initial elementor-widget elementor-widget-text-editor\" data-id=\"81c89ca\" data-element_type=\"widget\" data-e-type=\"widget\" data-widget_type=\"text-editor.default\">\n\t\t\t\t\t\t\t\t\t<h2>Politique en mati\u00e8re de cookies pour REWA Tech<\/h2><p>Il s'agit de la politique en mati\u00e8re de cookies de REWA Tech, accessible \u00e0 partir de <a class=\"cookie-link\" href=\"https:\/\/rewaeu.com\/fr\/\" target=\"_blank\" rel=\"noopener noreferrer\">https:\/\/rewaeu.com<\/a><\/p><h3>Qu'est-ce qu'un cookie ?<\/h3><p>Comme presque tous les sites web professionnels, ce site utilise des cookies, qui sont de minuscules fichiers t\u00e9l\u00e9charg\u00e9s sur votre ordinateur, afin d'am\u00e9liorer votre exp\u00e9rience. Cette page d\u00e9crit les informations que nous recueillons, la mani\u00e8re dont nous les utilisons et la raison pour laquelle nous devons parfois stocker ces cookies. Nous vous indiquons \u00e9galement comment vous pouvez emp\u00eacher le stockage de ces cookies ; toutefois, cela peut entra\u00eener une d\u00e9gradation ou une interruption de certains \u00e9l\u00e9ments de la fonctionnalit\u00e9 du site.<\/p><h3>Comment nous utilisons les cookies<\/h3><p>Nous utilisons des cookies pour diverses raisons d\u00e9taill\u00e9es ci-dessous. Malheureusement, dans la plupart des cas, il n'existe pas d'options standard pour d\u00e9sactiver les cookies sans d\u00e9sactiver compl\u00e8tement les fonctionnalit\u00e9s et les caract\u00e9ristiques qu'ils ajoutent \u00e0 ce site. Il est recommand\u00e9 de laisser tous les cookies activ\u00e9s si vous n'\u00eates pas s\u00fbr d'en avoir besoin, car ils peuvent \u00eatre utilis\u00e9s pour fournir un service que vous utilisez.<\/p><h3>D\u00e9sactivation des cookies<\/h3><p>Vous pouvez emp\u00eacher l'installation de cookies en ajustant les param\u00e8tres de votre navigateur (voir l'aide de votre navigateur pour savoir comment proc\u00e9der). Sachez que la d\u00e9sactivation des cookies affectera la fonctionnalit\u00e9 de ce site et de nombreux autres sites que vous visitez.<br \/>La d\u00e9sactivation des cookies entra\u00eene g\u00e9n\u00e9ralement la d\u00e9sactivation de certaines fonctionnalit\u00e9s et caract\u00e9ristiques de ce site. Il est donc recommand\u00e9 de ne pas d\u00e9sactiver les cookies.<\/p><h3>Les cookies que nous installons<\/h3><ul><li><strong>Cookies li\u00e9s au compte<\/strong> - Utilis\u00e9 pour g\u00e9rer le processus d'inscription et l'administration g\u00e9n\u00e9rale. Supprim\u00e9 lors de la d\u00e9connexion, mais peut \u00eatre conserv\u00e9 pour m\u00e9moriser les pr\u00e9f\u00e9rences.<\/li><li><strong>Cookies li\u00e9s \u00e0 la connexion<\/strong> - Utilis\u00e9 pour se souvenir du moment o\u00f9 vous \u00eates connect\u00e9, ce qui permet d'\u00e9viter les connexions r\u00e9p\u00e9t\u00e9es.<\/li><li><strong>Cookies pour la lettre d'information \u00e9lectronique<\/strong> - Il peut suivre l'\u00e9tat de l'inscription et les notifications pour les abonn\u00e9s et les non-abonn\u00e9s.<\/li><li><strong>Cookies d'enqu\u00eate<\/strong> - Utilis\u00e9 pour se souvenir de la participation \u00e0 l'enqu\u00eate ou pour fournir des r\u00e9sultats pr\u00e9cis.<\/li><li><strong>Cookies de formulaires<\/strong> - Stocker les d\u00e9tails de l'utilisateur pour une correspondance ult\u00e9rieure lors de l'envoi de formulaires.<\/li><li><strong>Cookies de pr\u00e9f\u00e9rence de site<\/strong> - M\u00e9moriser vos pr\u00e9f\u00e9rences pour les fonctionnalit\u00e9s du site.<\/li><\/ul><h3>Cookies de tiers<\/h3><ul><li><strong>Google Analytics<\/strong> - Trace l'utilisation du site pour nous aider \u00e0 am\u00e9liorer votre exp\u00e9rience. <a class=\"cookie-link\" href=\"https:\/\/developers.google.com\/analytics\/devguides\/collection\/analyticsjs\/cookie-usage\" target=\"_blank\" rel=\"noopener\">En savoir plus<\/a>.<\/li><li><strong>Cookies de test des fonctionnalit\u00e9s<\/strong> - Assurer une exp\u00e9rience coh\u00e9rente lors des tests des fonctionnalit\u00e9s du site.<\/li><li><strong>Cookies pour les m\u00e9dias sociaux<\/strong> - D\u00e9fini par des services tels que Facebook, YouTube, LinkedIn et X pour l'int\u00e9gration des profils et l'analyse.<\/li><\/ul><h3>Plus d'informations<\/h3><p>Si vous n'\u00eates pas s\u00fbr d'avoir besoin de cookies, il est g\u00e9n\u00e9ralement plus prudent de les laisser activ\u00e9s. Pour plus d'informations, contactez-nous via :<\/p><ul><li><span class=\"elementor-icon-list-text\">Courriel :<\/span> <a href=\"mailto:info@rewaeu.com\"><span class=\"elementor-icon-list-text\">info@rewaeu.com<\/span><\/a><\/li><li><span class=\"elementor-icon-list-text\">T\u00e9l\u00e9phone : <\/span><a href=\"tel:+31(0)107171577\"><span class=\"elementor-icon-list-text\">+31 (0)10 717 15 77<\/span><\/a><\/li><\/ul>\t\t\t\t\t\t\t\t<\/div>\n\t\t\t\t\t<\/div>\n\t\t\t\t<\/main>\n\t\t\t\t<\/div>","protected":false},"excerpt":{"rendered":"<p>Cookie Policy for REWA Tech This is the Cookie Policy for REWA Tech, accessible from https:\/\/rewaeu.com What Are Cookies As is common practice with almost all professional websites, this site uses cookies, which are tiny files downloaded to your computer, to improve your experience. This page describes what information we gather, how we use it,&#8230;<\/p>","protected":false},"author":1,"featured_media":2850,"parent":0,"menu_order":0,"comment_status":"closed","ping_status":"closed","template":"","meta":{"_kad_blocks_custom_css":"","_kad_blocks_head_custom_js":"","_kad_blocks_body_custom_js":"","_kad_blocks_footer_custom_js":"","_kad_post_transparent":"","_kad_post_title":"","_kad_post_layout":"","_kad_post_sidebar_id":"","_kad_post_content_style":"","_kad_post_vertical_padding":"","_kad_post_feature":"","_kad_post_feature_position":"","_kad_post_header":false,"_kad_post_footer":false,"_kad_post_classname":"","footnotes":""},"class_list":["post-2592","page","type-page","status-publish","has-post-thumbnail","hentry"],"taxonomy_info":[],"featured_image_src_large":["https:\/\/rewaeu.com\/wp-content\/uploads\/2025\/08\/REWA-EU-About-Us-blue-1024x681.jpg",1024,681,true],"author_info":{"display_name":"tareqjhe1","author_link":"https:\/\/rewaeu.com\/fr\/author\/tareqjhe1\/"},"comment_info":0,"_links":{"self":[{"href":"https:\/\/rewaeu.com\/fr\/wp-json\/wp\/v2\/pages\/2592","targetHints":{"allow":["GET"]}}],"collection":[{"href":"https:\/\/rewaeu.com\/fr\/wp-json\/wp\/v2\/pages"}],"about":[{"href":"https:\/\/rewaeu.com\/fr\/wp-json\/wp\/v2\/types\/page"}],"author":[{"embeddable":true,"href":"https:\/\/rewaeu.com\/fr\/wp-json\/wp\/v2\/users\/1"}],"replies":[{"embeddable":true,"href":"https:\/\/rewaeu.com\/fr\/wp-json\/wp\/v2\/comments?post=2592"}],"version-history":[{"count":0,"href":"https:\/\/rewaeu.com\/fr\/wp-json\/wp\/v2\/pages\/2592\/revisions"}],"wp:featuredmedia":[{"embeddable":true,"href":"https:\/\/rewaeu.com\/fr\/wp-json\/wp\/v2\/media\/2850"}],"wp:attachment":[{"href":"https:\/\/rewaeu.com\/fr\/wp-json\/wp\/v2\/media?parent=2592"}],"curies":[{"name":"wp","href":"https:\/\/api.w.org\/{rel}","templated":true}]}}