{"id":2513,"date":"2025-08-13T10:11:50","date_gmt":"2025-08-13T02:11:50","guid":{"rendered":"https:\/\/roihqya482.onrocket.site\/?page_id=2513"},"modified":"2025-09-11T12:24:13","modified_gmt":"2025-09-11T04:24:13","slug":"politique-de-confidentialite","status":"publish","type":"page","link":"https:\/\/rewaeu.com\/fr\/privacy-policy\/","title":{"rendered":"Politique de confidentialit\u00e9"},"content":{"rendered":"<div data-elementor-type=\"wp-page\" data-elementor-id=\"2513\" class=\"elementor elementor-2513\" data-elementor-post-type=\"page\">\n\t\t\t\t<section class=\"elementor-element elementor-element-d99403d e-flex e-con-boxed e-con e-parent\" data-id=\"d99403d\" data-element_type=\"container\" data-e-type=\"container\">\n\t\t\t\t\t<div class=\"e-con-inner\">\n\t\t\t\t<div class=\"elementor-element elementor-element-5f739e8 elementor-widget elementor-widget-image\" data-id=\"5f739e8\" data-element_type=\"widget\" data-e-type=\"widget\" data-widget_type=\"image.default\">\n\t\t\t\t\t\t\t\t\t\t\t\t\t\t\t<img decoding=\"async\" src=\"https:\/\/rewa.tech\/wp-content\/uploads\/2024\/06\/img_disclaimer_banner.jpg\" title=\"\" alt=\"\" loading=\"lazy\">\t\t\t\t\t\t\t\t\t\t\t\t\t\t\t<\/div>\n\t\t\t\t<div class=\"elementor-element elementor-element-724add0 elementor-widget__width-initial elementor-widget elementor-widget-text-editor\" data-id=\"724add0\" data-element_type=\"widget\" data-e-type=\"widget\" data-widget_type=\"text-editor.default\">\n\t\t\t\t\t\t\t\t\t<h2>Politique de confidentialit\u00e9 de REWA EU<\/h2><p>Aupr\u00e8s de REWA EU, accessible \u00e0 partir de <a class=\"legal-link\" href=\"https:\/\/rewaeu.com\/fr\/\">https:\/\/rewaeu.com<\/a>, L'une de nos principales priorit\u00e9s est la protection de la vie priv\u00e9e de nos visiteurs. La pr\u00e9sente politique de confidentialit\u00e9 d\u00e9crit les types d'informations collect\u00e9es et enregistr\u00e9es par REWA EU, ainsi que la mani\u00e8re dont nous les utilisons.<\/p><p>Si vous avez des questions suppl\u00e9mentaires ou si vous souhaitez obtenir plus d'informations sur notre politique de protection de la vie priv\u00e9e, n'h\u00e9sitez pas \u00e0 nous contacter.<\/p><h3>Communications par courrier \u00e9lectronique<\/h3><p>Lorsque les utilisateurs soumettent un formulaire sur le site web de REWA EU, nous pouvons recueillir leur adresse \u00e9lectronique. En fournissant votre adresse \u00e9lectronique, vous acceptez que nous l'utilisions pour vous envoyer des communications commerciales telles que des informations sur les nouveaux produits, des offres promotionnelles, des coupons, des conseils, des guides et d'autres informations pertinentes.<\/p><p>Si vous ne souhaitez pas recevoir ces courriels de marketing, vous pouvez vous d\u00e9sabonner \u00e0 tout moment en suivant les instructions de d\u00e9sabonnement incluses dans chaque courriel ou en nous contactant directement. Nous nous engageons \u00e0 respecter votre vie priv\u00e9e et \u00e0 ne pas communiquer votre adresse \u00e9lectronique \u00e0 des tiers \u00e0 des fins de marketing sans votre consentement explicite.<\/p><h3>Fichiers journaux<\/h3><p>REWA EU suit une proc\u00e9dure standard d'utilisation de fichiers journaux. Ces fichiers enregistrent les visiteurs lorsqu'ils visitent les sites web. Les informations collect\u00e9es par les fichiers journaux comprennent les adresses IP, le type de navigateur, le fournisseur d'acc\u00e8s \u00e0 Internet, la date et l'heure, les pages de renvoi et de sortie et, \u00e9ventuellement, le nombre de clics. Ces informations sont utilis\u00e9es pour analyser les tendances, administrer le site, suivre les mouvements des utilisateurs et recueillir des informations d\u00e9mographiques. Elles ne sont pas li\u00e9es \u00e0 des informations personnellement identifiables.<\/p><h3>Cookies et balises web<\/h3><p>REWA EU utilise des cookies pour stocker des informations telles que les pr\u00e9f\u00e9rences des visiteurs et les pages visit\u00e9es. Ces informations sont utilis\u00e9es pour optimiser l'exp\u00e9rience des utilisateurs en personnalisant le contenu des pages web en fonction du type de navigateur ou d'autres informations.<\/p><h3>Politiques de confidentialit\u00e9 des tiers<\/h3><p>La politique de confidentialit\u00e9 de REWA EU ne s'applique pas \u00e0 d'autres annonceurs ou sites web. Consultez les politiques de confidentialit\u00e9 respectives des serveurs publicitaires tiers pour obtenir des informations d\u00e9taill\u00e9es sur les pratiques et les options de retrait. Vous pouvez \u00e9galement d\u00e9sactiver les cookies via les param\u00e8tres de votre navigateur.<\/p><h3>Informations pour les enfants<\/h3><p>REWA EU ne recueille pas sciemment d'informations personnelles identifiables aupr\u00e8s d'enfants de moins de 13 ans. Si vous pensez que votre enfant a fourni de telles informations, contactez-nous pour les supprimer rapidement.<\/p><h3>Politique de confidentialit\u00e9 en ligne uniquement<\/h3><p>Cette politique de confidentialit\u00e9 ne s'applique qu'\u00e0 nos activit\u00e9s en ligne et est valable pour les visiteurs en ce qui concerne les informations qu'ils partagent et\/ou collectent dans l'UE REWA. Cette politique ne s'applique pas aux informations hors ligne ou aux canaux autres que ce site web.<\/p><h3>Consentement<\/h3><p>En utilisant notre site web, vous consentez par la pr\u00e9sente \u00e0 notre politique de confidentialit\u00e9 et en acceptez les termes.<\/p>\t\t\t\t\t\t\t\t<\/div>\n\t\t\t\t\t<\/div>\n\t\t\t\t<\/section>\n\t\t\t\t<\/div>","protected":false},"excerpt":{"rendered":"<p>Privacy Policy for REWA EU At REWA EU, accessible from https:\/\/rewaeu.com, one of our main priorities is the privacy of our visitors. This Privacy Policy document contains types of information that are collected and recorded by REWA EU and how we use it. If you have additional questions or require more information about our Privacy&#8230;<\/p>","protected":false},"author":1,"featured_media":0,"parent":0,"menu_order":0,"comment_status":"closed","ping_status":"closed","template":"","meta":{"_kad_blocks_custom_css":"","_kad_blocks_head_custom_js":"","_kad_blocks_body_custom_js":"","_kad_blocks_footer_custom_js":"","_kad_post_transparent":"","_kad_post_title":"","_kad_post_layout":"","_kad_post_sidebar_id":"","_kad_post_content_style":"","_kad_post_vertical_padding":"","_kad_post_feature":"","_kad_post_feature_position":"","_kad_post_header":false,"_kad_post_footer":false,"_kad_post_classname":"","footnotes":""},"class_list":["post-2513","page","type-page","status-publish","hentry"],"taxonomy_info":[],"featured_image_src_large":false,"author_info":{"display_name":"tareqjhe1","author_link":"https:\/\/rewaeu.com\/fr\/author\/tareqjhe1\/"},"comment_info":0,"_links":{"self":[{"href":"https:\/\/rewaeu.com\/fr\/wp-json\/wp\/v2\/pages\/2513","targetHints":{"allow":["GET"]}}],"collection":[{"href":"https:\/\/rewaeu.com\/fr\/wp-json\/wp\/v2\/pages"}],"about":[{"href":"https:\/\/rewaeu.com\/fr\/wp-json\/wp\/v2\/types\/page"}],"author":[{"embeddable":true,"href":"https:\/\/rewaeu.com\/fr\/wp-json\/wp\/v2\/users\/1"}],"replies":[{"embeddable":true,"href":"https:\/\/rewaeu.com\/fr\/wp-json\/wp\/v2\/comments?post=2513"}],"version-history":[{"count":0,"href":"https:\/\/rewaeu.com\/fr\/wp-json\/wp\/v2\/pages\/2513\/revisions"}],"wp:attachment":[{"href":"https:\/\/rewaeu.com\/fr\/wp-json\/wp\/v2\/media?parent=2513"}],"curies":[{"name":"wp","href":"https:\/\/api.w.org\/{rel}","templated":true}]}}