{"id":2457,"date":"2025-08-12T15:50:32","date_gmt":"2025-08-12T07:50:32","guid":{"rendered":"https:\/\/roihqya482.onrocket.site\/?page_id=2457"},"modified":"2025-10-31T14:21:15","modified_gmt":"2025-10-31T06:21:15","slug":"nouvelles","status":"publish","type":"page","link":"https:\/\/rewaeu.com\/fr\/news\/","title":{"rendered":"Actualit\u00e9s"},"content":{"rendered":"<div data-elementor-type=\"wp-page\" data-elementor-id=\"2457\" class=\"elementor elementor-2457\" data-elementor-post-type=\"page\">\n\t\t\t\t<main class=\"elementor-element elementor-element-4872165 e-flex e-con-boxed e-con e-parent\" data-id=\"4872165\" data-element_type=\"container\" data-e-type=\"container\">\n\t\t\t\t\t<div class=\"e-con-inner\">\n\t\t\t\t<div class=\"elementor-element elementor-element-77b9636 elementor-widget elementor-widget-heading\" data-id=\"77b9636\" data-element_type=\"widget\" data-e-type=\"widget\" data-widget_type=\"heading.default\">\n\t\t\t\t\t<h2 class=\"elementor-heading-title elementor-size-default\">Actualit\u00e9s<\/h2>\t\t\t\t<\/div>\n\t\t\t\t<div class=\"elementor-element elementor-element-5485811 elementor-widget elementor-widget-image\" data-id=\"5485811\" data-element_type=\"widget\" data-e-type=\"widget\" data-widget_type=\"image.default\">\n\t\t\t\t\t\t\t\t\t\t\t\t\t\t\t<img decoding=\"async\" width=\"1200\" height=\"312\" src=\"https:\/\/rewaeu.com\/wp-content\/uploads\/2025\/08\/News-Page-Banner.png\" class=\"attachment-full size-full wp-image-3031\" alt=\"\" srcset=\"https:\/\/rewaeu.com\/wp-content\/uploads\/2025\/08\/News-Page-Banner.png 1200w, https:\/\/rewaeu.com\/wp-content\/uploads\/2025\/08\/News-Page-Banner-800x208.png 800w, https:\/\/rewaeu.com\/wp-content\/uploads\/2025\/08\/News-Page-Banner-300x78.png 300w, https:\/\/rewaeu.com\/wp-content\/uploads\/2025\/08\/News-Page-Banner-1024x266.png 1024w, https:\/\/rewaeu.com\/wp-content\/uploads\/2025\/08\/News-Page-Banner-768x200.png 768w\" sizes=\"(max-width: 1200px) 100vw, 1200px\">\t\t\t\t\t\t\t\t\t\t\t\t\t\t\t<\/div>\n\t\t\t\t<div class=\"elementor-element elementor-element-7d3887e elementor-grid-1 elementor-posts--thumbnail-left elementor-grid-tablet-1 elementor-grid-mobile-1 elementor-widget elementor-widget-posts\" data-id=\"7d3887e\" data-element_type=\"widget\" data-e-type=\"widget\" data-settings=\"{&quot;classic_columns&quot;:&quot;1&quot;,&quot;classic_row_gap&quot;:{&quot;unit&quot;:&quot;px&quot;,&quot;size&quot;:40,&quot;sizes&quot;:[]},&quot;pagination_type&quot;:&quot;numbers_and_prev_next&quot;,&quot;classic_columns_tablet&quot;:&quot;1&quot;,&quot;classic_columns_mobile&quot;:&quot;1&quot;,&quot;classic_row_gap_widescreen&quot;:{&quot;unit&quot;:&quot;px&quot;,&quot;size&quot;:&quot;&quot;,&quot;sizes&quot;:[]},&quot;classic_row_gap_laptop&quot;:{&quot;unit&quot;:&quot;px&quot;,&quot;size&quot;:&quot;&quot;,&quot;sizes&quot;:[]},&quot;classic_row_gap_tablet_extra&quot;:{&quot;unit&quot;:&quot;px&quot;,&quot;size&quot;:&quot;&quot;,&quot;sizes&quot;:[]},&quot;classic_row_gap_tablet&quot;:{&quot;unit&quot;:&quot;px&quot;,&quot;size&quot;:&quot;&quot;,&quot;sizes&quot;:[]},&quot;classic_row_gap_mobile_extra&quot;:{&quot;unit&quot;:&quot;px&quot;,&quot;size&quot;:&quot;&quot;,&quot;sizes&quot;:[]},&quot;classic_row_gap_mobile&quot;:{&quot;unit&quot;:&quot;px&quot;,&quot;size&quot;:&quot;&quot;,&quot;sizes&quot;:[]}}\" data-widget_type=\"posts.classic\">\n\t\t\t\t<div class=\"elementor-widget-container\">\n\t\t\t\t\t\t\t<div class=\"elementor-posts-container elementor-posts elementor-posts--skin-classic elementor-grid\" role=\"list\">\n\t\t\t\t<article class=\"elementor-post elementor-grid-item post-4599 post type-post status-publish format-standard has-post-thumbnail hentry category-news tag-expo tag-fair tag-rewa-eu\" role=\"listitem\">\n\t\t\t\t<a class=\"elementor-post__thumbnail__link\" href=\"https:\/\/rewaeu.com\/fr\/rewa-eu-reports-success-at-reconnect-expo-in-amsterdam\/\" tabindex=\"-1\">\n\t\t\t<div class=\"elementor-post__thumbnail\"><img decoding=\"async\" width=\"1920\" height=\"1080\" src=\"https:\/\/rewaeu.com\/wp-content\/uploads\/2026\/04\/reconnect-amsterdam-partner-list.webp\" class=\"attachment-full size-full wp-image-4601\" alt=\"\" srcset=\"https:\/\/rewaeu.com\/wp-content\/uploads\/2026\/04\/reconnect-amsterdam-partner-list.webp 1920w, https:\/\/rewaeu.com\/wp-content\/uploads\/2026\/04\/reconnect-amsterdam-partner-list-300x169.webp 300w, https:\/\/rewaeu.com\/wp-content\/uploads\/2026\/04\/reconnect-amsterdam-partner-list-1024x576.webp 1024w, https:\/\/rewaeu.com\/wp-content\/uploads\/2026\/04\/reconnect-amsterdam-partner-list-768x432.webp 768w, https:\/\/rewaeu.com\/wp-content\/uploads\/2026\/04\/reconnect-amsterdam-partner-list-1536x864.webp 1536w, https:\/\/rewaeu.com\/wp-content\/uploads\/2026\/04\/reconnect-amsterdam-partner-list-18x10.webp 18w, https:\/\/rewaeu.com\/wp-content\/uploads\/2026\/04\/reconnect-amsterdam-partner-list-800x450.webp 800w\" sizes=\"(max-width: 1920px) 100vw, 1920px\" \/><\/div>\n\t\t<\/a>\n\t\t\t\t<div class=\"elementor-post__text\">\n\t\t\t\t<h2 class=\"elementor-post__title\">\n\t\t\t<a href=\"https:\/\/rewaeu.com\/fr\/rewa-eu-reports-success-at-reconnect-expo-in-amsterdam\/\">\n\t\t\t\tREWA EU Reports Success at RECONNECT EXPO in Amsterdam\t\t\t<\/a>\n\t\t<\/h2>\n\t\t\t\t<div class=\"elementor-post__meta-data\">\n\t\t\t\t\t<span class=\"elementor-post-date\">\n\t\t\tavril 2, 2026\t\t<\/span>\n\t\t\t\t<\/div>\n\t\t\t\t<div class=\"elementor-post__excerpt\">\n\t\t\t<p>REWA EU participated in the RECONNECT EXPO in Amsterdam from March 25 to 27, 2026. RECONNECT Expo Amsterdam is a professional trade show focused on the consumer electronics products, designed<\/p>\n\t\t<\/div>\n\t\t\t\t\t<div class=\"elementor-post__read-more-wrapper\">\n\t\t\n\t\t<a class=\"elementor-post__read-more\" href=\"https:\/\/rewaeu.com\/fr\/rewa-eu-reports-success-at-reconnect-expo-in-amsterdam\/\" aria-label=\"En savoir plus sur REWA EU Reports Success at RECONNECT EXPO in Amsterdam\" tabindex=\"-1\">\n\t\t\tLire plus \"\t\t<\/a>\n\n\t\t\t\t\t<\/div>\n\t\t\t\t<\/div>\n\t\t\t\t<\/article>\n\t\t\t\t<article class=\"elementor-post elementor-grid-item post-3205 post type-post status-publish format-standard has-post-thumbnail hentry category-news tag-europe tag-rewa-eu\" role=\"listitem\">\n\t\t\t\t<a class=\"elementor-post__thumbnail__link\" href=\"https:\/\/rewaeu.com\/fr\/rewa-eu-launches-in-europe\/\" tabindex=\"-1\">\n\t\t\t<div class=\"elementor-post__thumbnail\"><img decoding=\"async\" width=\"1024\" height=\"768\" src=\"https:\/\/rewaeu.com\/wp-content\/uploads\/2025\/09\/02.png\" class=\"attachment-full size-full wp-image-3226\" alt=\"\" srcset=\"https:\/\/rewaeu.com\/wp-content\/uploads\/2025\/09\/02.png 1024w, https:\/\/rewaeu.com\/wp-content\/uploads\/2025\/09\/02-800x600.png 800w, https:\/\/rewaeu.com\/wp-content\/uploads\/2025\/09\/02-300x225.png 300w, https:\/\/rewaeu.com\/wp-content\/uploads\/2025\/09\/02-768x576.png 768w\" sizes=\"(max-width: 1024px) 100vw, 1024px\" \/><\/div>\n\t\t<\/a>\n\t\t\t\t<div class=\"elementor-post__text\">\n\t\t\t\t<h2 class=\"elementor-post__title\">\n\t\t\t<a href=\"https:\/\/rewaeu.com\/fr\/rewa-eu-launches-in-europe\/\">\n\t\t\t\tLancement de REWA EU en Europe - Des solutions sur mesure pour les entreprises de r\u00e9paration locales\t\t\t<\/a>\n\t\t<\/h2>\n\t\t\t\t<div class=\"elementor-post__meta-data\">\n\t\t\t\t\t<span class=\"elementor-post-date\">\n\t\t\t29 septembre 2025\t\t<\/span>\n\t\t\t\t<\/div>\n\t\t\t\t<div class=\"elementor-post__excerpt\">\n\t\t\t<p>Rotterdam, Pays-Bas - 16 septembre 2025 - REWA Tech et GSM Parts Center (GPC) ont officiellement annonc\u00e9 le lancement de leur entreprise commune, REWA EU. Kevin Zhou, directeur g\u00e9n\u00e9ral de REWA et Roman Zhou, directeur g\u00e9n\u00e9ral de GSM Parts Center, ont annonc\u00e9 officiellement le lancement de leur entreprise commune, REWA EU.<\/p>\n\t\t<\/div>\n\t\t\t\t\t<div class=\"elementor-post__read-more-wrapper\">\n\t\t\n\t\t<a class=\"elementor-post__read-more\" href=\"https:\/\/rewaeu.com\/fr\/rewa-eu-launches-in-europe\/\" aria-label=\"En savoir plus sur REWA EU Launches in Europe &#8211; Powering Local Repair Businesses with Tailored Solutions\" tabindex=\"-1\">\n\t\t\tLire plus \"\t\t<\/a>\n\n\t\t\t\t\t<\/div>\n\t\t\t\t<\/div>\n\t\t\t\t<\/article>\n\t\t\t\t<\/div>\n\t\t\n\t\t\t\t\t\t<\/div>\n\t\t\t\t<\/div>\n\t\t\t\t\t<\/div>\n\t\t\t\t<\/main>\n\t\t\t\t<\/div>","protected":false},"excerpt":{"rendered":"<p>Actualit\u00e9s<\/p>","protected":false},"author":1,"featured_media":2795,"parent":0,"menu_order":0,"comment_status":"closed","ping_status":"closed","template":"","meta":{"_kad_blocks_custom_css":"","_kad_blocks_head_custom_js":"","_kad_blocks_body_custom_js":"","_kad_blocks_footer_custom_js":"","_kad_post_transparent":"","_kad_post_title":"","_kad_post_layout":"fullwidth","_kad_post_sidebar_id":"","_kad_post_content_style":"","_kad_post_vertical_padding":"","_kad_post_feature":"","_kad_post_feature_position":"","_kad_post_header":false,"_kad_post_footer":false,"_kad_post_classname":"","footnotes":""},"class_list":["post-2457","page","type-page","status-publish","has-post-thumbnail","hentry"],"taxonomy_info":[],"featured_image_src_large":["https:\/\/rewaeu.com\/wp-content\/uploads\/2025\/08\/rewa-eu-about-1024x576.jpg",1024,576,true],"author_info":{"display_name":"tareqjhe1","author_link":"https:\/\/rewaeu.com\/fr\/author\/tareqjhe1\/"},"comment_info":0,"_links":{"self":[{"href":"https:\/\/rewaeu.com\/fr\/wp-json\/wp\/v2\/pages\/2457","targetHints":{"allow":["GET"]}}],"collection":[{"href":"https:\/\/rewaeu.com\/fr\/wp-json\/wp\/v2\/pages"}],"about":[{"href":"https:\/\/rewaeu.com\/fr\/wp-json\/wp\/v2\/types\/page"}],"author":[{"embeddable":true,"href":"https:\/\/rewaeu.com\/fr\/wp-json\/wp\/v2\/users\/1"}],"replies":[{"embeddable":true,"href":"https:\/\/rewaeu.com\/fr\/wp-json\/wp\/v2\/comments?post=2457"}],"version-history":[{"count":0,"href":"https:\/\/rewaeu.com\/fr\/wp-json\/wp\/v2\/pages\/2457\/revisions"}],"wp:featuredmedia":[{"embeddable":true,"href":"https:\/\/rewaeu.com\/fr\/wp-json\/wp\/v2\/media\/2795"}],"wp:attachment":[{"href":"https:\/\/rewaeu.com\/fr\/wp-json\/wp\/v2\/media?parent=2457"}],"curies":[{"name":"wp","href":"https:\/\/api.w.org\/{rel}","templated":true}]}}