{"id":1696,"date":"2025-08-12T10:04:23","date_gmt":"2025-08-12T02:04:23","guid":{"rendered":"https:\/\/roihqya482.onrocket.site\/?page_id=1696"},"modified":"2025-10-31T14:52:00","modified_gmt":"2025-10-31T06:52:00","slug":"homepage","status":"publish","type":"page","link":"https:\/\/rewaeu.com\/fr\/","title":{"rendered":"REWA EU"},"content":{"rendered":"<div data-elementor-type=\"wp-post\" data-elementor-id=\"1696\" class=\"elementor elementor-1696\" data-elementor-post-type=\"page\">\n\t\t\t\t<section class=\"elementor-element elementor-element-3f8b8b8a e-con-full e-flex e-con e-parent\" data-id=\"3f8b8b8a\" data-element_type=\"container\" data-e-type=\"container\" data-settings=\"{&quot;background_background&quot;:&quot;classic&quot;}\">\n\t\t\t\t<\/section>\n\t\t<section class=\"elementor-element elementor-element-0ecfb56 e-flex e-con-boxed e-con e-parent\" data-id=\"0ecfb56\" data-element_type=\"container\" data-e-type=\"container\">\n\t\t\t\t\t<div class=\"e-con-inner\">\n\t\t<div class=\"elementor-element elementor-element-8bbcca6 e-con-full e-flex e-con e-child\" data-id=\"8bbcca6\" data-element_type=\"container\" data-e-type=\"container\">\n\t\t\t\t<div class=\"elementor-element elementor-element-a332cf6 elementor-widget elementor-widget-heading\" data-id=\"a332cf6\" data-element_type=\"widget\" data-e-type=\"widget\" data-widget_type=\"heading.default\">\n\t\t\t\t\t<h2 class=\"elementor-heading-title elementor-size-default\">\u00c0 propos de REWA EU<\/h2>\t\t\t\t<\/div>\n\t\t\t\t<div class=\"elementor-element elementor-element-a593ceb elementor-widget elementor-widget-heading\" data-id=\"a593ceb\" data-element_type=\"widget\" data-e-type=\"widget\" data-widget_type=\"heading.default\">\n\t\t\t\t\t<p class=\"elementor-heading-title elementor-size-default\">REWA EU est cofond\u00e9 par REWA Tech, un fournisseur mondialement reconnu de solutions de r\u00e9paration \u00e9lectronique bas\u00e9 en Chine, et GSM Parts Center (GPC), un distributeur en gros respect\u00e9 de pi\u00e8ces d\u00e9tach\u00e9es et d'accessoires pour t\u00e9l\u00e9phones mobiles dont le si\u00e8ge se trouve aux Pays-Bas. En tant que coentreprise de REWA et GPC, nous relions la solide cha\u00eene d'approvisionnement chinoise \u00e0 l'expertise europ\u00e9enne en mati\u00e8re de services locaux afin de mieux servir l'industrie de la r\u00e9paration et de la remise \u00e0 neuf des appareils \u00e9lectroniques sur tout le continent en fournissant des solutions de haute qualit\u00e9 et rentables, notamment en mati\u00e8re d'approvisionnement en produits, de formation \u00e0 la r\u00e9paration et de services \u00e0 valeur ajout\u00e9e aux distributeurs, aux usines de remise \u00e0 neuf, aux compagnies d'assurance et aux cha\u00eenes d'ateliers de r\u00e9paration. Notre mission est de renforcer les entreprises de r\u00e9paration europ\u00e9ennes.<\/p>\t\t\t\t<\/div>\n\t\t\t\t<\/div>\n\t\t<div class=\"elementor-element elementor-element-b128707 e-con-full e-flex e-con e-child\" data-id=\"b128707\" data-element_type=\"container\" data-e-type=\"container\">\n\t\t\t\t<div class=\"elementor-element elementor-element-14a5b90 elementor-widget elementor-widget-video\" data-id=\"14a5b90\" data-element_type=\"widget\" data-e-type=\"widget\" data-settings=\"{&quot;youtube_url&quot;:&quot;https:\\\/\\\/www.youtube.com\\\/watch?v=eCCuj-4nkYk&quot;,&quot;video_type&quot;:&quot;youtube&quot;,&quot;controls&quot;:&quot;yes&quot;}\" data-widget_type=\"video.default\">\n\t\t\t\t\t\t\t<div class=\"elementor-wrapper elementor-open-inline\">\n\t\t\t<div class=\"elementor-video\"><\/div>\t\t<\/div>\n\t\t\t\t\t\t<\/div>\n\t\t\t\t<\/div>\n\t\t\t\t\t<\/div>\n\t\t\t\t<\/section>\n\t\t<div class=\"elementor-element elementor-element-0f8e771 e-flex e-con-boxed e-con e-parent\" data-id=\"0f8e771\" data-element_type=\"container\" data-e-type=\"container\">\n\t\t\t\t\t<div class=\"e-con-inner\">\n\t\t<div class=\"elementor-element elementor-element-2c28c5c e-con-full e-flex e-con e-child\" data-id=\"2c28c5c\" data-element_type=\"container\" data-e-type=\"container\">\n\t\t\t\t<div class=\"elementor-element elementor-element-fbcc783 elementor-widget elementor-widget-heading\" data-id=\"fbcc783\" data-element_type=\"widget\" data-e-type=\"widget\" data-widget_type=\"heading.default\">\n\t\t\t\t\t<h2 class=\"elementor-heading-title elementor-size-default\">\u00c9v\u00e9nements et collaborations<\/h2>\t\t\t\t<\/div>\n\t\t\t\t<div class=\"elementor-element elementor-element-bac338f elementor-widget__width-initial elementor-widget elementor-widget-heading\" data-id=\"bac338f\" data-element_type=\"widget\" data-e-type=\"widget\" data-widget_type=\"heading.default\">\n\t\t\t\t\t<p class=\"elementor-heading-title elementor-size-default\">D\u00e9couvrez comment REWA EU relie la solide cha\u00eene d'approvisionnement chinoise \u00e0 l'expertise europ\u00e9enne en mati\u00e8re de services locaux par le biais d'\u00e9v\u00e9nements industriels et de partenariats strat\u00e9giques.<\/p>\t\t\t\t<\/div>\n\t\t\t\t<\/div>\n\t\t<div class=\"elementor-element elementor-element-67f1d98 e-con-full event-card e-flex e-con e-child\" data-id=\"67f1d98\" data-element_type=\"container\" data-e-type=\"container\" data-settings=\"{&quot;background_background&quot;:&quot;classic&quot;}\">\n\t\t\t\t<div class=\"elementor-element elementor-element-b3fa989 elementor-widget elementor-widget-image\" data-id=\"b3fa989\" data-element_type=\"widget\" data-e-type=\"widget\" data-widget_type=\"image.default\">\n\t\t\t\t\t\t\t\t\t\t\t\t\t\t\t<img decoding=\"async\" width=\"1366\" height=\"768\" src=\"https:\/\/rewaeu.com\/wp-content\/uploads\/2025\/09\/rewa-at-back-forum.webp\" class=\"attachment-full size-full wp-image-3297\" alt=\"\" srcset=\"https:\/\/rewaeu.com\/wp-content\/uploads\/2025\/09\/rewa-at-back-forum.webp 1366w, https:\/\/rewaeu.com\/wp-content\/uploads\/2025\/09\/rewa-at-back-forum-800x450.webp 800w, https:\/\/rewaeu.com\/wp-content\/uploads\/2025\/09\/rewa-at-back-forum-300x169.webp 300w, https:\/\/rewaeu.com\/wp-content\/uploads\/2025\/09\/rewa-at-back-forum-1024x576.webp 1024w, https:\/\/rewaeu.com\/wp-content\/uploads\/2025\/09\/rewa-at-back-forum-768x432.webp 768w, https:\/\/rewaeu.com\/wp-content\/uploads\/2025\/09\/rewa-at-back-forum-18x10.webp 18w\" sizes=\"(max-width: 1366px) 100vw, 1366px\">\t\t\t\t\t\t\t\t\t\t\t\t\t\t\t<\/div>\n\t\t\t\t<div class=\"elementor-element elementor-element-2a7fe70 elementor-widget elementor-widget-heading\" data-id=\"2a7fe70\" data-element_type=\"widget\" data-e-type=\"widget\" data-widget_type=\"heading.default\">\n\t\t\t\t\t<h2 class=\"elementor-heading-title elementor-size-default\">Retour Participation au forum<\/h2>\t\t\t\t<\/div>\n\t\t\t\t<div class=\"elementor-element elementor-element-e68c296 elementor-widget elementor-widget-heading\" data-id=\"e68c296\" data-element_type=\"widget\" data-e-type=\"widget\" data-widget_type=\"heading.default\">\n\t\t\t\t\t<p class=\"elementor-heading-title elementor-size-default\">S'engager avec les leaders de l'industrie au Back Forum pour discuter de l'avenir de la r\u00e9paration et de la remise \u00e0 neuf des appareils \u00e9lectroniques.<\/p>\t\t\t\t<\/div>\n\t\t\t\t<\/div>\n\t\t<div class=\"elementor-element elementor-element-bc66d21 e-con-full event-card e-flex e-con e-child\" data-id=\"bc66d21\" data-element_type=\"container\" data-e-type=\"container\" data-settings=\"{&quot;background_background&quot;:&quot;classic&quot;}\">\n\t\t\t\t<div class=\"elementor-element elementor-element-d0a6ede elementor-widget elementor-widget-image\" data-id=\"d0a6ede\" data-element_type=\"widget\" data-e-type=\"widget\" data-widget_type=\"image.default\">\n\t\t\t\t\t\t\t\t\t\t\t\t\t\t\t<img decoding=\"async\" width=\"1366\" height=\"768\" src=\"https:\/\/rewaeu.com\/wp-content\/uploads\/2025\/09\/rewa-at-ifa-berlin-01.webp\" class=\"attachment-full size-full wp-image-3298\" alt=\"\" srcset=\"https:\/\/rewaeu.com\/wp-content\/uploads\/2025\/09\/rewa-at-ifa-berlin-01.webp 1366w, https:\/\/rewaeu.com\/wp-content\/uploads\/2025\/09\/rewa-at-ifa-berlin-01-800x450.webp 800w, https:\/\/rewaeu.com\/wp-content\/uploads\/2025\/09\/rewa-at-ifa-berlin-01-300x169.webp 300w, https:\/\/rewaeu.com\/wp-content\/uploads\/2025\/09\/rewa-at-ifa-berlin-01-1024x576.webp 1024w, https:\/\/rewaeu.com\/wp-content\/uploads\/2025\/09\/rewa-at-ifa-berlin-01-768x432.webp 768w, https:\/\/rewaeu.com\/wp-content\/uploads\/2025\/09\/rewa-at-ifa-berlin-01-18x10.webp 18w\" sizes=\"(max-width: 1366px) 100vw, 1366px\">\t\t\t\t\t\t\t\t\t\t\t\t\t\t\t<\/div>\n\t\t\t\t<div class=\"elementor-element elementor-element-27736f5 elementor-widget elementor-widget-heading\" data-id=\"27736f5\" data-element_type=\"widget\" data-e-type=\"widget\" data-widget_type=\"heading.default\">\n\t\t\t\t\t<h2 class=\"elementor-heading-title elementor-size-default\">Mise en r\u00e9seau de l'industrie<\/h2>\t\t\t\t<\/div>\n\t\t\t\t<div class=\"elementor-element elementor-element-235b656 elementor-widget elementor-widget-heading\" data-id=\"235b656\" data-element_type=\"widget\" data-e-type=\"widget\" data-widget_type=\"heading.default\">\n\t\t\t\t\t<p class=\"elementor-heading-title elementor-size-default\">Nous rencontrerons des partenaires et des clients \u00e0 l'IFA de Berlin afin de renforcer notre pr\u00e9sence en Europe.<\/p>\t\t\t\t<\/div>\n\t\t\t\t<\/div>\n\t\t<div class=\"elementor-element elementor-element-b4a847f e-con-full event-card e-flex e-con e-child\" data-id=\"b4a847f\" data-element_type=\"container\" data-e-type=\"container\" data-settings=\"{&quot;background_background&quot;:&quot;classic&quot;}\">\n\t\t\t\t<div class=\"elementor-element elementor-element-c73f30b elementor-widget elementor-widget-image\" data-id=\"c73f30b\" data-element_type=\"widget\" data-e-type=\"widget\" data-widget_type=\"image.default\">\n\t\t\t\t\t\t\t\t\t\t\t\t\t\t\t<img decoding=\"async\" width=\"1366\" height=\"768\" src=\"https:\/\/rewaeu.com\/wp-content\/uploads\/2025\/09\/rewa-at-ifa-berlin-02.webp\" class=\"attachment-full size-full wp-image-3299\" alt=\"\" srcset=\"https:\/\/rewaeu.com\/wp-content\/uploads\/2025\/09\/rewa-at-ifa-berlin-02.webp 1366w, https:\/\/rewaeu.com\/wp-content\/uploads\/2025\/09\/rewa-at-ifa-berlin-02-800x450.webp 800w, https:\/\/rewaeu.com\/wp-content\/uploads\/2025\/09\/rewa-at-ifa-berlin-02-300x169.webp 300w, https:\/\/rewaeu.com\/wp-content\/uploads\/2025\/09\/rewa-at-ifa-berlin-02-1024x576.webp 1024w, https:\/\/rewaeu.com\/wp-content\/uploads\/2025\/09\/rewa-at-ifa-berlin-02-768x432.webp 768w, https:\/\/rewaeu.com\/wp-content\/uploads\/2025\/09\/rewa-at-ifa-berlin-02-18x10.webp 18w\" sizes=\"(max-width: 1366px) 100vw, 1366px\">\t\t\t\t\t\t\t\t\t\t\t\t\t\t\t<\/div>\n\t\t\t\t<div class=\"elementor-element elementor-element-13d25a1 elementor-widget elementor-widget-heading\" data-id=\"13d25a1\" data-element_type=\"widget\" data-e-type=\"widget\" data-widget_type=\"heading.default\">\n\t\t\t\t\t<h2 class=\"elementor-heading-title elementor-size-default\">Vitrine IFA Berlin<\/h2>\t\t\t\t<\/div>\n\t\t\t\t<div class=\"elementor-element elementor-element-aa6d525 elementor-widget elementor-widget-heading\" data-id=\"aa6d525\" data-element_type=\"widget\" data-e-type=\"widget\" data-widget_type=\"heading.default\">\n\t\t\t\t\t<p class=\"elementor-heading-title elementor-size-default\">Pr\u00e9sentation de nos derni\u00e8res solutions et technologies de r\u00e9paration au plus grand salon europ\u00e9en de l'\u00e9lectronique grand public.<\/p>\t\t\t\t<\/div>\n\t\t\t\t<\/div>\n\t\t<div class=\"elementor-element elementor-element-1c4a3b1 e-con-full event-card e-flex e-con e-child\" data-id=\"1c4a3b1\" data-element_type=\"container\" data-e-type=\"container\" data-settings=\"{&quot;background_background&quot;:&quot;classic&quot;}\">\n\t\t\t\t<div class=\"elementor-element elementor-element-674795a elementor-widget elementor-widget-image\" data-id=\"674795a\" data-element_type=\"widget\" data-e-type=\"widget\" data-widget_type=\"image.default\">\n\t\t\t\t\t\t\t\t\t\t\t\t\t\t\t<img decoding=\"async\" width=\"1366\" height=\"768\" src=\"https:\/\/rewaeu.com\/wp-content\/uploads\/2025\/09\/rewa-at-ifa-berlin-03.webp\" class=\"attachment-full size-full wp-image-3300\" alt=\"\" srcset=\"https:\/\/rewaeu.com\/wp-content\/uploads\/2025\/09\/rewa-at-ifa-berlin-03.webp 1366w, https:\/\/rewaeu.com\/wp-content\/uploads\/2025\/09\/rewa-at-ifa-berlin-03-800x450.webp 800w, https:\/\/rewaeu.com\/wp-content\/uploads\/2025\/09\/rewa-at-ifa-berlin-03-300x169.webp 300w, https:\/\/rewaeu.com\/wp-content\/uploads\/2025\/09\/rewa-at-ifa-berlin-03-1024x576.webp 1024w, https:\/\/rewaeu.com\/wp-content\/uploads\/2025\/09\/rewa-at-ifa-berlin-03-768x432.webp 768w, https:\/\/rewaeu.com\/wp-content\/uploads\/2025\/09\/rewa-at-ifa-berlin-03-18x10.webp 18w\" sizes=\"(max-width: 1366px) 100vw, 1366px\">\t\t\t\t\t\t\t\t\t\t\t\t\t\t\t<\/div>\n\t\t\t\t<div class=\"elementor-element elementor-element-f28fc7d elementor-widget elementor-widget-heading\" data-id=\"f28fc7d\" data-element_type=\"widget\" data-e-type=\"widget\" data-widget_type=\"heading.default\">\n\t\t\t\t\t<h2 class=\"elementor-heading-title elementor-size-default\">D\u00e9monstration technologique<\/h2>\t\t\t\t<\/div>\n\t\t\t\t<div class=\"elementor-element elementor-element-5e1502c elementor-widget elementor-widget-heading\" data-id=\"5e1502c\" data-element_type=\"widget\" data-e-type=\"widget\" data-widget_type=\"heading.default\">\n\t\t\t\t\t<p class=\"elementor-heading-title elementor-size-default\">Pr\u00e9sentation de techniques et d'\u00e9quipements de r\u00e9paration de pointe aux leaders du march\u00e9 europ\u00e9en.<\/p>\t\t\t\t<\/div>\n\t\t\t\t<\/div>\n\t\t<div class=\"elementor-element elementor-element-7778eeb e-con-full event-card e-flex e-con e-child\" data-id=\"7778eeb\" data-element_type=\"container\" data-e-type=\"container\" data-settings=\"{&quot;background_background&quot;:&quot;classic&quot;}\">\n\t\t\t\t<div class=\"elementor-element elementor-element-ffe437b elementor-widget elementor-widget-image\" data-id=\"ffe437b\" data-element_type=\"widget\" data-e-type=\"widget\" data-widget_type=\"image.default\">\n\t\t\t\t\t\t\t\t\t\t\t\t\t\t\t<img decoding=\"async\" width=\"1366\" height=\"768\" src=\"https:\/\/rewaeu.com\/wp-content\/uploads\/2025\/09\/REWA-EU-Ceremony.webp\" class=\"attachment-full size-full wp-image-3302\" alt=\"\" srcset=\"https:\/\/rewaeu.com\/wp-content\/uploads\/2025\/09\/REWA-EU-Ceremony.webp 1366w, https:\/\/rewaeu.com\/wp-content\/uploads\/2025\/09\/REWA-EU-Ceremony-800x450.webp 800w, https:\/\/rewaeu.com\/wp-content\/uploads\/2025\/09\/REWA-EU-Ceremony-300x169.webp 300w, https:\/\/rewaeu.com\/wp-content\/uploads\/2025\/09\/REWA-EU-Ceremony-1024x576.webp 1024w, https:\/\/rewaeu.com\/wp-content\/uploads\/2025\/09\/REWA-EU-Ceremony-768x432.webp 768w, https:\/\/rewaeu.com\/wp-content\/uploads\/2025\/09\/REWA-EU-Ceremony-18x10.webp 18w\" sizes=\"(max-width: 1366px) 100vw, 1366px\">\t\t\t\t\t\t\t\t\t\t\t\t\t\t\t<\/div>\n\t\t\t\t<div class=\"elementor-element elementor-element-28860e1 elementor-widget elementor-widget-heading\" data-id=\"28860e1\" data-element_type=\"widget\" data-e-type=\"widget\" data-widget_type=\"heading.default\">\n\t\t\t\t\t<h2 class=\"elementor-heading-title elementor-size-default\">C\u00e9r\u00e9monie de partenariat<\/h2>\t\t\t\t<\/div>\n\t\t\t\t<div class=\"elementor-element elementor-element-cd06cc3 elementor-widget elementor-widget-heading\" data-id=\"cd06cc3\" data-element_type=\"widget\" data-e-type=\"widget\" data-widget_type=\"heading.default\">\n\t\t\t\t\t<p class=\"elementor-heading-title elementor-size-default\">Formalisation de la collaboration entre REWA Tech et GSM Parts Center pour servir le march\u00e9 europ\u00e9en.<\/p>\t\t\t\t<\/div>\n\t\t\t\t<\/div>\n\t\t<div class=\"elementor-element elementor-element-f348e9c e-con-full event-card e-flex e-con e-child\" data-id=\"f348e9c\" data-element_type=\"container\" data-e-type=\"container\" data-settings=\"{&quot;background_background&quot;:&quot;classic&quot;}\">\n\t\t\t\t<div class=\"elementor-element elementor-element-cc1f598 elementor-widget elementor-widget-image\" data-id=\"cc1f598\" data-element_type=\"widget\" data-e-type=\"widget\" data-widget_type=\"image.default\">\n\t\t\t\t\t\t\t\t\t\t\t\t\t\t\t<img decoding=\"async\" width=\"1366\" height=\"768\" src=\"https:\/\/rewaeu.com\/wp-content\/uploads\/2025\/09\/rewa-eu-announcement.webp\" class=\"attachment-full size-full wp-image-3301\" alt=\"\" srcset=\"https:\/\/rewaeu.com\/wp-content\/uploads\/2025\/09\/rewa-eu-announcement.webp 1366w, https:\/\/rewaeu.com\/wp-content\/uploads\/2025\/09\/rewa-eu-announcement-800x450.webp 800w, https:\/\/rewaeu.com\/wp-content\/uploads\/2025\/09\/rewa-eu-announcement-300x169.webp 300w, https:\/\/rewaeu.com\/wp-content\/uploads\/2025\/09\/rewa-eu-announcement-1024x576.webp 1024w, https:\/\/rewaeu.com\/wp-content\/uploads\/2025\/09\/rewa-eu-announcement-768x432.webp 768w, https:\/\/rewaeu.com\/wp-content\/uploads\/2025\/09\/rewa-eu-announcement-18x10.webp 18w\" sizes=\"(max-width: 1366px) 100vw, 1366px\">\t\t\t\t\t\t\t\t\t\t\t\t\t\t\t<\/div>\n\t\t\t\t<div class=\"elementor-element elementor-element-3a01550 elementor-widget elementor-widget-heading\" data-id=\"3a01550\" data-element_type=\"widget\" data-e-type=\"widget\" data-widget_type=\"heading.default\">\n\t\t\t\t\t<h2 class=\"elementor-heading-title elementor-size-default\">Lancement officiel<\/h2>\t\t\t\t<\/div>\n\t\t\t\t<div class=\"elementor-element elementor-element-173a481 elementor-widget elementor-widget-heading\" data-id=\"173a481\" data-element_type=\"widget\" data-e-type=\"widget\" data-widget_type=\"heading.default\">\n\t\t\t\t\t<p class=\"elementor-heading-title elementor-size-default\">C\u00e9l\u00e9bration de l'annonce officielle de REWA EU en tant qu'entreprise commune entre REWA Tech et GPC au Back Forum.<\/p>\t\t\t\t<\/div>\n\t\t\t\t<\/div>\n\t\t\t\t\t<\/div>\n\t\t\t\t<\/div>\n\t\t\t\t<\/div>","protected":false},"excerpt":{"rendered":"<p>About REWA EU REWA EU is\u00a0co-founded by REWA Tech, a globally recognized provider of electronics repair solutions based in China, and GSM Parts Center (GPC), a respected wholesale distributor in mobile phone spare parts and accessories headquartered in the Netherlands. As a joint venture\u00a0of REWA and GPC, we connect China&#8217;s robust supply chain with Europe&#8217;s&#8230;<\/p>","protected":false},"author":1,"featured_media":3080,"parent":0,"menu_order":0,"comment_status":"closed","ping_status":"closed","template":"","meta":{"_kad_blocks_custom_css":"","_kad_blocks_head_custom_js":"","_kad_blocks_body_custom_js":"","_kad_blocks_footer_custom_js":"","_kad_post_transparent":"","_kad_post_title":"","_kad_post_layout":"fullwidth","_kad_post_sidebar_id":"","_kad_post_content_style":"","_kad_post_vertical_padding":"","_kad_post_feature":"","_kad_post_feature_position":"","_kad_post_header":false,"_kad_post_footer":false,"_kad_post_classname":"","footnotes":""},"class_list":["post-1696","page","type-page","status-publish","has-post-thumbnail","hentry"],"taxonomy_info":[],"featured_image_src_large":["https:\/\/rewaeu.com\/wp-content\/uploads\/2025\/08\/rewa-team-1024x768.png",1024,768,true],"author_info":{"display_name":"tareqjhe1","author_link":"https:\/\/rewaeu.com\/fr\/author\/tareqjhe1\/"},"comment_info":0,"_links":{"self":[{"href":"https:\/\/rewaeu.com\/fr\/wp-json\/wp\/v2\/pages\/1696","targetHints":{"allow":["GET"]}}],"collection":[{"href":"https:\/\/rewaeu.com\/fr\/wp-json\/wp\/v2\/pages"}],"about":[{"href":"https:\/\/rewaeu.com\/fr\/wp-json\/wp\/v2\/types\/page"}],"author":[{"embeddable":true,"href":"https:\/\/rewaeu.com\/fr\/wp-json\/wp\/v2\/users\/1"}],"replies":[{"embeddable":true,"href":"https:\/\/rewaeu.com\/fr\/wp-json\/wp\/v2\/comments?post=1696"}],"version-history":[{"count":0,"href":"https:\/\/rewaeu.com\/fr\/wp-json\/wp\/v2\/pages\/1696\/revisions"}],"wp:featuredmedia":[{"embeddable":true,"href":"https:\/\/rewaeu.com\/fr\/wp-json\/wp\/v2\/media\/3080"}],"wp:attachment":[{"href":"https:\/\/rewaeu.com\/fr\/wp-json\/wp\/v2\/media?parent=1696"}],"curies":[{"name":"wp","href":"https:\/\/api.w.org\/{rel}","templated":true}]}}