{"id":3691,"date":"2026-01-22T15:35:21","date_gmt":"2026-01-22T07:35:21","guid":{"rendered":"https:\/\/rewaeu.com\/?post_type=product&#038;p=3691"},"modified":"2026-03-16T17:48:20","modified_gmt":"2026-03-16T09:48:20","slug":"iphone-soft-oled-screen-replacement-prime","status":"publish","type":"product","link":"https:\/\/rewaeu.com\/es\/product\/iphone-soft-oled-screen-replacement-prime\/","title":{"rendered":"REPART Prime Pantalla OLED blanda de repuesto para iPhone X - 16e"},"content":{"rendered":"\n<p class=\"pb-2 min-w-[1px]\"><strong>REPART Prime Quality<\/strong> <strong>iPhone Soft OLED Screen Replacement <\/strong>offers a premium solution for restoring your iPhone&#8217;s display. Featuring an <strong>OLED FHD Display<\/strong>, it delivers <strong>vivid, true-to-life visuals<\/strong> with <strong>Super Retina high definition<\/strong> and a <strong>wide color gamut<\/strong> for stunning clarity. The <strong>anti-glare design<\/strong> supports <strong>360-degree full view<\/strong>, even with sunglasses, ensuring comfort in any lighting.<\/p>\n\n\n\n<p class=\"pb-2 min-w-[1px]\">This screen replacement maintains the <strong>original touch design<\/strong> for an <strong>extremely smooth user experience<\/strong>, while its <strong>Soft OLED construction<\/strong> provides <strong>high shatter <\/strong><span class=\"issue-underline underline decoration-2 underline-offset-4 transition decoration-border-brand-default hover:bg-bg-brand-light-default\" data-issueid=\"f2f53fbf-4e01-477f-b248-6c135e6988f6\" aria-label=\"open issue for the following text resistance for durability.\" data-testid=\"issue-underline:resistance.\"><strong>resistance<\/strong> for durability.<\/span> With a <strong>1:1 original fit-in design<\/strong>, it offers a <strong>marvelous hands-on experience<\/strong> that feels authentic. Compatible with <strong>iPhone X to iPhone 16e<\/strong>, REPART ensures top-tier quality for seamless functionality and visual excellence.<\/p>\n\n\n<style>.wp-block-kadence-advancedgallery .kb-gallery-type-masonry.kb-gallery-id-3691_d48fd7-27{margin:-0px;}.kb-gallery-type-masonry.kb-gallery-id-3691_d48fd7-27 .kadence-blocks-gallery-item{padding:0px;}.kb-gallery-id-3691_d48fd7-27 .kadence-blocks-gallery-item .kb-gal-image-radius, .kb-gallery-id-3691_d48fd7-27 .kb-slide-item .kb-gal-image-radius img{border-radius:0px 0px 0px 0px;;}<\/style><div class=\"kb-gallery-wrap-id-3691_d48fd7-27 alignnone wp-block-kadence-advancedgallery\"><ul class=\"kb-gallery-ul kb-gallery-non-static kb-gallery-type-masonry kb-masonry-init kb-gallery-id-3691_d48fd7-27 kb-gallery-caption-style-bottom-hover kb-gallery-filter-none kb-gallery-magnific-init\" data-image-filter=\"none\" data-item-selector=\".kadence-blocks-gallery-item\" data-lightbox-caption=\"false\" data-columns-xxl=\"1\" data-columns-xl=\"1\" data-columns-md=\"1\" data-columns-sm=\"1\" data-columns-xs=\"1\" data-columns-ss=\"1\"><li class=\"kadence-blocks-gallery-item\"><div class=\"kadence-blocks-gallery-item-inner\"><figure class=\"kb-gallery-figure kb-gallery-item-has-link kadence-blocks-gallery-item-hide-caption\"><a href=\"https:\/\/rewaeu.com\/wp-content\/uploads\/2026\/01\/repart-iphone-ultra-oled-screen-features-01.webp\" class=\"kb-gallery-item-link\"   role=\"button\" aria-haspopup=\"dialog\"><div class=\"kb-gal-image-radius\" style=\"max-width:1536px;\"><div class=\"kb-gallery-image-contain kadence-blocks-gallery-intrinsic\" style=\"padding-bottom:55%;\"><img decoding=\"async\" src=\"https:\/\/rewaeu.com\/wp-content\/uploads\/2026\/01\/repart-iphone-ultra-oled-screen-features-01-1536x855.webp\" width=\"1536\" height=\"855\" alt=\"\" data-full-image=\"https:\/\/rewaeu.com\/wp-content\/uploads\/2026\/01\/repart-iphone-ultra-oled-screen-features-01.webp\" data-light-image=\"https:\/\/rewaeu.com\/wp-content\/uploads\/2026\/01\/repart-iphone-ultra-oled-screen-features-01.webp\" data-id=\"3545\" class=\"wp-image-3545\" srcset=\"https:\/\/rewaeu.com\/wp-content\/uploads\/2026\/01\/repart-iphone-ultra-oled-screen-features-01-1536x855.webp 1536w, https:\/\/rewaeu.com\/wp-content\/uploads\/2026\/01\/repart-iphone-ultra-oled-screen-features-01-300x167.webp 300w, https:\/\/rewaeu.com\/wp-content\/uploads\/2026\/01\/repart-iphone-ultra-oled-screen-features-01-1024x570.webp 1024w, https:\/\/rewaeu.com\/wp-content\/uploads\/2026\/01\/repart-iphone-ultra-oled-screen-features-01-768x428.webp 768w, https:\/\/rewaeu.com\/wp-content\/uploads\/2026\/01\/repart-iphone-ultra-oled-screen-features-01-18x10.webp 18w, https:\/\/rewaeu.com\/wp-content\/uploads\/2026\/01\/repart-iphone-ultra-oled-screen-features-01-800x445.webp 800w, https:\/\/rewaeu.com\/wp-content\/uploads\/2026\/01\/repart-iphone-ultra-oled-screen-features-01.webp 2048w\" sizes=\"(max-width: 1536px) 100vw, 1536px\" \/><\/div><\/div><\/a><\/figure><\/div><\/li><li class=\"kadence-blocks-gallery-item\"><div class=\"kadence-blocks-gallery-item-inner\"><figure class=\"kb-gallery-figure kb-gallery-item-has-link kadence-blocks-gallery-item-hide-caption\"><a href=\"https:\/\/rewaeu.com\/wp-content\/uploads\/2026\/01\/repart-iphone-ultra-oled-screen-features-02.webp\" class=\"kb-gallery-item-link\"   role=\"button\" aria-haspopup=\"dialog\"><div class=\"kb-gal-image-radius\" style=\"max-width:1536px;\"><div class=\"kb-gallery-image-contain kadence-blocks-gallery-intrinsic\" style=\"padding-bottom:73%;\"><img decoding=\"async\" src=\"https:\/\/rewaeu.com\/wp-content\/uploads\/2026\/01\/repart-iphone-ultra-oled-screen-features-02-1536x1125.webp\" width=\"1536\" height=\"1125\" alt=\"\" data-full-image=\"https:\/\/rewaeu.com\/wp-content\/uploads\/2026\/01\/repart-iphone-ultra-oled-screen-features-02.webp\" data-light-image=\"https:\/\/rewaeu.com\/wp-content\/uploads\/2026\/01\/repart-iphone-ultra-oled-screen-features-02.webp\" data-id=\"3546\" class=\"wp-image-3546\" srcset=\"https:\/\/rewaeu.com\/wp-content\/uploads\/2026\/01\/repart-iphone-ultra-oled-screen-features-02-1536x1125.webp 1536w, https:\/\/rewaeu.com\/wp-content\/uploads\/2026\/01\/repart-iphone-ultra-oled-screen-features-02-300x220.webp 300w, https:\/\/rewaeu.com\/wp-content\/uploads\/2026\/01\/repart-iphone-ultra-oled-screen-features-02-1024x750.webp 1024w, https:\/\/rewaeu.com\/wp-content\/uploads\/2026\/01\/repart-iphone-ultra-oled-screen-features-02-768x563.webp 768w, https:\/\/rewaeu.com\/wp-content\/uploads\/2026\/01\/repart-iphone-ultra-oled-screen-features-02-16x12.webp 16w, https:\/\/rewaeu.com\/wp-content\/uploads\/2026\/01\/repart-iphone-ultra-oled-screen-features-02-800x586.webp 800w, https:\/\/rewaeu.com\/wp-content\/uploads\/2026\/01\/repart-iphone-ultra-oled-screen-features-02.webp 2048w\" sizes=\"(max-width: 1536px) 100vw, 1536px\" \/><\/div><\/div><\/a><\/figure><\/div><\/li><li class=\"kadence-blocks-gallery-item\"><div class=\"kadence-blocks-gallery-item-inner\"><figure class=\"kb-gallery-figure kb-gallery-item-has-link kadence-blocks-gallery-item-hide-caption\"><a href=\"https:\/\/rewaeu.com\/wp-content\/uploads\/2026\/01\/repart-iphone-ultra-oled-screen-features-03.webp\" class=\"kb-gallery-item-link\"   role=\"button\" aria-haspopup=\"dialog\"><div class=\"kb-gal-image-radius\" style=\"max-width:1536px;\"><div class=\"kb-gallery-image-contain kadence-blocks-gallery-intrinsic\" style=\"padding-bottom:73%;\"><img decoding=\"async\" src=\"https:\/\/rewaeu.com\/wp-content\/uploads\/2026\/01\/repart-iphone-ultra-oled-screen-features-03-1536x1125.webp\" width=\"1536\" height=\"1125\" alt=\"\" data-full-image=\"https:\/\/rewaeu.com\/wp-content\/uploads\/2026\/01\/repart-iphone-ultra-oled-screen-features-03.webp\" data-light-image=\"https:\/\/rewaeu.com\/wp-content\/uploads\/2026\/01\/repart-iphone-ultra-oled-screen-features-03.webp\" data-id=\"3547\" class=\"wp-image-3547\" srcset=\"https:\/\/rewaeu.com\/wp-content\/uploads\/2026\/01\/repart-iphone-ultra-oled-screen-features-03-1536x1125.webp 1536w, https:\/\/rewaeu.com\/wp-content\/uploads\/2026\/01\/repart-iphone-ultra-oled-screen-features-03-300x220.webp 300w, https:\/\/rewaeu.com\/wp-content\/uploads\/2026\/01\/repart-iphone-ultra-oled-screen-features-03-1024x750.webp 1024w, https:\/\/rewaeu.com\/wp-content\/uploads\/2026\/01\/repart-iphone-ultra-oled-screen-features-03-768x563.webp 768w, https:\/\/rewaeu.com\/wp-content\/uploads\/2026\/01\/repart-iphone-ultra-oled-screen-features-03-16x12.webp 16w, https:\/\/rewaeu.com\/wp-content\/uploads\/2026\/01\/repart-iphone-ultra-oled-screen-features-03-800x586.webp 800w, https:\/\/rewaeu.com\/wp-content\/uploads\/2026\/01\/repart-iphone-ultra-oled-screen-features-03.webp 2048w\" sizes=\"(max-width: 1536px) 100vw, 1536px\" \/><\/div><\/div><\/a><\/figure><\/div><\/li><li class=\"kadence-blocks-gallery-item\"><div class=\"kadence-blocks-gallery-item-inner\"><figure class=\"kb-gallery-figure kb-gallery-item-has-link kadence-blocks-gallery-item-hide-caption\"><a href=\"https:\/\/rewaeu.com\/wp-content\/uploads\/2026\/01\/repart-iphone-ultra-oled-screen-features-04.webp\" class=\"kb-gallery-item-link\"   role=\"button\" aria-haspopup=\"dialog\"><div class=\"kb-gal-image-radius\" style=\"max-width:1536px;\"><div class=\"kb-gallery-image-contain kadence-blocks-gallery-intrinsic\" style=\"padding-bottom:84%;\"><img decoding=\"async\" src=\"https:\/\/rewaeu.com\/wp-content\/uploads\/2026\/01\/repart-iphone-ultra-oled-screen-features-04-1536x1305.webp\" width=\"1536\" height=\"1305\" alt=\"\" data-full-image=\"https:\/\/rewaeu.com\/wp-content\/uploads\/2026\/01\/repart-iphone-ultra-oled-screen-features-04.webp\" data-light-image=\"https:\/\/rewaeu.com\/wp-content\/uploads\/2026\/01\/repart-iphone-ultra-oled-screen-features-04.webp\" data-id=\"3548\" class=\"wp-image-3548\" srcset=\"https:\/\/rewaeu.com\/wp-content\/uploads\/2026\/01\/repart-iphone-ultra-oled-screen-features-04-1536x1305.webp 1536w, https:\/\/rewaeu.com\/wp-content\/uploads\/2026\/01\/repart-iphone-ultra-oled-screen-features-04-300x255.webp 300w, https:\/\/rewaeu.com\/wp-content\/uploads\/2026\/01\/repart-iphone-ultra-oled-screen-features-04-1024x870.webp 1024w, https:\/\/rewaeu.com\/wp-content\/uploads\/2026\/01\/repart-iphone-ultra-oled-screen-features-04-768x653.webp 768w, https:\/\/rewaeu.com\/wp-content\/uploads\/2026\/01\/repart-iphone-ultra-oled-screen-features-04-14x12.webp 14w, https:\/\/rewaeu.com\/wp-content\/uploads\/2026\/01\/repart-iphone-ultra-oled-screen-features-04-800x680.webp 800w, https:\/\/rewaeu.com\/wp-content\/uploads\/2026\/01\/repart-iphone-ultra-oled-screen-features-04.webp 2048w\" sizes=\"(max-width: 1536px) 100vw, 1536px\" \/><\/div><\/div><\/a><\/figure><\/div><\/li><li class=\"kadence-blocks-gallery-item\"><div class=\"kadence-blocks-gallery-item-inner\"><figure class=\"kb-gallery-figure kb-gallery-item-has-link kadence-blocks-gallery-item-hide-caption\"><a href=\"https:\/\/rewaeu.com\/wp-content\/uploads\/2026\/01\/repart-iphone-ultra-oled-screen-features-05.webp\" class=\"kb-gallery-item-link\"   role=\"button\" aria-haspopup=\"dialog\"><div class=\"kb-gal-image-radius\" style=\"max-width:1536px;\"><div class=\"kb-gallery-image-contain kadence-blocks-gallery-intrinsic\" style=\"padding-bottom:73%;\"><img decoding=\"async\" src=\"https:\/\/rewaeu.com\/wp-content\/uploads\/2026\/01\/repart-iphone-ultra-oled-screen-features-05-1536x1125.webp\" width=\"1536\" height=\"1125\" alt=\"\" data-full-image=\"https:\/\/rewaeu.com\/wp-content\/uploads\/2026\/01\/repart-iphone-ultra-oled-screen-features-05.webp\" data-light-image=\"https:\/\/rewaeu.com\/wp-content\/uploads\/2026\/01\/repart-iphone-ultra-oled-screen-features-05.webp\" data-id=\"3549\" class=\"wp-image-3549\" srcset=\"https:\/\/rewaeu.com\/wp-content\/uploads\/2026\/01\/repart-iphone-ultra-oled-screen-features-05-1536x1125.webp 1536w, https:\/\/rewaeu.com\/wp-content\/uploads\/2026\/01\/repart-iphone-ultra-oled-screen-features-05-300x220.webp 300w, https:\/\/rewaeu.com\/wp-content\/uploads\/2026\/01\/repart-iphone-ultra-oled-screen-features-05-1024x750.webp 1024w, https:\/\/rewaeu.com\/wp-content\/uploads\/2026\/01\/repart-iphone-ultra-oled-screen-features-05-768x563.webp 768w, https:\/\/rewaeu.com\/wp-content\/uploads\/2026\/01\/repart-iphone-ultra-oled-screen-features-05-16x12.webp 16w, https:\/\/rewaeu.com\/wp-content\/uploads\/2026\/01\/repart-iphone-ultra-oled-screen-features-05-800x586.webp 800w, https:\/\/rewaeu.com\/wp-content\/uploads\/2026\/01\/repart-iphone-ultra-oled-screen-features-05.webp 2048w\" sizes=\"(max-width: 1536px) 100vw, 1536px\" \/><\/div><\/div><\/a><\/figure><\/div><\/li><li class=\"kadence-blocks-gallery-item\"><div class=\"kadence-blocks-gallery-item-inner\"><figure class=\"kb-gallery-figure kb-gallery-item-has-link kadence-blocks-gallery-item-hide-caption\"><a href=\"https:\/\/rewaeu.com\/wp-content\/uploads\/2026\/01\/repart-iphone-ultra-oled-screen-features-06.webp\" class=\"kb-gallery-item-link\"   role=\"button\" aria-haspopup=\"dialog\"><div class=\"kb-gal-image-radius\" style=\"max-width:1536px;\"><div class=\"kb-gallery-image-contain kadence-blocks-gallery-intrinsic\" style=\"padding-bottom:73%;\"><img decoding=\"async\" src=\"https:\/\/rewaeu.com\/wp-content\/uploads\/2026\/01\/repart-iphone-ultra-oled-screen-features-06-1536x1125.webp\" width=\"1536\" height=\"1125\" alt=\"\" data-full-image=\"https:\/\/rewaeu.com\/wp-content\/uploads\/2026\/01\/repart-iphone-ultra-oled-screen-features-06.webp\" data-light-image=\"https:\/\/rewaeu.com\/wp-content\/uploads\/2026\/01\/repart-iphone-ultra-oled-screen-features-06.webp\" data-id=\"3550\" class=\"wp-image-3550\" srcset=\"https:\/\/rewaeu.com\/wp-content\/uploads\/2026\/01\/repart-iphone-ultra-oled-screen-features-06-1536x1125.webp 1536w, https:\/\/rewaeu.com\/wp-content\/uploads\/2026\/01\/repart-iphone-ultra-oled-screen-features-06-300x220.webp 300w, https:\/\/rewaeu.com\/wp-content\/uploads\/2026\/01\/repart-iphone-ultra-oled-screen-features-06-1024x750.webp 1024w, https:\/\/rewaeu.com\/wp-content\/uploads\/2026\/01\/repart-iphone-ultra-oled-screen-features-06-768x563.webp 768w, https:\/\/rewaeu.com\/wp-content\/uploads\/2026\/01\/repart-iphone-ultra-oled-screen-features-06-16x12.webp 16w, https:\/\/rewaeu.com\/wp-content\/uploads\/2026\/01\/repart-iphone-ultra-oled-screen-features-06-800x586.webp 800w, https:\/\/rewaeu.com\/wp-content\/uploads\/2026\/01\/repart-iphone-ultra-oled-screen-features-06.webp 2048w\" sizes=\"(max-width: 1536px) 100vw, 1536px\" \/><\/div><\/div><\/a><\/figure><\/div><\/li><li class=\"kadence-blocks-gallery-item\"><div class=\"kadence-blocks-gallery-item-inner\"><figure class=\"kb-gallery-figure kb-gallery-item-has-link kadence-blocks-gallery-item-hide-caption\"><a href=\"https:\/\/rewaeu.com\/wp-content\/uploads\/2026\/01\/repart-iphone-ultra-oled-screen-features-07.webp\" class=\"kb-gallery-item-link\"   role=\"button\" aria-haspopup=\"dialog\"><div class=\"kb-gal-image-radius\" style=\"max-width:1536px;\"><div class=\"kb-gallery-image-contain kadence-blocks-gallery-intrinsic\" style=\"padding-bottom:73%;\"><img decoding=\"async\" src=\"https:\/\/rewaeu.com\/wp-content\/uploads\/2026\/01\/repart-iphone-ultra-oled-screen-features-07-1536x1125.webp\" width=\"1536\" height=\"1125\" alt=\"\" data-full-image=\"https:\/\/rewaeu.com\/wp-content\/uploads\/2026\/01\/repart-iphone-ultra-oled-screen-features-07.webp\" data-light-image=\"https:\/\/rewaeu.com\/wp-content\/uploads\/2026\/01\/repart-iphone-ultra-oled-screen-features-07.webp\" data-id=\"3551\" class=\"wp-image-3551\" srcset=\"https:\/\/rewaeu.com\/wp-content\/uploads\/2026\/01\/repart-iphone-ultra-oled-screen-features-07-1536x1125.webp 1536w, https:\/\/rewaeu.com\/wp-content\/uploads\/2026\/01\/repart-iphone-ultra-oled-screen-features-07-300x220.webp 300w, https:\/\/rewaeu.com\/wp-content\/uploads\/2026\/01\/repart-iphone-ultra-oled-screen-features-07-1024x750.webp 1024w, https:\/\/rewaeu.com\/wp-content\/uploads\/2026\/01\/repart-iphone-ultra-oled-screen-features-07-768x563.webp 768w, https:\/\/rewaeu.com\/wp-content\/uploads\/2026\/01\/repart-iphone-ultra-oled-screen-features-07-16x12.webp 16w, https:\/\/rewaeu.com\/wp-content\/uploads\/2026\/01\/repart-iphone-ultra-oled-screen-features-07-800x586.webp 800w, https:\/\/rewaeu.com\/wp-content\/uploads\/2026\/01\/repart-iphone-ultra-oled-screen-features-07.webp 2048w\" sizes=\"(max-width: 1536px) 100vw, 1536px\" \/><\/div><\/div><\/a><\/figure><\/div><\/li><\/ul><\/div>\n\n\n<p><\/p>\n","protected":false},"excerpt":{"rendered":"<p>REPART Prime Quality iPhone Soft OLED Screen Replacement ofrece una soluci\u00f3n de primera calidad para restaurar la pantalla de su iPhone. Con una pantalla OLED FHD, ofrece im\u00e1genes v\u00edvidas y reales con Super Retina de alta definici\u00f3n y una amplia gama de colores para una claridad impresionante. El dise\u00f1o antirreflejos permite una visi\u00f3n completa de 360 grados, incluso con gafas de sol, lo que garantiza la comodidad en cualquier iluminaci\u00f3n....<\/p>","protected":false},"featured_media":3736,"template":"","meta":{"_kad_blocks_custom_css":"","_kad_blocks_head_custom_js":"","_kad_blocks_body_custom_js":"","_kad_blocks_footer_custom_js":"","_kad_post_transparent":"default","_kad_post_title":"","_kad_post_layout":"default","_kad_post_sidebar_id":"","_kad_post_content_style":"default","_kad_post_vertical_padding":"default","_kad_post_feature":"","_kad_post_feature_position":"","_kad_post_header":false,"_kad_post_footer":false,"_kad_post_classname":""},"product_brand":[46],"product_cat":[54],"product_tag":[77,56,78,81],"class_list":{"0":"post-3691","1":"product","2":"type-product","3":"status-publish","4":"has-post-thumbnail","6":"product_brand-repart","7":"product_cat-screen-replacement","8":"product_tag-iphone-screen","9":"product_tag-oled-screen","10":"product_tag-replacement-screen","11":"product_tag-soft-oled","13":"first","14":"instock","15":"shipping-taxable","16":"purchasable","17":"product-type-variable","18":"entry","19":"content-bg","20":"loop-entry"},"taxonomy_info":{"product_brand":[{"value":46,"label":"REPART"}],"product_cat":[{"value":54,"label":"Screen Replacement"}],"product_tag":[{"value":77,"label":"iphone screen"},{"value":56,"label":"oled screen"},{"value":78,"label":"replacement screen"},{"value":81,"label":"soft oled"}]},"featured_image_src_large":["https:\/\/rewaeu.com\/wp-content\/uploads\/2026\/01\/iphone-16-plus-soft-oled-screen-1024x1024.webp",1024,1024,true],"author_info":[],"comment_info":"","_links":{"self":[{"href":"https:\/\/rewaeu.com\/es\/wp-json\/wp\/v2\/product\/3691","targetHints":{"allow":["GET"]}}],"collection":[{"href":"https:\/\/rewaeu.com\/es\/wp-json\/wp\/v2\/product"}],"about":[{"href":"https:\/\/rewaeu.com\/es\/wp-json\/wp\/v2\/types\/product"}],"version-history":[{"count":0,"href":"https:\/\/rewaeu.com\/es\/wp-json\/wp\/v2\/product\/3691\/revisions"}],"wp:featuredmedia":[{"embeddable":true,"href":"https:\/\/rewaeu.com\/es\/wp-json\/wp\/v2\/media\/3736"}],"wp:attachment":[{"href":"https:\/\/rewaeu.com\/es\/wp-json\/wp\/v2\/media?parent=3691"}],"wp:term":[{"taxonomy":"product_brand","embeddable":true,"href":"https:\/\/rewaeu.com\/es\/wp-json\/wp\/v2\/product_brand?post=3691"},{"taxonomy":"product_cat","embeddable":true,"href":"https:\/\/rewaeu.com\/es\/wp-json\/wp\/v2\/product_cat?post=3691"},{"taxonomy":"product_tag","embeddable":true,"href":"https:\/\/rewaeu.com\/es\/wp-json\/wp\/v2\/product_tag?post=3691"}],"curies":[{"name":"wp","href":"https:\/\/api.w.org\/{rel}","templated":true}]}}