{"id":3394,"date":"2025-10-22T16:50:30","date_gmt":"2025-10-22T08:50:30","guid":{"rendered":"https:\/\/rewaeu.com\/?post_type=product&#038;p=3394"},"modified":"2026-01-28T15:10:58","modified_gmt":"2026-01-28T07:10:58","slug":"reemplazo-de-celda-de-bateria-iphone","status":"publish","type":"product","link":"https:\/\/rewaeu.com\/es\/product\/iphone-battery-cell-replacement\/","title":{"rendered":"REPART Bater\u00eda de repuesto para iPhone XS - 16 Pro Max"},"content":{"rendered":"<p>La bater\u00eda de repuesto REPART para iPhone ofrece funciones avanzadas para un rendimiento superior: Dise\u00f1ada con tecnolog\u00eda de doble ciclo de iones para ampliar la capacidad y la vida \u00fatil, esta pila de calidad OEM ofrece un rendimiento fiable en los exigentes rangos de temperatura de -20 \u00b0C a 55 \u00b0C. Las leng\u00fcetas de n\u00edquel presoldadas agilizan la instalaci\u00f3n para los t\u00e9cnicos de reparaci\u00f3n, mientras que el revestimiento cer\u00e1mico del separador garantiza unos s\u00f3lidos est\u00e1ndares de seguridad. Fabricada por socios fabricantes de primer nivel, cumple las expectativas de durabilidad de las operaciones de reparaci\u00f3n profesionales.<\/p>\n\n\n<style>.wp-block-kadence-advancedgallery .kb-gallery-type-masonry.kb-gallery-id-3394_15bea7-68{margin:-0px;}.kb-gallery-type-masonry.kb-gallery-id-3394_15bea7-68 .kadence-blocks-gallery-item{padding:0px;}.kb-gallery-id-3394_15bea7-68 .kadence-blocks-gallery-item .kb-gal-image-radius, .kb-gallery-id-3394_15bea7-68 .kb-slide-item .kb-gal-image-radius img{border-radius:0px 0px 0px 0px;;}<\/style><div class=\"kb-gallery-wrap-id-3394_15bea7-68 alignnone wp-block-kadence-advancedgallery\"><ul class=\"kb-gallery-ul kb-gallery-non-static kb-gallery-type-masonry kb-masonry-init kb-gallery-id-3394_15bea7-68 kb-gallery-caption-style-bottom-hover kb-gallery-filter-none kb-gallery-magnific-init\" data-image-filter=\"none\" data-item-selector=\".kadence-blocks-gallery-item\" data-lightbox-caption=\"true\" data-columns-xxl=\"1\" data-columns-xl=\"1\" data-columns-md=\"1\" data-columns-sm=\"1\" data-columns-xs=\"1\" data-columns-ss=\"1\"><li class=\"kadence-blocks-gallery-item\"><div class=\"kadence-blocks-gallery-item-inner\"><figure class=\"kb-gallery-figure kb-gallery-item-has-link kadence-blocks-gallery-item-hide-caption\"><a href=\"https:\/\/rewaeu.com\/wp-content\/uploads\/2025\/10\/repart-iphone-battery-cell-details-pc-01.webp\" class=\"kb-gallery-item-link\"   role=\"button\" aria-haspopup=\"dialog\"><div class=\"kb-gal-image-radius\" style=\"max-width:1536px;\"><div class=\"kb-gallery-image-contain kadence-blocks-gallery-intrinsic\" style=\"padding-bottom:58%;\"><img decoding=\"async\" src=\"https:\/\/rewaeu.com\/wp-content\/uploads\/2025\/10\/repart-iphone-battery-cell-details-pc-01-1536x902.webp\" width=\"1536\" height=\"902\" alt=\"\" data-full-image=\"https:\/\/rewaeu.com\/wp-content\/uploads\/2025\/10\/repart-iphone-battery-cell-details-pc-01.webp\" data-light-image=\"https:\/\/rewaeu.com\/wp-content\/uploads\/2025\/10\/repart-iphone-battery-cell-details-pc-01.webp\" data-id=\"3971\" class=\"wp-image-3971\" srcset=\"https:\/\/rewaeu.com\/wp-content\/uploads\/2025\/10\/repart-iphone-battery-cell-details-pc-01-1536x902.webp 1536w, https:\/\/rewaeu.com\/wp-content\/uploads\/2025\/10\/repart-iphone-battery-cell-details-pc-01-300x176.webp 300w, https:\/\/rewaeu.com\/wp-content\/uploads\/2025\/10\/repart-iphone-battery-cell-details-pc-01-1024x602.webp 1024w, https:\/\/rewaeu.com\/wp-content\/uploads\/2025\/10\/repart-iphone-battery-cell-details-pc-01-768x451.webp 768w, https:\/\/rewaeu.com\/wp-content\/uploads\/2025\/10\/repart-iphone-battery-cell-details-pc-01-18x12.webp 18w, https:\/\/rewaeu.com\/wp-content\/uploads\/2025\/10\/repart-iphone-battery-cell-details-pc-01-800x470.webp 800w, https:\/\/rewaeu.com\/wp-content\/uploads\/2025\/10\/repart-iphone-battery-cell-details-pc-01.webp 1600w\" sizes=\"(max-width: 1536px) 100vw, 1536px\" \/><\/div><\/div><\/a><\/figure><\/div><\/li><li class=\"kadence-blocks-gallery-item\"><div class=\"kadence-blocks-gallery-item-inner\"><figure class=\"kb-gallery-figure kb-gallery-item-has-link kadence-blocks-gallery-item-hide-caption\"><a href=\"https:\/\/rewaeu.com\/wp-content\/uploads\/2025\/10\/repart-iphone-battery-cell-details-pc-02.webp\" class=\"kb-gallery-item-link\"   role=\"button\" aria-haspopup=\"dialog\"><div class=\"kb-gal-image-radius\" style=\"max-width:1536px;\"><div class=\"kb-gallery-image-contain kadence-blocks-gallery-intrinsic\" style=\"padding-bottom:58%;\"><img decoding=\"async\" src=\"https:\/\/rewaeu.com\/wp-content\/uploads\/2025\/10\/repart-iphone-battery-cell-details-pc-02-1536x902.webp\" width=\"1536\" height=\"902\" alt=\"\" data-full-image=\"https:\/\/rewaeu.com\/wp-content\/uploads\/2025\/10\/repart-iphone-battery-cell-details-pc-02.webp\" data-light-image=\"https:\/\/rewaeu.com\/wp-content\/uploads\/2025\/10\/repart-iphone-battery-cell-details-pc-02.webp\" data-id=\"3972\" class=\"wp-image-3972\" srcset=\"https:\/\/rewaeu.com\/wp-content\/uploads\/2025\/10\/repart-iphone-battery-cell-details-pc-02-1536x902.webp 1536w, https:\/\/rewaeu.com\/wp-content\/uploads\/2025\/10\/repart-iphone-battery-cell-details-pc-02-300x176.webp 300w, https:\/\/rewaeu.com\/wp-content\/uploads\/2025\/10\/repart-iphone-battery-cell-details-pc-02-1024x602.webp 1024w, https:\/\/rewaeu.com\/wp-content\/uploads\/2025\/10\/repart-iphone-battery-cell-details-pc-02-768x451.webp 768w, https:\/\/rewaeu.com\/wp-content\/uploads\/2025\/10\/repart-iphone-battery-cell-details-pc-02-18x12.webp 18w, https:\/\/rewaeu.com\/wp-content\/uploads\/2025\/10\/repart-iphone-battery-cell-details-pc-02-800x470.webp 800w, https:\/\/rewaeu.com\/wp-content\/uploads\/2025\/10\/repart-iphone-battery-cell-details-pc-02.webp 1600w\" sizes=\"(max-width: 1536px) 100vw, 1536px\" \/><\/div><\/div><\/a><\/figure><\/div><\/li><li class=\"kadence-blocks-gallery-item\"><div class=\"kadence-blocks-gallery-item-inner\"><figure class=\"kb-gallery-figure kb-gallery-item-has-link kadence-blocks-gallery-item-hide-caption\"><a href=\"https:\/\/rewaeu.com\/wp-content\/uploads\/2025\/10\/repart-iphone-battery-cell-details-pc-03.webp\" class=\"kb-gallery-item-link\"   role=\"button\" aria-haspopup=\"dialog\"><div class=\"kb-gal-image-radius\" style=\"max-width:1536px;\"><div class=\"kb-gallery-image-contain kadence-blocks-gallery-intrinsic\" style=\"padding-bottom:58%;\"><img decoding=\"async\" src=\"https:\/\/rewaeu.com\/wp-content\/uploads\/2025\/10\/repart-iphone-battery-cell-details-pc-03-1536x902.webp\" width=\"1536\" height=\"902\" alt=\"\" data-full-image=\"https:\/\/rewaeu.com\/wp-content\/uploads\/2025\/10\/repart-iphone-battery-cell-details-pc-03.webp\" data-light-image=\"https:\/\/rewaeu.com\/wp-content\/uploads\/2025\/10\/repart-iphone-battery-cell-details-pc-03.webp\" data-id=\"3973\" class=\"wp-image-3973\" srcset=\"https:\/\/rewaeu.com\/wp-content\/uploads\/2025\/10\/repart-iphone-battery-cell-details-pc-03-1536x902.webp 1536w, https:\/\/rewaeu.com\/wp-content\/uploads\/2025\/10\/repart-iphone-battery-cell-details-pc-03-300x176.webp 300w, https:\/\/rewaeu.com\/wp-content\/uploads\/2025\/10\/repart-iphone-battery-cell-details-pc-03-1024x602.webp 1024w, https:\/\/rewaeu.com\/wp-content\/uploads\/2025\/10\/repart-iphone-battery-cell-details-pc-03-768x451.webp 768w, https:\/\/rewaeu.com\/wp-content\/uploads\/2025\/10\/repart-iphone-battery-cell-details-pc-03-18x12.webp 18w, https:\/\/rewaeu.com\/wp-content\/uploads\/2025\/10\/repart-iphone-battery-cell-details-pc-03-800x470.webp 800w, https:\/\/rewaeu.com\/wp-content\/uploads\/2025\/10\/repart-iphone-battery-cell-details-pc-03.webp 1600w\" sizes=\"(max-width: 1536px) 100vw, 1536px\" \/><\/div><\/div><\/a><\/figure><\/div><\/li><li class=\"kadence-blocks-gallery-item\"><div class=\"kadence-blocks-gallery-item-inner\"><figure class=\"kb-gallery-figure kb-gallery-item-has-link kadence-blocks-gallery-item-hide-caption\"><a href=\"https:\/\/rewaeu.com\/wp-content\/uploads\/2025\/10\/repart-iphone-battery-cell-details-pc-04.webp\" class=\"kb-gallery-item-link\"   role=\"button\" aria-haspopup=\"dialog\"><div class=\"kb-gal-image-radius\" style=\"max-width:1536px;\"><div class=\"kb-gallery-image-contain kadence-blocks-gallery-intrinsic\" style=\"padding-bottom:58%;\"><img decoding=\"async\" src=\"https:\/\/rewaeu.com\/wp-content\/uploads\/2025\/10\/repart-iphone-battery-cell-details-pc-04-1536x902.webp\" width=\"1536\" height=\"902\" alt=\"\" data-full-image=\"https:\/\/rewaeu.com\/wp-content\/uploads\/2025\/10\/repart-iphone-battery-cell-details-pc-04.webp\" data-light-image=\"https:\/\/rewaeu.com\/wp-content\/uploads\/2025\/10\/repart-iphone-battery-cell-details-pc-04.webp\" data-id=\"3974\" class=\"wp-image-3974\" srcset=\"https:\/\/rewaeu.com\/wp-content\/uploads\/2025\/10\/repart-iphone-battery-cell-details-pc-04-1536x902.webp 1536w, https:\/\/rewaeu.com\/wp-content\/uploads\/2025\/10\/repart-iphone-battery-cell-details-pc-04-300x176.webp 300w, https:\/\/rewaeu.com\/wp-content\/uploads\/2025\/10\/repart-iphone-battery-cell-details-pc-04-1024x602.webp 1024w, https:\/\/rewaeu.com\/wp-content\/uploads\/2025\/10\/repart-iphone-battery-cell-details-pc-04-768x451.webp 768w, https:\/\/rewaeu.com\/wp-content\/uploads\/2025\/10\/repart-iphone-battery-cell-details-pc-04-18x12.webp 18w, https:\/\/rewaeu.com\/wp-content\/uploads\/2025\/10\/repart-iphone-battery-cell-details-pc-04-800x470.webp 800w, https:\/\/rewaeu.com\/wp-content\/uploads\/2025\/10\/repart-iphone-battery-cell-details-pc-04.webp 1600w\" sizes=\"(max-width: 1536px) 100vw, 1536px\" \/><\/div><\/div><\/a><\/figure><\/div><\/li><li class=\"kadence-blocks-gallery-item\"><div class=\"kadence-blocks-gallery-item-inner\"><figure class=\"kb-gallery-figure kb-gallery-item-has-link kadence-blocks-gallery-item-hide-caption\"><a href=\"https:\/\/rewaeu.com\/wp-content\/uploads\/2025\/10\/repart-iphone-battery-cell-details-pc-05.webp\" class=\"kb-gallery-item-link\"   role=\"button\" aria-haspopup=\"dialog\"><div class=\"kb-gal-image-radius\" style=\"max-width:1536px;\"><div class=\"kb-gallery-image-contain kadence-blocks-gallery-intrinsic\" style=\"padding-bottom:58%;\"><img decoding=\"async\" src=\"https:\/\/rewaeu.com\/wp-content\/uploads\/2025\/10\/repart-iphone-battery-cell-details-pc-05-1536x902.webp\" width=\"1536\" height=\"902\" alt=\"\" data-full-image=\"https:\/\/rewaeu.com\/wp-content\/uploads\/2025\/10\/repart-iphone-battery-cell-details-pc-05.webp\" data-light-image=\"https:\/\/rewaeu.com\/wp-content\/uploads\/2025\/10\/repart-iphone-battery-cell-details-pc-05.webp\" data-id=\"3975\" class=\"wp-image-3975\" srcset=\"https:\/\/rewaeu.com\/wp-content\/uploads\/2025\/10\/repart-iphone-battery-cell-details-pc-05-1536x902.webp 1536w, https:\/\/rewaeu.com\/wp-content\/uploads\/2025\/10\/repart-iphone-battery-cell-details-pc-05-300x176.webp 300w, https:\/\/rewaeu.com\/wp-content\/uploads\/2025\/10\/repart-iphone-battery-cell-details-pc-05-1024x602.webp 1024w, https:\/\/rewaeu.com\/wp-content\/uploads\/2025\/10\/repart-iphone-battery-cell-details-pc-05-768x451.webp 768w, https:\/\/rewaeu.com\/wp-content\/uploads\/2025\/10\/repart-iphone-battery-cell-details-pc-05-18x12.webp 18w, https:\/\/rewaeu.com\/wp-content\/uploads\/2025\/10\/repart-iphone-battery-cell-details-pc-05-800x470.webp 800w, https:\/\/rewaeu.com\/wp-content\/uploads\/2025\/10\/repart-iphone-battery-cell-details-pc-05.webp 1600w\" sizes=\"(max-width: 1536px) 100vw, 1536px\" \/><\/div><\/div><\/a><\/figure><\/div><\/li><li class=\"kadence-blocks-gallery-item\"><div class=\"kadence-blocks-gallery-item-inner\"><figure class=\"kb-gallery-figure kb-gallery-item-has-link kadence-blocks-gallery-item-hide-caption\"><a href=\"https:\/\/rewaeu.com\/wp-content\/uploads\/2025\/10\/repart-iphone-battery-cell-details-pc-06.webp\" class=\"kb-gallery-item-link\"   role=\"button\" aria-haspopup=\"dialog\"><div class=\"kb-gal-image-radius\" style=\"max-width:1536px;\"><div class=\"kb-gallery-image-contain kadence-blocks-gallery-intrinsic\" style=\"padding-bottom:58%;\"><img decoding=\"async\" src=\"https:\/\/rewaeu.com\/wp-content\/uploads\/2025\/10\/repart-iphone-battery-cell-details-pc-06-1536x902.webp\" width=\"1536\" height=\"902\" alt=\"\" data-full-image=\"https:\/\/rewaeu.com\/wp-content\/uploads\/2025\/10\/repart-iphone-battery-cell-details-pc-06.webp\" data-light-image=\"https:\/\/rewaeu.com\/wp-content\/uploads\/2025\/10\/repart-iphone-battery-cell-details-pc-06.webp\" data-id=\"3976\" class=\"wp-image-3976\" srcset=\"https:\/\/rewaeu.com\/wp-content\/uploads\/2025\/10\/repart-iphone-battery-cell-details-pc-06-1536x902.webp 1536w, https:\/\/rewaeu.com\/wp-content\/uploads\/2025\/10\/repart-iphone-battery-cell-details-pc-06-300x176.webp 300w, https:\/\/rewaeu.com\/wp-content\/uploads\/2025\/10\/repart-iphone-battery-cell-details-pc-06-1024x602.webp 1024w, https:\/\/rewaeu.com\/wp-content\/uploads\/2025\/10\/repart-iphone-battery-cell-details-pc-06-768x451.webp 768w, https:\/\/rewaeu.com\/wp-content\/uploads\/2025\/10\/repart-iphone-battery-cell-details-pc-06-18x12.webp 18w, https:\/\/rewaeu.com\/wp-content\/uploads\/2025\/10\/repart-iphone-battery-cell-details-pc-06-800x470.webp 800w, https:\/\/rewaeu.com\/wp-content\/uploads\/2025\/10\/repart-iphone-battery-cell-details-pc-06.webp 1600w\" sizes=\"(max-width: 1536px) 100vw, 1536px\" \/><\/div><\/div><\/a><\/figure><\/div><\/li><li class=\"kadence-blocks-gallery-item\"><div class=\"kadence-blocks-gallery-item-inner\"><figure class=\"kb-gallery-figure kb-gallery-item-has-link kadence-blocks-gallery-item-hide-caption\"><a href=\"https:\/\/rewaeu.com\/wp-content\/uploads\/2025\/10\/repart-iphone-battery-cell-details-pc-07.webp\" class=\"kb-gallery-item-link\"   role=\"button\" aria-haspopup=\"dialog\"><div class=\"kb-gal-image-radius\" style=\"max-width:1536px;\"><div class=\"kb-gallery-image-contain kadence-blocks-gallery-intrinsic\" style=\"padding-bottom:58%;\"><img decoding=\"async\" src=\"https:\/\/rewaeu.com\/wp-content\/uploads\/2025\/10\/repart-iphone-battery-cell-details-pc-07-1536x902.webp\" width=\"1536\" height=\"902\" alt=\"\" data-full-image=\"https:\/\/rewaeu.com\/wp-content\/uploads\/2025\/10\/repart-iphone-battery-cell-details-pc-07.webp\" data-light-image=\"https:\/\/rewaeu.com\/wp-content\/uploads\/2025\/10\/repart-iphone-battery-cell-details-pc-07.webp\" data-id=\"3977\" class=\"wp-image-3977\" srcset=\"https:\/\/rewaeu.com\/wp-content\/uploads\/2025\/10\/repart-iphone-battery-cell-details-pc-07-1536x902.webp 1536w, https:\/\/rewaeu.com\/wp-content\/uploads\/2025\/10\/repart-iphone-battery-cell-details-pc-07-300x176.webp 300w, https:\/\/rewaeu.com\/wp-content\/uploads\/2025\/10\/repart-iphone-battery-cell-details-pc-07-1024x602.webp 1024w, https:\/\/rewaeu.com\/wp-content\/uploads\/2025\/10\/repart-iphone-battery-cell-details-pc-07-768x451.webp 768w, https:\/\/rewaeu.com\/wp-content\/uploads\/2025\/10\/repart-iphone-battery-cell-details-pc-07-18x12.webp 18w, https:\/\/rewaeu.com\/wp-content\/uploads\/2025\/10\/repart-iphone-battery-cell-details-pc-07-800x470.webp 800w, https:\/\/rewaeu.com\/wp-content\/uploads\/2025\/10\/repart-iphone-battery-cell-details-pc-07.webp 1600w\" sizes=\"(max-width: 1536px) 100vw, 1536px\" \/><\/div><\/div><\/a><\/figure><\/div><\/li><\/ul><\/div>","protected":false},"excerpt":{"rendered":"<div class=\"mb30 product-single__description rte\">\n<ul>\n<li><strong>Capacidad (mAh):<\/strong> 1821 - 4685<\/li>\n<li><strong>Tensi\u00f3n nominal (V):<\/strong> 3.79 - 3.892<\/li>\n<li><strong>Tama\u00f1o del producto (mm):<\/strong> 109 \u00d7 60.5 \u00d7 4.3 \u00b1<\/li>\n<li><strong>Peso neto del producto (g):<\/strong> 29 - 58.7<\/li>\n<li><strong>Peso bruto (g):<\/strong> 53 - 82.7<\/li>\n<li><strong>Espesor (mm):<\/strong> 3.1 - 5.34<\/li>\n<\/ul>\n<\/div>","protected":false},"featured_media":3438,"template":"","meta":{"_kad_blocks_custom_css":"","_kad_blocks_head_custom_js":"","_kad_blocks_body_custom_js":"","_kad_blocks_footer_custom_js":"","_kad_post_transparent":"default","_kad_post_title":"","_kad_post_layout":"default","_kad_post_sidebar_id":"","_kad_post_content_style":"default","_kad_post_vertical_padding":"default","_kad_post_feature":"","_kad_post_feature_position":"","_kad_post_header":false,"_kad_post_footer":false,"_kad_post_classname":""},"product_brand":[46],"product_cat":[47],"product_tag":[94,93],"class_list":{"0":"post-3394","1":"product","2":"type-product","3":"status-publish","4":"has-post-thumbnail","6":"product_brand-repart","7":"product_cat-battery-cell","8":"product_tag-battery","9":"product_tag-battery-cell","11":"first","12":"instock","13":"shipping-taxable","14":"purchasable","15":"product-type-variable","16":"has-default-attributes","17":"entry","18":"content-bg","19":"loop-entry"},"taxonomy_info":{"product_brand":[{"value":46,"label":"REPART"}],"product_cat":[{"value":47,"label":"Battery Cell"}],"product_tag":[{"value":94,"label":"battery"},{"value":93,"label":"battery cell"}]},"featured_image_src_large":["https:\/\/rewaeu.com\/wp-content\/uploads\/2025\/10\/repart-iphone-16-pro-max-battery-cell-1024x1024.webp",1024,1024,true],"author_info":[],"comment_info":"","_links":{"self":[{"href":"https:\/\/rewaeu.com\/es\/wp-json\/wp\/v2\/product\/3394","targetHints":{"allow":["GET"]}}],"collection":[{"href":"https:\/\/rewaeu.com\/es\/wp-json\/wp\/v2\/product"}],"about":[{"href":"https:\/\/rewaeu.com\/es\/wp-json\/wp\/v2\/types\/product"}],"version-history":[{"count":0,"href":"https:\/\/rewaeu.com\/es\/wp-json\/wp\/v2\/product\/3394\/revisions"}],"wp:featuredmedia":[{"embeddable":true,"href":"https:\/\/rewaeu.com\/es\/wp-json\/wp\/v2\/media\/3438"}],"wp:attachment":[{"href":"https:\/\/rewaeu.com\/es\/wp-json\/wp\/v2\/media?parent=3394"}],"wp:term":[{"taxonomy":"product_brand","embeddable":true,"href":"https:\/\/rewaeu.com\/es\/wp-json\/wp\/v2\/product_brand?post=3394"},{"taxonomy":"product_cat","embeddable":true,"href":"https:\/\/rewaeu.com\/es\/wp-json\/wp\/v2\/product_cat?post=3394"},{"taxonomy":"product_tag","embeddable":true,"href":"https:\/\/rewaeu.com\/es\/wp-json\/wp\/v2\/product_tag?post=3394"}],"curies":[{"name":"wp","href":"https:\/\/api.w.org\/{rel}","templated":true}]}}