{"id":2592,"date":"2025-08-13T12:06:04","date_gmt":"2025-08-13T04:06:04","guid":{"rendered":"https:\/\/roihqya482.onrocket.site\/?page_id=2592"},"modified":"2025-09-11T11:08:34","modified_gmt":"2025-09-11T03:08:34","slug":"galletas","status":"publish","type":"page","link":"https:\/\/rewaeu.com\/es\/cookies\/","title":{"rendered":"Cookies"},"content":{"rendered":"<div data-elementor-type=\"wp-page\" data-elementor-id=\"2592\" class=\"elementor elementor-2592\" data-elementor-post-type=\"page\">\n\t\t\t\t<main class=\"elementor-element elementor-element-ff1253d e-flex e-con-boxed e-con e-parent\" data-id=\"ff1253d\" data-element_type=\"container\" data-e-type=\"container\">\n\t\t\t\t\t<div class=\"e-con-inner\">\n\t\t\t\t<div class=\"elementor-element elementor-element-ffda2a2 elementor-widget elementor-widget-image\" data-id=\"ffda2a2\" data-element_type=\"widget\" data-e-type=\"widget\" data-widget_type=\"image.default\">\n\t\t\t\t\t\t\t\t\t\t\t\t\t\t\t<img decoding=\"async\" src=\"https:\/\/rewa.tech\/wp-content\/uploads\/2024\/06\/img_cookies_banner.jpg\" title=\"\" alt=\"\" loading=\"lazy\">\t\t\t\t\t\t\t\t\t\t\t\t\t\t\t<\/div>\n\t\t\t\t<div class=\"elementor-element elementor-element-81c89ca elementor-widget__width-initial elementor-widget-tablet__width-inherit elementor-widget-tablet_extra__width-initial elementor-widget elementor-widget-text-editor\" data-id=\"81c89ca\" data-element_type=\"widget\" data-e-type=\"widget\" data-widget_type=\"text-editor.default\">\n\t\t\t\t\t\t\t\t\t<h2>Pol\u00edtica de cookies de REWA Tech<\/h2><p>Esta es la Pol\u00edtica de Cookies de REWA Tech, accesible desde <a class=\"cookie-link\" href=\"https:\/\/rewaeu.com\/es\/\" target=\"_blank\" rel=\"noopener noreferrer\">https:\/\/rewaeu.com<\/a><\/p><h3>Qu\u00e9 son las cookies<\/h3><p>Como es pr\u00e1ctica habitual en casi todos los sitios web profesionales, este sitio utiliza cookies, que son peque\u00f1os archivos que se descargan en su ordenador para mejorar su experiencia. Esta p\u00e1gina describe qu\u00e9 informaci\u00f3n recopilamos, c\u00f3mo la utilizamos y por qu\u00e9 a veces necesitamos almacenar estas cookies. Tambi\u00e9n le explicaremos c\u00f3mo puede evitar que se almacenen estas cookies; sin embargo, esto puede degradar o \"romper\" ciertos elementos de la funcionalidad del sitio.<\/p><h3>C\u00f3mo utilizamos las cookies<\/h3><p>Utilizamos cookies por una serie de razones que se detallan a continuaci\u00f3n. Lamentablemente, en la mayor\u00eda de los casos, no existen opciones est\u00e1ndar en la industria para desactivar las cookies sin desactivar por completo la funcionalidad y las caracter\u00edsticas que a\u00f1aden a este sitio. Le recomendamos que deje activadas todas las cookies si no est\u00e1 seguro de necesitarlas, ya que podr\u00edan utilizarse para prestar un servicio que usted utiliza.<\/p><h3>Desactivar las cookies<\/h3><p>Puede evitar la instalaci\u00f3n de cookies ajustando la configuraci\u00f3n de su navegador (consulte la Ayuda de su navegador para saber c\u00f3mo hacerlo). Tenga en cuenta que desactivar las cookies afectar\u00e1 a la funcionalidad de este y muchos otros sitios web que visite.<br \/>La desactivaci\u00f3n de las cookies suele conllevar tambi\u00e9n la desactivaci\u00f3n de determinadas funciones y caracter\u00edsticas de este sitio. Por lo tanto, se recomienda no desactivar las cookies.<\/p><h3>Las cookies que instalamos<\/h3><ul><li><strong>Cookies relacionadas con la cuenta<\/strong> - Se utiliza para gestionar el proceso de registro y la administraci\u00f3n general. Se elimina al cerrar la sesi\u00f3n, pero puede permanecer para recordar preferencias.<\/li><li><strong>Cookies relacionadas con el inicio de sesi\u00f3n<\/strong> - Se utiliza para recordar cu\u00e1ndo se ha iniciado sesi\u00f3n y evitar que se repita.<\/li><li><strong>Cookies del bolet\u00edn electr\u00f3nico<\/strong> - Puede realizar un seguimiento del estado del registro y de las notificaciones para abonados\/no abonados.<\/li><li><strong>Cookies de encuesta<\/strong> - Se utiliza para recordar la participaci\u00f3n en la encuesta o proporcionar resultados precisos.<\/li><li><strong>Formularios cookies<\/strong> - Almacene los datos del usuario para futuras correspondencias al enviar formularios.<\/li><li><strong>Cookies de preferencias del sitio<\/strong> - Recuerde sus preferencias para la funcionalidad del sitio.<\/li><\/ul><h3>Cookies de terceros<\/h3><ul><li><strong>Google Analytics<\/strong> - Rastrea el uso del sitio para ayudarnos a mejorar su experiencia. <a class=\"cookie-link\" href=\"https:\/\/developers.google.com\/analytics\/devguides\/collection\/analyticsjs\/cookie-usage\" target=\"_blank\" rel=\"noopener\">M\u00e1s informaci\u00f3n<\/a>.<\/li><li><strong>Cookies de prueba<\/strong> - Garantice una experiencia coherente durante las pruebas de las funciones del sitio.<\/li><li><strong>Cookies de redes sociales<\/strong> - Establecido por servicios como Facebook, YouTube, LinkedIn y X para la integraci\u00f3n de perfiles y an\u00e1lisis.<\/li><\/ul><h3>M\u00e1s informaci\u00f3n<\/h3><p>Si no est\u00e1 seguro de si necesita las cookies, normalmente es m\u00e1s seguro dejarlas activadas. Si desea m\u00e1s informaci\u00f3n, p\u00f3ngase en contacto con nosotros a trav\u00e9s de:<\/p><ul><li><span class=\"elementor-icon-list-text\">Correo electr\u00f3nico:<\/span> <a href=\"mailto:info@rewaeu.com\"><span class=\"elementor-icon-list-text\">info@rewaeu.com<\/span><\/a><\/li><li><span class=\"elementor-icon-list-text\">Tel\u00e9fono: <\/span><a href=\"tel:+31(0)107171577\"><span class=\"elementor-icon-list-text\">+31 (0)10 717 15 77<\/span><\/a><\/li><\/ul>\t\t\t\t\t\t\t\t<\/div>\n\t\t\t\t\t<\/div>\n\t\t\t\t<\/main>\n\t\t\t\t<\/div>","protected":false},"excerpt":{"rendered":"<p>Cookie Policy for REWA Tech This is the Cookie Policy for REWA Tech, accessible from https:\/\/rewaeu.com What Are Cookies As is common practice with almost all professional websites, this site uses cookies, which are tiny files downloaded to your computer, to improve your experience. This page describes what information we gather, how we use it,&#8230;<\/p>","protected":false},"author":1,"featured_media":2850,"parent":0,"menu_order":0,"comment_status":"closed","ping_status":"closed","template":"","meta":{"_kad_blocks_custom_css":"","_kad_blocks_head_custom_js":"","_kad_blocks_body_custom_js":"","_kad_blocks_footer_custom_js":"","_kad_post_transparent":"","_kad_post_title":"","_kad_post_layout":"","_kad_post_sidebar_id":"","_kad_post_content_style":"","_kad_post_vertical_padding":"","_kad_post_feature":"","_kad_post_feature_position":"","_kad_post_header":false,"_kad_post_footer":false,"_kad_post_classname":"","footnotes":""},"class_list":["post-2592","page","type-page","status-publish","has-post-thumbnail","hentry"],"taxonomy_info":[],"featured_image_src_large":["https:\/\/rewaeu.com\/wp-content\/uploads\/2025\/08\/REWA-EU-About-Us-blue-1024x681.jpg",1024,681,true],"author_info":{"display_name":"tareqjhe1","author_link":"https:\/\/rewaeu.com\/es\/author\/tareqjhe1\/"},"comment_info":0,"_links":{"self":[{"href":"https:\/\/rewaeu.com\/es\/wp-json\/wp\/v2\/pages\/2592","targetHints":{"allow":["GET"]}}],"collection":[{"href":"https:\/\/rewaeu.com\/es\/wp-json\/wp\/v2\/pages"}],"about":[{"href":"https:\/\/rewaeu.com\/es\/wp-json\/wp\/v2\/types\/page"}],"author":[{"embeddable":true,"href":"https:\/\/rewaeu.com\/es\/wp-json\/wp\/v2\/users\/1"}],"replies":[{"embeddable":true,"href":"https:\/\/rewaeu.com\/es\/wp-json\/wp\/v2\/comments?post=2592"}],"version-history":[{"count":0,"href":"https:\/\/rewaeu.com\/es\/wp-json\/wp\/v2\/pages\/2592\/revisions"}],"wp:featuredmedia":[{"embeddable":true,"href":"https:\/\/rewaeu.com\/es\/wp-json\/wp\/v2\/media\/2850"}],"wp:attachment":[{"href":"https:\/\/rewaeu.com\/es\/wp-json\/wp\/v2\/media?parent=2592"}],"curies":[{"name":"wp","href":"https:\/\/api.w.org\/{rel}","templated":true}]}}