{"id":2573,"date":"2025-08-13T11:50:54","date_gmt":"2025-08-13T03:50:54","guid":{"rendered":"https:\/\/roihqya482.onrocket.site\/?page_id=2573"},"modified":"2025-09-11T11:08:44","modified_gmt":"2025-09-11T03:08:44","slug":"descargo-de-responsabilidad","status":"publish","type":"page","link":"https:\/\/rewaeu.com\/es\/disclaimer\/","title":{"rendered":"Descargo de responsabilidad"},"content":{"rendered":"<div data-elementor-type=\"wp-page\" data-elementor-id=\"2573\" class=\"elementor elementor-2573\" data-elementor-post-type=\"page\">\n\t\t\t\t<main class=\"elementor-element elementor-element-c54dbcc e-flex e-con-boxed e-con e-parent\" data-id=\"c54dbcc\" data-element_type=\"container\" data-e-type=\"container\">\n\t\t\t\t\t<div class=\"e-con-inner\">\n\t\t\t\t<div class=\"elementor-element elementor-element-9ee7434 elementor-widget elementor-widget-image\" data-id=\"9ee7434\" data-element_type=\"widget\" data-e-type=\"widget\" data-widget_type=\"image.default\">\n\t\t\t\t\t\t\t\t\t\t\t\t\t\t\t<img decoding=\"async\" src=\"https:\/\/rewa.tech\/wp-content\/uploads\/2024\/06\/img_disclaimer_banner.jpg\" title=\"\" alt=\"\" loading=\"lazy\">\t\t\t\t\t\t\t\t\t\t\t\t\t\t\t<\/div>\n\t\t\t\t<div class=\"elementor-element elementor-element-e7c23ab elementor-widget__width-initial elementor-widget-tablet__width-inherit elementor-widget-tablet_extra__width-initial elementor-widget elementor-widget-text-editor\" data-id=\"e7c23ab\" data-element_type=\"widget\" data-e-type=\"widget\" data-widget_type=\"text-editor.default\">\n\t\t\t\t\t\t\t\t\t<h2>Descargo de responsabilidad para REWA Tech<\/h2>\n<p>Si necesita m\u00e1s informaci\u00f3n o tiene alguna pregunta sobre la cl\u00e1usula de exenci\u00f3n de responsabilidad de nuestro sitio web, no dude en ponerse en contacto con nosotros por correo electr\u00f3nico en la direcci\u00f3n <a class=\"disclaimer-link\" href=\"mailto:rewaparts@gmail.com\">rewaparts@gmail.com<\/a>.<\/p>\n<h3>Descargo de responsabilidad de REWA Tech<\/h3>\n<p>Toda la informaci\u00f3n de este sitio web -<a href=\"https:\/\/rewaeu.com\/es\/\">https:\/\/rewaeu.com<\/a> - se publica de buena fe y \u00fanicamente con fines de informaci\u00f3n general. REWA Tech no garantiza la integridad, fiabilidad y exactitud de esta informaci\u00f3n. Cualquier acci\u00f3n que usted tome sobre la base de la informaci\u00f3n que encuentra en este sitio web (REWA Tech) es estrictamente bajo su propio riesgo. REWA Tech no ser\u00e1 responsable de ninguna p\u00e9rdida y\/o da\u00f1o en relaci\u00f3n con el uso de nuestro sitio web.<\/p>\n<p>Desde nuestro sitio web, puede visitar otros sitios siguiendo los hiperv\u00ednculos a dichos sitios externos. Aunque nos esforzamos por ofrecer s\u00f3lo enlaces de calidad a sitios web \u00fatiles y \u00e9ticos, no tenemos ning\u00fan control sobre el contenido y la naturaleza de estos sitios. Estos enlaces a otros sitios web no implican una recomendaci\u00f3n de todos los contenidos que se encuentran en ellos. Los propietarios de los sitios y su contenido pueden cambiar sin previo aviso y puede ocurrir antes de que tengamos la oportunidad de eliminar un enlace que pueda haber salido 'mal'.<\/p>\n<p>Tenga en cuenta tambi\u00e9n que, cuando abandone nuestro sitio web, otros sitios pueden tener pol\u00edticas de privacidad y condiciones diferentes que escapan a nuestro control. Aseg\u00farese de consultar las pol\u00edticas de privacidad de estos sitios, as\u00ed como sus \"Condiciones de servicio\", antes de participar en cualquier negocio o cargar cualquier informaci\u00f3n.<\/p>\n<h3>Marcas de terceros<\/h3>\n<p>REWA Tech declara que todos los nombres de productos y empresas en nuestro inventario y materiales de marketing, incluyendo pero no limitado a iPhone, Samsung, Huawei, MacBook, y cualquier otra marca, son propiedad de sus respectivos titulares de marcas. Estos titulares de marcas no est\u00e1n afiliados con REWA Tech, nuestros productos, o nuestro sitio web. No se da ning\u00fan respaldo o patrocinio por ellos a REWA Tech o cualquiera de nuestros productos o servicios disponibles en l\u00ednea.<\/p>\n<p>Vendemos una variedad de piezas de repuesto y reparaci\u00f3n de terceros para las marcas y productos mencionados. Las piezas de repuesto que REWA Tech suministra con fines de reparaci\u00f3n proceden de diversos proveedores y no est\u00e1n necesariamente autorizadas ni avaladas por los fabricantes originales de los dispositivos.<\/p>\n<p>Al hacer referencia a estas marcas y marcas registradas en el sitio web de REWA Tech o en cualquier otra plataforma promocional, nos limitamos a proporcionar informaci\u00f3n a nuestros clientes para garantizar que los productos que ofrecemos son compatibles y adecuados para dichas marcas. Por la presente, REWA Tech renuncia a cualquier inter\u00e9s de propiedad en marcas comerciales, marcas de servicio, logotipos y nombres de marca que no sean los suyos propios.<\/p>\n<p>Las marcas comerciales, marcas y nombres de todas las dem\u00e1s empresas son propiedad de sus respectivos due\u00f1os. El uso de estas marcas no implica ninguna afiliaci\u00f3n o aprobaci\u00f3n por parte de las mismas.<\/p>\n<h3>Consentimiento<\/h3>\n<p>Al utilizar nuestro sitio web, usted acepta nuestra cl\u00e1usula de exenci\u00f3n de responsabilidad y est\u00e1 de acuerdo con sus t\u00e9rminos.<\/p>\n<h3>Actualizaci\u00f3n<\/h3>\n<p>En caso de que actualicemos, modifiquemos o introduzcamos cambios en este documento, dichos cambios se publicar\u00e1n aqu\u00ed de forma destacada.<\/p>\t\t\t\t\t\t\t\t<\/div>\n\t\t\t\t\t<\/div>\n\t\t\t\t<\/main>\n\t\t\t\t<\/div>","protected":false},"excerpt":{"rendered":"<p>Disclaimer for REWA Tech If you require any more information or have any questions about our site\u2019s disclaimer, please feel free to contact us by email at rewaparts@gmail.com. Disclaimers for REWA Tech All the information on this website \u2013https:\/\/rewaeu.com \u2013 is published in good faith and for general information purposes only. REWA Tech does not&#8230;<\/p>","protected":false},"author":1,"featured_media":2850,"parent":0,"menu_order":0,"comment_status":"closed","ping_status":"closed","template":"","meta":{"_kad_blocks_custom_css":"","_kad_blocks_head_custom_js":"","_kad_blocks_body_custom_js":"","_kad_blocks_footer_custom_js":"","_kad_post_transparent":"","_kad_post_title":"","_kad_post_layout":"","_kad_post_sidebar_id":"","_kad_post_content_style":"","_kad_post_vertical_padding":"","_kad_post_feature":"","_kad_post_feature_position":"","_kad_post_header":false,"_kad_post_footer":false,"_kad_post_classname":"","footnotes":""},"class_list":["post-2573","page","type-page","status-publish","has-post-thumbnail","hentry"],"taxonomy_info":[],"featured_image_src_large":["https:\/\/rewaeu.com\/wp-content\/uploads\/2025\/08\/REWA-EU-About-Us-blue-1024x681.jpg",1024,681,true],"author_info":{"display_name":"tareqjhe1","author_link":"https:\/\/rewaeu.com\/es\/author\/tareqjhe1\/"},"comment_info":0,"_links":{"self":[{"href":"https:\/\/rewaeu.com\/es\/wp-json\/wp\/v2\/pages\/2573","targetHints":{"allow":["GET"]}}],"collection":[{"href":"https:\/\/rewaeu.com\/es\/wp-json\/wp\/v2\/pages"}],"about":[{"href":"https:\/\/rewaeu.com\/es\/wp-json\/wp\/v2\/types\/page"}],"author":[{"embeddable":true,"href":"https:\/\/rewaeu.com\/es\/wp-json\/wp\/v2\/users\/1"}],"replies":[{"embeddable":true,"href":"https:\/\/rewaeu.com\/es\/wp-json\/wp\/v2\/comments?post=2573"}],"version-history":[{"count":0,"href":"https:\/\/rewaeu.com\/es\/wp-json\/wp\/v2\/pages\/2573\/revisions"}],"wp:featuredmedia":[{"embeddable":true,"href":"https:\/\/rewaeu.com\/es\/wp-json\/wp\/v2\/media\/2850"}],"wp:attachment":[{"href":"https:\/\/rewaeu.com\/es\/wp-json\/wp\/v2\/media?parent=2573"}],"curies":[{"name":"wp","href":"https:\/\/api.w.org\/{rel}","templated":true}]}}