{"id":2513,"date":"2025-08-13T10:11:50","date_gmt":"2025-08-13T02:11:50","guid":{"rendered":"https:\/\/roihqya482.onrocket.site\/?page_id=2513"},"modified":"2025-09-11T12:24:13","modified_gmt":"2025-09-11T04:24:13","slug":"politica-de-privacidad","status":"publish","type":"page","link":"https:\/\/rewaeu.com\/es\/privacy-policy\/","title":{"rendered":"Pol\u00edtica de privacidad"},"content":{"rendered":"<div data-elementor-type=\"wp-page\" data-elementor-id=\"2513\" class=\"elementor elementor-2513\" data-elementor-post-type=\"page\">\n\t\t\t\t<section class=\"elementor-element elementor-element-d99403d e-flex e-con-boxed e-con e-parent\" data-id=\"d99403d\" data-element_type=\"container\" data-e-type=\"container\">\n\t\t\t\t\t<div class=\"e-con-inner\">\n\t\t\t\t<div class=\"elementor-element elementor-element-5f739e8 elementor-widget elementor-widget-image\" data-id=\"5f739e8\" data-element_type=\"widget\" data-e-type=\"widget\" data-widget_type=\"image.default\">\n\t\t\t\t\t\t\t\t\t\t\t\t\t\t\t<img decoding=\"async\" src=\"https:\/\/rewa.tech\/wp-content\/uploads\/2024\/06\/img_disclaimer_banner.jpg\" title=\"\" alt=\"\" loading=\"lazy\">\t\t\t\t\t\t\t\t\t\t\t\t\t\t\t<\/div>\n\t\t\t\t<div class=\"elementor-element elementor-element-724add0 elementor-widget__width-initial elementor-widget elementor-widget-text-editor\" data-id=\"724add0\" data-element_type=\"widget\" data-e-type=\"widget\" data-widget_type=\"text-editor.default\">\n\t\t\t\t\t\t\t\t\t<h2>Pol\u00edtica de privacidad de REWA EU<\/h2><p>En REWA EU, accesible desde <a class=\"legal-link\" href=\"https:\/\/rewaeu.com\/es\/\">https:\/\/rewaeu.com<\/a>Una de nuestras principales prioridades es la privacidad de nuestros visitantes. Este documento de Pol\u00edtica de Privacidad contiene los tipos de informaci\u00f3n que son recogidos y registrados por REWA EU y c\u00f3mo la utilizamos.<\/p><p>Si tiene m\u00e1s preguntas o necesita m\u00e1s informaci\u00f3n sobre nuestra Pol\u00edtica de Privacidad, no dude en ponerse en contacto con nosotros.<\/p><h3>Comunicaciones por correo electr\u00f3nico<\/h3><p>Cuando los usuarios env\u00edan cualquier formulario en el sitio web de REWA EU, podemos recopilar sus direcciones de correo electr\u00f3nico. Al facilitar su correo electr\u00f3nico, acepta que lo utilicemos para enviarle comunicaciones de marketing, como noticias sobre nuevos productos, ofertas promocionales, cupones, consejos, gu\u00edas y otra informaci\u00f3n relevante.<\/p><p>Si no desea recibir estos correos electr\u00f3nicos de marketing, puede darse de baja en cualquier momento siguiendo las instrucciones para darse de baja incluidas en cada correo electr\u00f3nico o poni\u00e9ndose en contacto con nosotros directamente. Nos comprometemos a respetar su privacidad y no compartiremos su direcci\u00f3n de correo electr\u00f3nico con terceros con fines comerciales sin su consentimiento expl\u00edcito.<\/p><h3>Archivos de registro<\/h3><p>REWA EU sigue un procedimiento est\u00e1ndar de utilizaci\u00f3n de archivos de registro. Estos archivos registran a los visitantes cuando visitan los sitios web. La informaci\u00f3n recogida por los archivos de registro incluye direcciones IP, tipo de navegador, ISP, fecha y hora, p\u00e1ginas de referencia\/salida y, posiblemente, el n\u00famero de clics. Esta informaci\u00f3n se utiliza para analizar tendencias, administrar el sitio, seguir los movimientos de los usuarios y recopilar informaci\u00f3n demogr\u00e1fica. No est\u00e1 vinculada a informaci\u00f3n personal identificable.<\/p><h3>Cookies y balizas web<\/h3><p>REWA EU utiliza cookies para almacenar informaci\u00f3n como las preferencias de los visitantes y las p\u00e1ginas visitadas. La informaci\u00f3n se utiliza para optimizar la experiencia de los usuarios personalizando el contenido de la p\u00e1gina web en funci\u00f3n del tipo de navegador u otra informaci\u00f3n.<\/p><h3>Pol\u00edticas de privacidad de terceros<\/h3><p>La Pol\u00edtica de Privacidad de REWA EU no se aplica a otros anunciantes o sitios web. Consulte las respectivas pol\u00edticas de privacidad de los servidores de anuncios de terceros para obtener informaci\u00f3n detallada sobre las pr\u00e1cticas y las opciones de exclusi\u00f3n. Tambi\u00e9n puede desactivar las cookies a trav\u00e9s de la configuraci\u00f3n del navegador.<\/p><h3>Informaci\u00f3n infantil<\/h3><p>REWA EU no recopila conscientemente informaci\u00f3n personal identificable de ni\u00f1os menores de 13 a\u00f1os. Si cree que su hijo ha proporcionado dicha informaci\u00f3n, p\u00f3ngase en contacto con nosotros para eliminarla inmediatamente.<\/p><h3>Pol\u00edtica de privacidad en l\u00ednea<\/h3><p>Esta pol\u00edtica de privacidad se aplica \u00fanicamente a nuestras actividades en l\u00ednea y es v\u00e1lida para los visitantes en relaci\u00f3n con la informaci\u00f3n que comparten y\/o recopilan en REWA EU. Esta pol\u00edtica no se aplica a la informaci\u00f3n fuera de l\u00ednea ni a otros canales distintos de este sitio web.<\/p><h3>Consentimiento<\/h3><p>Al utilizar nuestro sitio web, usted acepta nuestra Pol\u00edtica de privacidad y est\u00e1 de acuerdo con sus t\u00e9rminos.<\/p>\t\t\t\t\t\t\t\t<\/div>\n\t\t\t\t\t<\/div>\n\t\t\t\t<\/section>\n\t\t\t\t<\/div>","protected":false},"excerpt":{"rendered":"<p>Privacy Policy for REWA EU At REWA EU, accessible from https:\/\/rewaeu.com, one of our main priorities is the privacy of our visitors. This Privacy Policy document contains types of information that are collected and recorded by REWA EU and how we use it. If you have additional questions or require more information about our Privacy&#8230;<\/p>","protected":false},"author":1,"featured_media":0,"parent":0,"menu_order":0,"comment_status":"closed","ping_status":"closed","template":"","meta":{"_kad_blocks_custom_css":"","_kad_blocks_head_custom_js":"","_kad_blocks_body_custom_js":"","_kad_blocks_footer_custom_js":"","_kad_post_transparent":"","_kad_post_title":"","_kad_post_layout":"","_kad_post_sidebar_id":"","_kad_post_content_style":"","_kad_post_vertical_padding":"","_kad_post_feature":"","_kad_post_feature_position":"","_kad_post_header":false,"_kad_post_footer":false,"_kad_post_classname":"","footnotes":""},"class_list":["post-2513","page","type-page","status-publish","hentry"],"taxonomy_info":[],"featured_image_src_large":false,"author_info":{"display_name":"tareqjhe1","author_link":"https:\/\/rewaeu.com\/es\/author\/tareqjhe1\/"},"comment_info":0,"_links":{"self":[{"href":"https:\/\/rewaeu.com\/es\/wp-json\/wp\/v2\/pages\/2513","targetHints":{"allow":["GET"]}}],"collection":[{"href":"https:\/\/rewaeu.com\/es\/wp-json\/wp\/v2\/pages"}],"about":[{"href":"https:\/\/rewaeu.com\/es\/wp-json\/wp\/v2\/types\/page"}],"author":[{"embeddable":true,"href":"https:\/\/rewaeu.com\/es\/wp-json\/wp\/v2\/users\/1"}],"replies":[{"embeddable":true,"href":"https:\/\/rewaeu.com\/es\/wp-json\/wp\/v2\/comments?post=2513"}],"version-history":[{"count":0,"href":"https:\/\/rewaeu.com\/es\/wp-json\/wp\/v2\/pages\/2513\/revisions"}],"wp:attachment":[{"href":"https:\/\/rewaeu.com\/es\/wp-json\/wp\/v2\/media?parent=2513"}],"curies":[{"name":"wp","href":"https:\/\/api.w.org\/{rel}","templated":true}]}}