{"id":1696,"date":"2025-08-12T10:04:23","date_gmt":"2025-08-12T02:04:23","guid":{"rendered":"https:\/\/roihqya482.onrocket.site\/?page_id=1696"},"modified":"2025-10-31T14:52:00","modified_gmt":"2025-10-31T06:52:00","slug":"homepage","status":"publish","type":"page","link":"https:\/\/rewaeu.com\/es\/","title":{"rendered":"REWA EU"},"content":{"rendered":"<div data-elementor-type=\"wp-post\" data-elementor-id=\"1696\" class=\"elementor elementor-1696\" data-elementor-post-type=\"page\">\n\t\t\t\t<section class=\"elementor-element elementor-element-3f8b8b8a e-con-full e-flex e-con e-parent\" data-id=\"3f8b8b8a\" data-element_type=\"container\" data-e-type=\"container\" data-settings=\"{&quot;background_background&quot;:&quot;classic&quot;}\">\n\t\t\t\t<\/section>\n\t\t<section class=\"elementor-element elementor-element-0ecfb56 e-flex e-con-boxed e-con e-parent\" data-id=\"0ecfb56\" data-element_type=\"container\" data-e-type=\"container\">\n\t\t\t\t\t<div class=\"e-con-inner\">\n\t\t<div class=\"elementor-element elementor-element-8bbcca6 e-con-full e-flex e-con e-child\" data-id=\"8bbcca6\" data-element_type=\"container\" data-e-type=\"container\">\n\t\t\t\t<div class=\"elementor-element elementor-element-a332cf6 elementor-widget elementor-widget-heading\" data-id=\"a332cf6\" data-element_type=\"widget\" data-e-type=\"widget\" data-widget_type=\"heading.default\">\n\t\t\t\t\t<h2 class=\"elementor-heading-title elementor-size-default\">Acerca de REWA EU<\/h2>\t\t\t\t<\/div>\n\t\t\t\t<div class=\"elementor-element elementor-element-a593ceb elementor-widget elementor-widget-heading\" data-id=\"a593ceb\" data-element_type=\"widget\" data-e-type=\"widget\" data-widget_type=\"heading.default\">\n\t\t\t\t\t<p class=\"elementor-heading-title elementor-size-default\">REWA EU est\u00e1 cofundada por REWA Tech, un proveedor mundialmente reconocido de soluciones de reparaci\u00f3n electr\u00f3nica con sede en China, y GSM Parts Center (GPC), un respetado distribuidor mayorista de repuestos y accesorios para tel\u00e9fonos m\u00f3viles con sede en los Pa\u00edses Bajos. Como empresa conjunta de REWA y GPC, conectamos la s\u00f3lida cadena de suministro de China con la experiencia de servicio local de Europa para servir mejor a la industria de reparaci\u00f3n y reacondicionamiento de productos electr\u00f3nicos en todo el continente, proporcionando soluciones de alta calidad y rentables que incluyen el abastecimiento de productos, la formaci\u00f3n en reparaci\u00f3n y el servicio de valor a\u00f1adido a distribuidores, f\u00e1bricas de reacondicionamiento, compa\u00f1\u00edas de seguros y talleres de reparaci\u00f3n en cadena. Nuestra misi\u00f3n es potenciar las empresas europeas de reparaci\u00f3n.<\/p>\t\t\t\t<\/div>\n\t\t\t\t<\/div>\n\t\t<div class=\"elementor-element elementor-element-b128707 e-con-full e-flex e-con e-child\" data-id=\"b128707\" data-element_type=\"container\" data-e-type=\"container\">\n\t\t\t\t<div class=\"elementor-element elementor-element-14a5b90 elementor-widget elementor-widget-video\" data-id=\"14a5b90\" data-element_type=\"widget\" data-e-type=\"widget\" data-settings=\"{&quot;youtube_url&quot;:&quot;https:\\\/\\\/www.youtube.com\\\/watch?v=eCCuj-4nkYk&quot;,&quot;video_type&quot;:&quot;youtube&quot;,&quot;controls&quot;:&quot;yes&quot;}\" data-widget_type=\"video.default\">\n\t\t\t\t\t\t\t<div class=\"elementor-wrapper elementor-open-inline\">\n\t\t\t<div class=\"elementor-video\"><\/div>\t\t<\/div>\n\t\t\t\t\t\t<\/div>\n\t\t\t\t<\/div>\n\t\t\t\t\t<\/div>\n\t\t\t\t<\/section>\n\t\t<div class=\"elementor-element elementor-element-0f8e771 e-flex e-con-boxed e-con e-parent\" data-id=\"0f8e771\" data-element_type=\"container\" data-e-type=\"container\">\n\t\t\t\t\t<div class=\"e-con-inner\">\n\t\t<div class=\"elementor-element elementor-element-2c28c5c e-con-full e-flex e-con e-child\" data-id=\"2c28c5c\" data-element_type=\"container\" data-e-type=\"container\">\n\t\t\t\t<div class=\"elementor-element elementor-element-fbcc783 elementor-widget elementor-widget-heading\" data-id=\"fbcc783\" data-element_type=\"widget\" data-e-type=\"widget\" data-widget_type=\"heading.default\">\n\t\t\t\t\t<h2 class=\"elementor-heading-title elementor-size-default\">Eventos y colaboraciones<\/h2>\t\t\t\t<\/div>\n\t\t\t\t<div class=\"elementor-element elementor-element-bac338f elementor-widget__width-initial elementor-widget elementor-widget-heading\" data-id=\"bac338f\" data-element_type=\"widget\" data-e-type=\"widget\" data-widget_type=\"heading.default\">\n\t\t\t\t\t<p class=\"elementor-heading-title elementor-size-default\">Descubra c\u00f3mo REWA EU conecta la s\u00f3lida cadena de suministro de China con la experiencia en servicios locales de Europa a trav\u00e9s de eventos del sector y asociaciones estrat\u00e9gicas.<\/p>\t\t\t\t<\/div>\n\t\t\t\t<\/div>\n\t\t<div class=\"elementor-element elementor-element-67f1d98 e-con-full event-card e-flex e-con e-child\" data-id=\"67f1d98\" data-element_type=\"container\" data-e-type=\"container\" data-settings=\"{&quot;background_background&quot;:&quot;classic&quot;}\">\n\t\t\t\t<div class=\"elementor-element elementor-element-b3fa989 elementor-widget elementor-widget-image\" data-id=\"b3fa989\" data-element_type=\"widget\" data-e-type=\"widget\" data-widget_type=\"image.default\">\n\t\t\t\t\t\t\t\t\t\t\t\t\t\t\t<img decoding=\"async\" width=\"1366\" height=\"768\" src=\"https:\/\/rewaeu.com\/wp-content\/uploads\/2025\/09\/rewa-at-back-forum.webp\" class=\"attachment-full size-full wp-image-3297\" alt=\"\" srcset=\"https:\/\/rewaeu.com\/wp-content\/uploads\/2025\/09\/rewa-at-back-forum.webp 1366w, https:\/\/rewaeu.com\/wp-content\/uploads\/2025\/09\/rewa-at-back-forum-800x450.webp 800w, https:\/\/rewaeu.com\/wp-content\/uploads\/2025\/09\/rewa-at-back-forum-300x169.webp 300w, https:\/\/rewaeu.com\/wp-content\/uploads\/2025\/09\/rewa-at-back-forum-1024x576.webp 1024w, https:\/\/rewaeu.com\/wp-content\/uploads\/2025\/09\/rewa-at-back-forum-768x432.webp 768w, https:\/\/rewaeu.com\/wp-content\/uploads\/2025\/09\/rewa-at-back-forum-18x10.webp 18w\" sizes=\"(max-width: 1366px) 100vw, 1366px\">\t\t\t\t\t\t\t\t\t\t\t\t\t\t\t<\/div>\n\t\t\t\t<div class=\"elementor-element elementor-element-2a7fe70 elementor-widget elementor-widget-heading\" data-id=\"2a7fe70\" data-element_type=\"widget\" data-e-type=\"widget\" data-widget_type=\"heading.default\">\n\t\t\t\t\t<h2 class=\"elementor-heading-title elementor-size-default\">Volver Participaci\u00f3n en el Foro<\/h2>\t\t\t\t<\/div>\n\t\t\t\t<div class=\"elementor-element elementor-element-e68c296 elementor-widget elementor-widget-heading\" data-id=\"e68c296\" data-element_type=\"widget\" data-e-type=\"widget\" data-widget_type=\"heading.default\">\n\t\t\t\t\t<p class=\"elementor-heading-title elementor-size-default\">Reunirse con los l\u00edderes del sector en el Foro Back para debatir el futuro de la reparaci\u00f3n y el reacondicionamiento de componentes electr\u00f3nicos.<\/p>\t\t\t\t<\/div>\n\t\t\t\t<\/div>\n\t\t<div class=\"elementor-element elementor-element-bc66d21 e-con-full event-card e-flex e-con e-child\" data-id=\"bc66d21\" data-element_type=\"container\" data-e-type=\"container\" data-settings=\"{&quot;background_background&quot;:&quot;classic&quot;}\">\n\t\t\t\t<div class=\"elementor-element elementor-element-d0a6ede elementor-widget elementor-widget-image\" data-id=\"d0a6ede\" data-element_type=\"widget\" data-e-type=\"widget\" data-widget_type=\"image.default\">\n\t\t\t\t\t\t\t\t\t\t\t\t\t\t\t<img decoding=\"async\" width=\"1366\" height=\"768\" src=\"https:\/\/rewaeu.com\/wp-content\/uploads\/2025\/09\/rewa-at-ifa-berlin-01.webp\" class=\"attachment-full size-full wp-image-3298\" alt=\"\" srcset=\"https:\/\/rewaeu.com\/wp-content\/uploads\/2025\/09\/rewa-at-ifa-berlin-01.webp 1366w, https:\/\/rewaeu.com\/wp-content\/uploads\/2025\/09\/rewa-at-ifa-berlin-01-800x450.webp 800w, https:\/\/rewaeu.com\/wp-content\/uploads\/2025\/09\/rewa-at-ifa-berlin-01-300x169.webp 300w, https:\/\/rewaeu.com\/wp-content\/uploads\/2025\/09\/rewa-at-ifa-berlin-01-1024x576.webp 1024w, https:\/\/rewaeu.com\/wp-content\/uploads\/2025\/09\/rewa-at-ifa-berlin-01-768x432.webp 768w, https:\/\/rewaeu.com\/wp-content\/uploads\/2025\/09\/rewa-at-ifa-berlin-01-18x10.webp 18w\" sizes=\"(max-width: 1366px) 100vw, 1366px\">\t\t\t\t\t\t\t\t\t\t\t\t\t\t\t<\/div>\n\t\t\t\t<div class=\"elementor-element elementor-element-27736f5 elementor-widget elementor-widget-heading\" data-id=\"27736f5\" data-element_type=\"widget\" data-e-type=\"widget\" data-widget_type=\"heading.default\">\n\t\t\t\t\t<h2 class=\"elementor-heading-title elementor-size-default\">Redes sectoriales<\/h2>\t\t\t\t<\/div>\n\t\t\t\t<div class=\"elementor-element elementor-element-235b656 elementor-widget elementor-widget-heading\" data-id=\"235b656\" data-element_type=\"widget\" data-e-type=\"widget\" data-widget_type=\"heading.default\">\n\t\t\t\t\t<p class=\"elementor-heading-title elementor-size-default\">Conectar con socios y clientes en IFA Berl\u00edn para reforzar nuestra presencia europea.<\/p>\t\t\t\t<\/div>\n\t\t\t\t<\/div>\n\t\t<div class=\"elementor-element elementor-element-b4a847f e-con-full event-card e-flex e-con e-child\" data-id=\"b4a847f\" data-element_type=\"container\" data-e-type=\"container\" data-settings=\"{&quot;background_background&quot;:&quot;classic&quot;}\">\n\t\t\t\t<div class=\"elementor-element elementor-element-c73f30b elementor-widget elementor-widget-image\" data-id=\"c73f30b\" data-element_type=\"widget\" data-e-type=\"widget\" data-widget_type=\"image.default\">\n\t\t\t\t\t\t\t\t\t\t\t\t\t\t\t<img decoding=\"async\" width=\"1366\" height=\"768\" src=\"https:\/\/rewaeu.com\/wp-content\/uploads\/2025\/09\/rewa-at-ifa-berlin-02.webp\" class=\"attachment-full size-full wp-image-3299\" alt=\"\" srcset=\"https:\/\/rewaeu.com\/wp-content\/uploads\/2025\/09\/rewa-at-ifa-berlin-02.webp 1366w, https:\/\/rewaeu.com\/wp-content\/uploads\/2025\/09\/rewa-at-ifa-berlin-02-800x450.webp 800w, https:\/\/rewaeu.com\/wp-content\/uploads\/2025\/09\/rewa-at-ifa-berlin-02-300x169.webp 300w, https:\/\/rewaeu.com\/wp-content\/uploads\/2025\/09\/rewa-at-ifa-berlin-02-1024x576.webp 1024w, https:\/\/rewaeu.com\/wp-content\/uploads\/2025\/09\/rewa-at-ifa-berlin-02-768x432.webp 768w, https:\/\/rewaeu.com\/wp-content\/uploads\/2025\/09\/rewa-at-ifa-berlin-02-18x10.webp 18w\" sizes=\"(max-width: 1366px) 100vw, 1366px\">\t\t\t\t\t\t\t\t\t\t\t\t\t\t\t<\/div>\n\t\t\t\t<div class=\"elementor-element elementor-element-13d25a1 elementor-widget elementor-widget-heading\" data-id=\"13d25a1\" data-element_type=\"widget\" data-e-type=\"widget\" data-widget_type=\"heading.default\">\n\t\t\t\t\t<h2 class=\"elementor-heading-title elementor-size-default\">Escaparate de IFA Berl\u00edn<\/h2>\t\t\t\t<\/div>\n\t\t\t\t<div class=\"elementor-element elementor-element-aa6d525 elementor-widget elementor-widget-heading\" data-id=\"aa6d525\" data-element_type=\"widget\" data-e-type=\"widget\" data-widget_type=\"heading.default\">\n\t\t\t\t\t<p class=\"elementor-heading-title elementor-size-default\">Presentamos nuestras \u00faltimas soluciones y tecnolog\u00edas de reparaci\u00f3n en la feria de electr\u00f3nica de consumo m\u00e1s importante de Europa.<\/p>\t\t\t\t<\/div>\n\t\t\t\t<\/div>\n\t\t<div class=\"elementor-element elementor-element-1c4a3b1 e-con-full event-card e-flex e-con e-child\" data-id=\"1c4a3b1\" data-element_type=\"container\" data-e-type=\"container\" data-settings=\"{&quot;background_background&quot;:&quot;classic&quot;}\">\n\t\t\t\t<div class=\"elementor-element elementor-element-674795a elementor-widget elementor-widget-image\" data-id=\"674795a\" data-element_type=\"widget\" data-e-type=\"widget\" data-widget_type=\"image.default\">\n\t\t\t\t\t\t\t\t\t\t\t\t\t\t\t<img decoding=\"async\" width=\"1366\" height=\"768\" src=\"https:\/\/rewaeu.com\/wp-content\/uploads\/2025\/09\/rewa-at-ifa-berlin-03.webp\" class=\"attachment-full size-full wp-image-3300\" alt=\"\" srcset=\"https:\/\/rewaeu.com\/wp-content\/uploads\/2025\/09\/rewa-at-ifa-berlin-03.webp 1366w, https:\/\/rewaeu.com\/wp-content\/uploads\/2025\/09\/rewa-at-ifa-berlin-03-800x450.webp 800w, https:\/\/rewaeu.com\/wp-content\/uploads\/2025\/09\/rewa-at-ifa-berlin-03-300x169.webp 300w, https:\/\/rewaeu.com\/wp-content\/uploads\/2025\/09\/rewa-at-ifa-berlin-03-1024x576.webp 1024w, https:\/\/rewaeu.com\/wp-content\/uploads\/2025\/09\/rewa-at-ifa-berlin-03-768x432.webp 768w, https:\/\/rewaeu.com\/wp-content\/uploads\/2025\/09\/rewa-at-ifa-berlin-03-18x10.webp 18w\" sizes=\"(max-width: 1366px) 100vw, 1366px\">\t\t\t\t\t\t\t\t\t\t\t\t\t\t\t<\/div>\n\t\t\t\t<div class=\"elementor-element elementor-element-f28fc7d elementor-widget elementor-widget-heading\" data-id=\"f28fc7d\" data-element_type=\"widget\" data-e-type=\"widget\" data-widget_type=\"heading.default\">\n\t\t\t\t\t<h2 class=\"elementor-heading-title elementor-size-default\">Demostraci\u00f3n tecnol\u00f3gica<\/h2>\t\t\t\t<\/div>\n\t\t\t\t<div class=\"elementor-element elementor-element-5e1502c elementor-widget elementor-widget-heading\" data-id=\"5e1502c\" data-element_type=\"widget\" data-e-type=\"widget\" data-widget_type=\"heading.default\">\n\t\t\t\t\t<p class=\"elementor-heading-title elementor-size-default\">Presentaci\u00f3n de t\u00e9cnicas y equipos de reparaci\u00f3n de vanguardia a los l\u00edderes del mercado europeo.<\/p>\t\t\t\t<\/div>\n\t\t\t\t<\/div>\n\t\t<div class=\"elementor-element elementor-element-7778eeb e-con-full event-card e-flex e-con e-child\" data-id=\"7778eeb\" data-element_type=\"container\" data-e-type=\"container\" data-settings=\"{&quot;background_background&quot;:&quot;classic&quot;}\">\n\t\t\t\t<div class=\"elementor-element elementor-element-ffe437b elementor-widget elementor-widget-image\" data-id=\"ffe437b\" data-element_type=\"widget\" data-e-type=\"widget\" data-widget_type=\"image.default\">\n\t\t\t\t\t\t\t\t\t\t\t\t\t\t\t<img decoding=\"async\" width=\"1366\" height=\"768\" src=\"https:\/\/rewaeu.com\/wp-content\/uploads\/2025\/09\/REWA-EU-Ceremony.webp\" class=\"attachment-full size-full wp-image-3302\" alt=\"\" srcset=\"https:\/\/rewaeu.com\/wp-content\/uploads\/2025\/09\/REWA-EU-Ceremony.webp 1366w, https:\/\/rewaeu.com\/wp-content\/uploads\/2025\/09\/REWA-EU-Ceremony-800x450.webp 800w, https:\/\/rewaeu.com\/wp-content\/uploads\/2025\/09\/REWA-EU-Ceremony-300x169.webp 300w, https:\/\/rewaeu.com\/wp-content\/uploads\/2025\/09\/REWA-EU-Ceremony-1024x576.webp 1024w, https:\/\/rewaeu.com\/wp-content\/uploads\/2025\/09\/REWA-EU-Ceremony-768x432.webp 768w, https:\/\/rewaeu.com\/wp-content\/uploads\/2025\/09\/REWA-EU-Ceremony-18x10.webp 18w\" sizes=\"(max-width: 1366px) 100vw, 1366px\">\t\t\t\t\t\t\t\t\t\t\t\t\t\t\t<\/div>\n\t\t\t\t<div class=\"elementor-element elementor-element-28860e1 elementor-widget elementor-widget-heading\" data-id=\"28860e1\" data-element_type=\"widget\" data-e-type=\"widget\" data-widget_type=\"heading.default\">\n\t\t\t\t\t<h2 class=\"elementor-heading-title elementor-size-default\">Ceremonia de asociaci\u00f3n<\/h2>\t\t\t\t<\/div>\n\t\t\t\t<div class=\"elementor-element elementor-element-cd06cc3 elementor-widget elementor-widget-heading\" data-id=\"cd06cc3\" data-element_type=\"widget\" data-e-type=\"widget\" data-widget_type=\"heading.default\">\n\t\t\t\t\t<p class=\"elementor-heading-title elementor-size-default\">Formalizaci\u00f3n de la colaboraci\u00f3n entre REWA Tech y GSM Parts Center para servir al mercado europeo.<\/p>\t\t\t\t<\/div>\n\t\t\t\t<\/div>\n\t\t<div class=\"elementor-element elementor-element-f348e9c e-con-full event-card e-flex e-con e-child\" data-id=\"f348e9c\" data-element_type=\"container\" data-e-type=\"container\" data-settings=\"{&quot;background_background&quot;:&quot;classic&quot;}\">\n\t\t\t\t<div class=\"elementor-element elementor-element-cc1f598 elementor-widget elementor-widget-image\" data-id=\"cc1f598\" data-element_type=\"widget\" data-e-type=\"widget\" data-widget_type=\"image.default\">\n\t\t\t\t\t\t\t\t\t\t\t\t\t\t\t<img decoding=\"async\" width=\"1366\" height=\"768\" src=\"https:\/\/rewaeu.com\/wp-content\/uploads\/2025\/09\/rewa-eu-announcement.webp\" class=\"attachment-full size-full wp-image-3301\" alt=\"\" srcset=\"https:\/\/rewaeu.com\/wp-content\/uploads\/2025\/09\/rewa-eu-announcement.webp 1366w, https:\/\/rewaeu.com\/wp-content\/uploads\/2025\/09\/rewa-eu-announcement-800x450.webp 800w, https:\/\/rewaeu.com\/wp-content\/uploads\/2025\/09\/rewa-eu-announcement-300x169.webp 300w, https:\/\/rewaeu.com\/wp-content\/uploads\/2025\/09\/rewa-eu-announcement-1024x576.webp 1024w, https:\/\/rewaeu.com\/wp-content\/uploads\/2025\/09\/rewa-eu-announcement-768x432.webp 768w, https:\/\/rewaeu.com\/wp-content\/uploads\/2025\/09\/rewa-eu-announcement-18x10.webp 18w\" sizes=\"(max-width: 1366px) 100vw, 1366px\">\t\t\t\t\t\t\t\t\t\t\t\t\t\t\t<\/div>\n\t\t\t\t<div class=\"elementor-element elementor-element-3a01550 elementor-widget elementor-widget-heading\" data-id=\"3a01550\" data-element_type=\"widget\" data-e-type=\"widget\" data-widget_type=\"heading.default\">\n\t\t\t\t\t<h2 class=\"elementor-heading-title elementor-size-default\">Lanzamiento oficial<\/h2>\t\t\t\t<\/div>\n\t\t\t\t<div class=\"elementor-element elementor-element-173a481 elementor-widget elementor-widget-heading\" data-id=\"173a481\" data-element_type=\"widget\" data-e-type=\"widget\" data-widget_type=\"heading.default\">\n\t\t\t\t\t<p class=\"elementor-heading-title elementor-size-default\">Celebraci\u00f3n del anuncio oficial de REWA EU como empresa conjunta entre REWA Tech y GPC en Back Forum.<\/p>\t\t\t\t<\/div>\n\t\t\t\t<\/div>\n\t\t\t\t\t<\/div>\n\t\t\t\t<\/div>\n\t\t\t\t<\/div>","protected":false},"excerpt":{"rendered":"<p>About REWA EU REWA EU is\u00a0co-founded by REWA Tech, a globally recognized provider of electronics repair solutions based in China, and GSM Parts Center (GPC), a respected wholesale distributor in mobile phone spare parts and accessories headquartered in the Netherlands. As a joint venture\u00a0of REWA and GPC, we connect China&#8217;s robust supply chain with Europe&#8217;s&#8230;<\/p>","protected":false},"author":1,"featured_media":3080,"parent":0,"menu_order":0,"comment_status":"closed","ping_status":"closed","template":"","meta":{"_kad_blocks_custom_css":"","_kad_blocks_head_custom_js":"","_kad_blocks_body_custom_js":"","_kad_blocks_footer_custom_js":"","_kad_post_transparent":"","_kad_post_title":"","_kad_post_layout":"fullwidth","_kad_post_sidebar_id":"","_kad_post_content_style":"","_kad_post_vertical_padding":"","_kad_post_feature":"","_kad_post_feature_position":"","_kad_post_header":false,"_kad_post_footer":false,"_kad_post_classname":"","footnotes":""},"class_list":["post-1696","page","type-page","status-publish","has-post-thumbnail","hentry"],"taxonomy_info":[],"featured_image_src_large":["https:\/\/rewaeu.com\/wp-content\/uploads\/2025\/08\/rewa-team-1024x768.png",1024,768,true],"author_info":{"display_name":"tareqjhe1","author_link":"https:\/\/rewaeu.com\/es\/author\/tareqjhe1\/"},"comment_info":0,"_links":{"self":[{"href":"https:\/\/rewaeu.com\/es\/wp-json\/wp\/v2\/pages\/1696","targetHints":{"allow":["GET"]}}],"collection":[{"href":"https:\/\/rewaeu.com\/es\/wp-json\/wp\/v2\/pages"}],"about":[{"href":"https:\/\/rewaeu.com\/es\/wp-json\/wp\/v2\/types\/page"}],"author":[{"embeddable":true,"href":"https:\/\/rewaeu.com\/es\/wp-json\/wp\/v2\/users\/1"}],"replies":[{"embeddable":true,"href":"https:\/\/rewaeu.com\/es\/wp-json\/wp\/v2\/comments?post=1696"}],"version-history":[{"count":0,"href":"https:\/\/rewaeu.com\/es\/wp-json\/wp\/v2\/pages\/1696\/revisions"}],"wp:featuredmedia":[{"embeddable":true,"href":"https:\/\/rewaeu.com\/es\/wp-json\/wp\/v2\/media\/3080"}],"wp:attachment":[{"href":"https:\/\/rewaeu.com\/es\/wp-json\/wp\/v2\/media?parent=1696"}],"curies":[{"name":"wp","href":"https:\/\/api.w.org\/{rel}","templated":true}]}}