{"id":4223,"date":"2026-02-02T18:11:00","date_gmt":"2026-02-02T10:11:00","guid":{"rendered":"https:\/\/rewaeu.com\/?post_type=product&#038;p=4223"},"modified":"2026-02-02T18:32:27","modified_gmt":"2026-02-02T10:32:27","slug":"repart-ipad-akku-ersatz","status":"publish","type":"product","link":"https:\/\/rewaeu.com\/de\/product\/repart-ipad-battery-replacement\/","title":{"rendered":"REPART iPad Batteriewechsel"},"content":{"rendered":"<p>The REPART iPad Battery Replacement is designed to breathe new life into your iPad with enhanced performance and safety. It features <strong>strict material selection<\/strong>, combining a customized main control IC and high-quality cells to improve endurance. The <strong>ceramic separator<\/strong> boosts thermal stability, while <strong>multiple protections<\/strong> ensure safe charging without worries.<\/p>\n\n\n\n<p>This battery supports <strong>fast charging<\/strong> without harming your device and maintains normal operation in extreme temperatures ranging from -20 to 50\u00b0C. With a <strong>30% increase in power output<\/strong>, a conversion rate of up to <strong>95%<\/strong>, and a <strong>50% performance boost<\/strong>, it lets you enjoy more articles, games, and episodes on your iPad.<\/p>\n\n\n<style>.wp-block-kadence-advancedgallery .kb-gallery-type-masonry.kb-gallery-id-4223_cd95a1-38{margin:-0px;}.kb-gallery-type-masonry.kb-gallery-id-4223_cd95a1-38 .kadence-blocks-gallery-item{padding:0px;}.kb-gallery-id-4223_cd95a1-38 .kadence-blocks-gallery-item .kb-gal-image-radius, .kb-gallery-id-4223_cd95a1-38 .kb-slide-item .kb-gal-image-radius img{border-radius:0px 0px 0px 0px;;}<\/style><div class=\"kb-gallery-wrap-id-4223_cd95a1-38 alignnone wp-block-kadence-advancedgallery\"><ul class=\"kb-gallery-ul kb-gallery-non-static kb-gallery-type-masonry kb-masonry-init kb-gallery-id-4223_cd95a1-38 kb-gallery-caption-style-bottom-hover kb-gallery-filter-none kb-gallery-magnific-init\" data-image-filter=\"none\" data-item-selector=\".kadence-blocks-gallery-item\" data-lightbox-caption=\"true\" data-columns-xxl=\"1\" data-columns-xl=\"1\" data-columns-md=\"1\" data-columns-sm=\"1\" data-columns-xs=\"1\" data-columns-ss=\"1\"><li class=\"kadence-blocks-gallery-item\"><div class=\"kadence-blocks-gallery-item-inner\"><figure class=\"kb-gallery-figure kb-gallery-item-has-link kadence-blocks-gallery-item-hide-caption\"><a href=\"https:\/\/rewaeu.com\/wp-content\/uploads\/2026\/02\/repart-ipad-battery-details-page-pc-01.webp\" class=\"kb-gallery-item-link\"   role=\"button\" aria-haspopup=\"dialog\"><div class=\"kb-gal-image-radius\" style=\"max-width:1536px;\"><div class=\"kb-gallery-image-contain kadence-blocks-gallery-intrinsic\" style=\"padding-bottom:58%;\"><img decoding=\"async\" src=\"https:\/\/rewaeu.com\/wp-content\/uploads\/2026\/02\/repart-ipad-battery-details-page-pc-01-1536x902.webp\" width=\"1536\" height=\"902\" alt=\"\" data-full-image=\"https:\/\/rewaeu.com\/wp-content\/uploads\/2026\/02\/repart-ipad-battery-details-page-pc-01.webp\" data-light-image=\"https:\/\/rewaeu.com\/wp-content\/uploads\/2026\/02\/repart-ipad-battery-details-page-pc-01.webp\" data-id=\"4224\" class=\"wp-image-4224\" srcset=\"https:\/\/rewaeu.com\/wp-content\/uploads\/2026\/02\/repart-ipad-battery-details-page-pc-01-1536x902.webp 1536w, https:\/\/rewaeu.com\/wp-content\/uploads\/2026\/02\/repart-ipad-battery-details-page-pc-01-300x176.webp 300w, https:\/\/rewaeu.com\/wp-content\/uploads\/2026\/02\/repart-ipad-battery-details-page-pc-01-1024x602.webp 1024w, https:\/\/rewaeu.com\/wp-content\/uploads\/2026\/02\/repart-ipad-battery-details-page-pc-01-768x451.webp 768w, https:\/\/rewaeu.com\/wp-content\/uploads\/2026\/02\/repart-ipad-battery-details-page-pc-01-18x12.webp 18w, https:\/\/rewaeu.com\/wp-content\/uploads\/2026\/02\/repart-ipad-battery-details-page-pc-01-800x470.webp 800w, https:\/\/rewaeu.com\/wp-content\/uploads\/2026\/02\/repart-ipad-battery-details-page-pc-01.webp 1600w\" sizes=\"(max-width: 1536px) 100vw, 1536px\" \/><\/div><\/div><\/a><\/figure><\/div><\/li><li class=\"kadence-blocks-gallery-item\"><div class=\"kadence-blocks-gallery-item-inner\"><figure class=\"kb-gallery-figure kb-gallery-item-has-link kadence-blocks-gallery-item-hide-caption\"><a href=\"https:\/\/rewaeu.com\/wp-content\/uploads\/2026\/02\/repart-ipad-battery-details-page-pc-02.webp\" class=\"kb-gallery-item-link\"   role=\"button\" aria-haspopup=\"dialog\"><div class=\"kb-gal-image-radius\" style=\"max-width:1536px;\"><div class=\"kb-gallery-image-contain kadence-blocks-gallery-intrinsic\" style=\"padding-bottom:58%;\"><img decoding=\"async\" src=\"https:\/\/rewaeu.com\/wp-content\/uploads\/2026\/02\/repart-ipad-battery-details-page-pc-02-1536x902.webp\" width=\"1536\" height=\"902\" alt=\"\" data-full-image=\"https:\/\/rewaeu.com\/wp-content\/uploads\/2026\/02\/repart-ipad-battery-details-page-pc-02.webp\" data-light-image=\"https:\/\/rewaeu.com\/wp-content\/uploads\/2026\/02\/repart-ipad-battery-details-page-pc-02.webp\" data-id=\"4225\" class=\"wp-image-4225\" srcset=\"https:\/\/rewaeu.com\/wp-content\/uploads\/2026\/02\/repart-ipad-battery-details-page-pc-02-1536x902.webp 1536w, https:\/\/rewaeu.com\/wp-content\/uploads\/2026\/02\/repart-ipad-battery-details-page-pc-02-300x176.webp 300w, https:\/\/rewaeu.com\/wp-content\/uploads\/2026\/02\/repart-ipad-battery-details-page-pc-02-1024x602.webp 1024w, https:\/\/rewaeu.com\/wp-content\/uploads\/2026\/02\/repart-ipad-battery-details-page-pc-02-768x451.webp 768w, https:\/\/rewaeu.com\/wp-content\/uploads\/2026\/02\/repart-ipad-battery-details-page-pc-02-18x12.webp 18w, https:\/\/rewaeu.com\/wp-content\/uploads\/2026\/02\/repart-ipad-battery-details-page-pc-02-800x470.webp 800w, https:\/\/rewaeu.com\/wp-content\/uploads\/2026\/02\/repart-ipad-battery-details-page-pc-02.webp 1600w\" sizes=\"(max-width: 1536px) 100vw, 1536px\" \/><\/div><\/div><\/a><\/figure><\/div><\/li><li class=\"kadence-blocks-gallery-item\"><div class=\"kadence-blocks-gallery-item-inner\"><figure class=\"kb-gallery-figure kb-gallery-item-has-link kadence-blocks-gallery-item-hide-caption\"><a href=\"https:\/\/rewaeu.com\/wp-content\/uploads\/2026\/02\/repart-ipad-battery-details-page-pc-03.webp\" class=\"kb-gallery-item-link\"   role=\"button\" aria-haspopup=\"dialog\"><div class=\"kb-gal-image-radius\" style=\"max-width:1536px;\"><div class=\"kb-gallery-image-contain kadence-blocks-gallery-intrinsic\" style=\"padding-bottom:58%;\"><img decoding=\"async\" src=\"https:\/\/rewaeu.com\/wp-content\/uploads\/2026\/02\/repart-ipad-battery-details-page-pc-03-1536x902.webp\" width=\"1536\" height=\"902\" alt=\"\" data-full-image=\"https:\/\/rewaeu.com\/wp-content\/uploads\/2026\/02\/repart-ipad-battery-details-page-pc-03.webp\" data-light-image=\"https:\/\/rewaeu.com\/wp-content\/uploads\/2026\/02\/repart-ipad-battery-details-page-pc-03.webp\" data-id=\"4226\" class=\"wp-image-4226\" srcset=\"https:\/\/rewaeu.com\/wp-content\/uploads\/2026\/02\/repart-ipad-battery-details-page-pc-03-1536x902.webp 1536w, https:\/\/rewaeu.com\/wp-content\/uploads\/2026\/02\/repart-ipad-battery-details-page-pc-03-300x176.webp 300w, https:\/\/rewaeu.com\/wp-content\/uploads\/2026\/02\/repart-ipad-battery-details-page-pc-03-1024x602.webp 1024w, https:\/\/rewaeu.com\/wp-content\/uploads\/2026\/02\/repart-ipad-battery-details-page-pc-03-768x451.webp 768w, https:\/\/rewaeu.com\/wp-content\/uploads\/2026\/02\/repart-ipad-battery-details-page-pc-03-18x12.webp 18w, https:\/\/rewaeu.com\/wp-content\/uploads\/2026\/02\/repart-ipad-battery-details-page-pc-03-800x470.webp 800w, https:\/\/rewaeu.com\/wp-content\/uploads\/2026\/02\/repart-ipad-battery-details-page-pc-03.webp 1600w\" sizes=\"(max-width: 1536px) 100vw, 1536px\" \/><\/div><\/div><\/a><\/figure><\/div><\/li><li class=\"kadence-blocks-gallery-item\"><div class=\"kadence-blocks-gallery-item-inner\"><figure class=\"kb-gallery-figure kb-gallery-item-has-link kadence-blocks-gallery-item-hide-caption\"><a href=\"https:\/\/rewaeu.com\/wp-content\/uploads\/2026\/02\/repart-ipad-battery-details-page-pc-04.webp\" class=\"kb-gallery-item-link\"   role=\"button\" aria-haspopup=\"dialog\"><div class=\"kb-gal-image-radius\" style=\"max-width:1536px;\"><div class=\"kb-gallery-image-contain kadence-blocks-gallery-intrinsic\" style=\"padding-bottom:58%;\"><img decoding=\"async\" src=\"https:\/\/rewaeu.com\/wp-content\/uploads\/2026\/02\/repart-ipad-battery-details-page-pc-04-1536x902.webp\" width=\"1536\" height=\"902\" alt=\"\" data-full-image=\"https:\/\/rewaeu.com\/wp-content\/uploads\/2026\/02\/repart-ipad-battery-details-page-pc-04.webp\" data-light-image=\"https:\/\/rewaeu.com\/wp-content\/uploads\/2026\/02\/repart-ipad-battery-details-page-pc-04.webp\" data-id=\"4227\" class=\"wp-image-4227\" srcset=\"https:\/\/rewaeu.com\/wp-content\/uploads\/2026\/02\/repart-ipad-battery-details-page-pc-04-1536x902.webp 1536w, https:\/\/rewaeu.com\/wp-content\/uploads\/2026\/02\/repart-ipad-battery-details-page-pc-04-300x176.webp 300w, https:\/\/rewaeu.com\/wp-content\/uploads\/2026\/02\/repart-ipad-battery-details-page-pc-04-1024x602.webp 1024w, https:\/\/rewaeu.com\/wp-content\/uploads\/2026\/02\/repart-ipad-battery-details-page-pc-04-768x451.webp 768w, https:\/\/rewaeu.com\/wp-content\/uploads\/2026\/02\/repart-ipad-battery-details-page-pc-04-18x12.webp 18w, https:\/\/rewaeu.com\/wp-content\/uploads\/2026\/02\/repart-ipad-battery-details-page-pc-04-800x470.webp 800w, https:\/\/rewaeu.com\/wp-content\/uploads\/2026\/02\/repart-ipad-battery-details-page-pc-04.webp 1600w\" sizes=\"(max-width: 1536px) 100vw, 1536px\" \/><\/div><\/div><\/a><\/figure><\/div><\/li><li class=\"kadence-blocks-gallery-item\"><div class=\"kadence-blocks-gallery-item-inner\"><figure class=\"kb-gallery-figure kb-gallery-item-has-link kadence-blocks-gallery-item-hide-caption\"><a href=\"https:\/\/rewaeu.com\/wp-content\/uploads\/2026\/02\/repart-ipad-battery-details-page-pc-05.webp\" class=\"kb-gallery-item-link\"   role=\"button\" aria-haspopup=\"dialog\"><div class=\"kb-gal-image-radius\" style=\"max-width:1536px;\"><div class=\"kb-gallery-image-contain kadence-blocks-gallery-intrinsic\" style=\"padding-bottom:58%;\"><img decoding=\"async\" src=\"https:\/\/rewaeu.com\/wp-content\/uploads\/2026\/02\/repart-ipad-battery-details-page-pc-05-1536x902.webp\" width=\"1536\" height=\"902\" alt=\"\" data-full-image=\"https:\/\/rewaeu.com\/wp-content\/uploads\/2026\/02\/repart-ipad-battery-details-page-pc-05.webp\" data-light-image=\"https:\/\/rewaeu.com\/wp-content\/uploads\/2026\/02\/repart-ipad-battery-details-page-pc-05.webp\" data-id=\"4228\" class=\"wp-image-4228\" srcset=\"https:\/\/rewaeu.com\/wp-content\/uploads\/2026\/02\/repart-ipad-battery-details-page-pc-05-1536x902.webp 1536w, https:\/\/rewaeu.com\/wp-content\/uploads\/2026\/02\/repart-ipad-battery-details-page-pc-05-300x176.webp 300w, https:\/\/rewaeu.com\/wp-content\/uploads\/2026\/02\/repart-ipad-battery-details-page-pc-05-1024x602.webp 1024w, https:\/\/rewaeu.com\/wp-content\/uploads\/2026\/02\/repart-ipad-battery-details-page-pc-05-768x451.webp 768w, https:\/\/rewaeu.com\/wp-content\/uploads\/2026\/02\/repart-ipad-battery-details-page-pc-05-18x12.webp 18w, https:\/\/rewaeu.com\/wp-content\/uploads\/2026\/02\/repart-ipad-battery-details-page-pc-05-800x470.webp 800w, https:\/\/rewaeu.com\/wp-content\/uploads\/2026\/02\/repart-ipad-battery-details-page-pc-05.webp 1600w\" sizes=\"(max-width: 1536px) 100vw, 1536px\" \/><\/div><\/div><\/a><\/figure><\/div><\/li><li class=\"kadence-blocks-gallery-item\"><div class=\"kadence-blocks-gallery-item-inner\"><figure class=\"kb-gallery-figure kb-gallery-item-has-link kadence-blocks-gallery-item-hide-caption\"><a href=\"https:\/\/rewaeu.com\/wp-content\/uploads\/2026\/02\/repart-ipad-battery-details-page-pc-06.webp\" class=\"kb-gallery-item-link\"   role=\"button\" aria-haspopup=\"dialog\"><div class=\"kb-gal-image-radius\" style=\"max-width:1536px;\"><div class=\"kb-gallery-image-contain kadence-blocks-gallery-intrinsic\" style=\"padding-bottom:58%;\"><img decoding=\"async\" src=\"https:\/\/rewaeu.com\/wp-content\/uploads\/2026\/02\/repart-ipad-battery-details-page-pc-06-1536x902.webp\" width=\"1536\" height=\"902\" alt=\"\" data-full-image=\"https:\/\/rewaeu.com\/wp-content\/uploads\/2026\/02\/repart-ipad-battery-details-page-pc-06.webp\" data-light-image=\"https:\/\/rewaeu.com\/wp-content\/uploads\/2026\/02\/repart-ipad-battery-details-page-pc-06.webp\" data-id=\"4229\" class=\"wp-image-4229\" srcset=\"https:\/\/rewaeu.com\/wp-content\/uploads\/2026\/02\/repart-ipad-battery-details-page-pc-06-1536x902.webp 1536w, https:\/\/rewaeu.com\/wp-content\/uploads\/2026\/02\/repart-ipad-battery-details-page-pc-06-300x176.webp 300w, https:\/\/rewaeu.com\/wp-content\/uploads\/2026\/02\/repart-ipad-battery-details-page-pc-06-1024x602.webp 1024w, https:\/\/rewaeu.com\/wp-content\/uploads\/2026\/02\/repart-ipad-battery-details-page-pc-06-768x451.webp 768w, https:\/\/rewaeu.com\/wp-content\/uploads\/2026\/02\/repart-ipad-battery-details-page-pc-06-18x12.webp 18w, https:\/\/rewaeu.com\/wp-content\/uploads\/2026\/02\/repart-ipad-battery-details-page-pc-06-800x470.webp 800w, https:\/\/rewaeu.com\/wp-content\/uploads\/2026\/02\/repart-ipad-battery-details-page-pc-06.webp 1600w\" sizes=\"(max-width: 1536px) 100vw, 1536px\" \/><\/div><\/div><\/a><\/figure><\/div><\/li><li class=\"kadence-blocks-gallery-item\"><div class=\"kadence-blocks-gallery-item-inner\"><figure class=\"kb-gallery-figure kb-gallery-item-has-link kadence-blocks-gallery-item-hide-caption\"><a href=\"https:\/\/rewaeu.com\/wp-content\/uploads\/2026\/02\/repart-ipad-battery-details-page-pc-07.webp\" class=\"kb-gallery-item-link\"   role=\"button\" aria-haspopup=\"dialog\"><div class=\"kb-gal-image-radius\" style=\"max-width:1536px;\"><div class=\"kb-gallery-image-contain kadence-blocks-gallery-intrinsic\" style=\"padding-bottom:58%;\"><img decoding=\"async\" src=\"https:\/\/rewaeu.com\/wp-content\/uploads\/2026\/02\/repart-ipad-battery-details-page-pc-07-1536x902.webp\" width=\"1536\" height=\"902\" alt=\"\" data-full-image=\"https:\/\/rewaeu.com\/wp-content\/uploads\/2026\/02\/repart-ipad-battery-details-page-pc-07.webp\" data-light-image=\"https:\/\/rewaeu.com\/wp-content\/uploads\/2026\/02\/repart-ipad-battery-details-page-pc-07.webp\" data-id=\"4230\" class=\"wp-image-4230\" srcset=\"https:\/\/rewaeu.com\/wp-content\/uploads\/2026\/02\/repart-ipad-battery-details-page-pc-07-1536x902.webp 1536w, https:\/\/rewaeu.com\/wp-content\/uploads\/2026\/02\/repart-ipad-battery-details-page-pc-07-300x176.webp 300w, https:\/\/rewaeu.com\/wp-content\/uploads\/2026\/02\/repart-ipad-battery-details-page-pc-07-1024x602.webp 1024w, https:\/\/rewaeu.com\/wp-content\/uploads\/2026\/02\/repart-ipad-battery-details-page-pc-07-768x451.webp 768w, https:\/\/rewaeu.com\/wp-content\/uploads\/2026\/02\/repart-ipad-battery-details-page-pc-07-18x12.webp 18w, https:\/\/rewaeu.com\/wp-content\/uploads\/2026\/02\/repart-ipad-battery-details-page-pc-07-800x470.webp 800w, https:\/\/rewaeu.com\/wp-content\/uploads\/2026\/02\/repart-ipad-battery-details-page-pc-07.webp 1600w\" sizes=\"(max-width: 1536px) 100vw, 1536px\" \/><\/div><\/div><\/a><\/figure><\/div><\/li><\/ul><\/div>","protected":false},"excerpt":{"rendered":"<p>Die REPART iPad Ersatzbatterie wurde entwickelt, um Ihrem iPad mit verbesserter Leistung und Sicherheit neues Leben einzuhauchen. Sie zeichnet sich durch eine strenge Materialauswahl aus und kombiniert einen ma\u00dfgeschneiderten Hauptsteuer-IC mit hochwertigen Zellen, um die Ausdauer zu verbessern. Der keramische Separator erh\u00f6ht die thermische Stabilit\u00e4t, w\u00e4hrend mehrere Schutzmechanismen f\u00fcr ein sicheres und sorgenfreies Laden sorgen. Dieser Akku unterst\u00fctzt Schnellladung...<\/p>","protected":false},"featured_media":4252,"template":"","meta":{"_kad_blocks_custom_css":"","_kad_blocks_head_custom_js":"","_kad_blocks_body_custom_js":"","_kad_blocks_footer_custom_js":"","_kad_post_transparent":"","_kad_post_title":"","_kad_post_layout":"","_kad_post_sidebar_id":"","_kad_post_content_style":"","_kad_post_vertical_padding":"","_kad_post_feature":"","_kad_post_feature_position":"","_kad_post_header":false,"_kad_post_footer":false,"_kad_post_classname":""},"product_brand":[46],"product_cat":[141,149],"product_tag":[150],"class_list":{"0":"post-4223","1":"product","2":"type-product","3":"status-publish","4":"has-post-thumbnail","6":"product_brand-repart","7":"product_cat-ipad","8":"product_cat-battery-replacement","9":"product_tag-battery-replacement","11":"first","12":"instock","13":"shipping-taxable","14":"purchasable","15":"product-type-variable","16":"has-default-attributes","17":"entry","18":"content-bg","19":"loop-entry"},"taxonomy_info":{"product_brand":[{"value":46,"label":"REPART"}],"product_cat":[{"value":141,"label":"iPad"},{"value":149,"label":"Battery Replacement"}],"product_tag":[{"value":150,"label":"battery replacement"}]},"featured_image_src_large":["https:\/\/rewaeu.com\/wp-content\/uploads\/2026\/02\/repart-ipad-12.9-inch-5th-6th-battery-replacement-1024x1024.webp",1024,1024,true],"author_info":[],"comment_info":"","_links":{"self":[{"href":"https:\/\/rewaeu.com\/de\/wp-json\/wp\/v2\/product\/4223","targetHints":{"allow":["GET"]}}],"collection":[{"href":"https:\/\/rewaeu.com\/de\/wp-json\/wp\/v2\/product"}],"about":[{"href":"https:\/\/rewaeu.com\/de\/wp-json\/wp\/v2\/types\/product"}],"version-history":[{"count":0,"href":"https:\/\/rewaeu.com\/de\/wp-json\/wp\/v2\/product\/4223\/revisions"}],"wp:featuredmedia":[{"embeddable":true,"href":"https:\/\/rewaeu.com\/de\/wp-json\/wp\/v2\/media\/4252"}],"wp:attachment":[{"href":"https:\/\/rewaeu.com\/de\/wp-json\/wp\/v2\/media?parent=4223"}],"wp:term":[{"taxonomy":"product_brand","embeddable":true,"href":"https:\/\/rewaeu.com\/de\/wp-json\/wp\/v2\/product_brand?post=4223"},{"taxonomy":"product_cat","embeddable":true,"href":"https:\/\/rewaeu.com\/de\/wp-json\/wp\/v2\/product_cat?post=4223"},{"taxonomy":"product_tag","embeddable":true,"href":"https:\/\/rewaeu.com\/de\/wp-json\/wp\/v2\/product_tag?post=4223"}],"curies":[{"name":"wp","href":"https:\/\/api.w.org\/{rel}","templated":true}]}}